{"id":23390,"date":"2023-09-21T15:51:26","date_gmt":"2023-09-21T15:51:26","guid":{"rendered":"https:\/\/tinyknit.eu\/product\/sin%20categor\u00eda\/soft-pillow-for-kids-rainbow-3\/"},"modified":"2025-04-05T18:57:21","modified_gmt":"2025-04-05T18:57:21","slug":"soft-pillow-for-kids-rainbow-3","status":"publish","type":"product","link":"https:\/\/tinyknit.eu\/es\/product\/decoracion-para-el-hogar\/soft-pillow-for-kids-rainbow-3\/","title":{"rendered":"Almohada Suave para Ni\u00f1os &#8211; Arco\u00edris"},"content":{"rendered":"<p>Las almohadas suaves pueden ser el complemento perfecto para una habitaci\u00f3n de beb\u00e9 sencilla y discreta. Al colocarlas en la cama o cuna del ni\u00f1o, puedes realzar el dise\u00f1o general con un toque de elegancia. Los hermosos colores naturales de las almohadas tambi\u00e9n crear\u00e1n una atm\u00f3sfera c\u00e1lida y acogedora en tu hogar.<\/p>\n<p><strong>Caracter\u00edsticas:<\/strong><\/p>\n<ul>\n<li>La almohada puede enriquecer las sensaciones t\u00e1ctiles, ya que combina hilos de diferentes texturas, lo que resultar\u00e1 interesante para el ni\u00f1o y le ayudar\u00e1 a aprender sobre el mundo que lo rodea.<\/li>\n<li>Todas las almohadas est\u00e1n hechas con materiales hipoalerg\u00e9nicos, lo que las hace seguras para los ni\u00f1os.<\/li>\n<li>Una almohada puede convertirse en un complemento interesante para la decoraci\u00f3n del dormitorio infantil.<\/li>\n<\/ul>\n<p><strong>Tama\u00f1o:<\/strong> aprox. 31 x 27 cm<br \/>\n<strong>Material:<\/strong> Este art\u00edculo est\u00e1 hecho a mano con hilo de algod\u00f3n y felpa hipoalerg\u00e9nicos. Est\u00e1 relleno con holofibra y se elabora en un hogar libre de humo y mascotas.<\/p>\n<p><strong>Fabricado en Estonia, Uni\u00f3n Europea.<\/strong><\/p>\n<p><strong>El set contiene:<\/strong><\/p>\n<ul>\n<li>1x Almohada Suave<\/li>\n<\/ul>\n<p><strong>\u00a1El Regalo Perfecto para el Beb\u00e9!<\/strong><br \/>\nEmpaque listo para regalar, ideal para un baby shower, registro de beb\u00e9 o celebraci\u00f3n de cumplea\u00f1os.<\/p>\n<p><strong>Recomendaciones de cuidado:<\/strong><\/p>\n<ul>\n<li>Para evitar reacciones al\u00e9rgicas, utiliza detergentes l\u00edquidos e hipoalerg\u00e9nicos.<\/li>\n<li>Lava en la lavadora usando un ciclo delicado, a una temperatura de 30 grados durante 30 minutos.<\/li>\n<li>Despu\u00e9s del lavado, coloca el juguete en posici\u00f3n horizontal para que se seque.<\/li>\n<\/ul>\n","protected":false},"excerpt":{"rendered":"<p>Las almohadas suaves pueden ser el complemento perfecto para una habitaci\u00f3n de beb\u00e9 sencilla y discreta. Al colocarlas en la cama o cuna del ni\u00f1o, puedes realzar el dise\u00f1o general con un toque de elegancia. Los hermosos colores naturales de las almohadas tambi\u00e9n crear\u00e1n una atm\u00f3sfera c\u00e1lida y acogedora en tu hogar.<\/p>\n","protected":false},"featured_media":23394,"comment_status":"open","ping_status":"closed","template":"","meta":[],"product_brand":[],"product_cat":[530,531],"product_tag":[],"class_list":{"0":"post-23390","1":"product","2":"type-product","3":"status-publish","4":"has-post-thumbnail","6":"product_cat-decoracion-para-el-hogar","7":"product_cat-hecho-por-encargo","9":"first","10":"onbackorder","11":"taxable","12":"shipping-taxable","13":"purchasable","14":"product-type-simple"},"_links":{"self":[{"href":"https:\/\/tinyknit.eu\/es\/wp-json\/wp\/v2\/product\/23390","targetHints":{"allow":["GET"]}}],"collection":[{"href":"https:\/\/tinyknit.eu\/es\/wp-json\/wp\/v2\/product"}],"about":[{"href":"https:\/\/tinyknit.eu\/es\/wp-json\/wp\/v2\/types\/product"}],"replies":[{"embeddable":true,"href":"https:\/\/tinyknit.eu\/es\/wp-json\/wp\/v2\/comments?post=23390"}],"version-history":[{"count":1,"href":"https:\/\/tinyknit.eu\/es\/wp-json\/wp\/v2\/product\/23390\/revisions"}],"predecessor-version":[{"id":23395,"href":"https:\/\/tinyknit.eu\/es\/wp-json\/wp\/v2\/product\/23390\/revisions\/23395"}],"wp:featuredmedia":[{"embeddable":true,"href":"https:\/\/tinyknit.eu\/es\/wp-json\/wp\/v2\/media\/23394"}],"wp:attachment":[{"href":"https:\/\/tinyknit.eu\/es\/wp-json\/wp\/v2\/media?parent=23390"}],"wp:term":[{"taxonomy":"product_brand","embeddable":true,"href":"https:\/\/tinyknit.eu\/es\/wp-json\/wp\/v2\/product_brand?post=23390"},{"taxonomy":"product_cat","embeddable":true,"href":"https:\/\/tinyknit.eu\/es\/wp-json\/wp\/v2\/product_cat?post=23390"},{"taxonomy":"product_tag","embeddable":true,"href":"https:\/\/tinyknit.eu\/es\/wp-json\/wp\/v2\/product_tag?post=23390"}],"curies":[{"name":"wp","href":"https:\/\/api.w.org\/{rel}","templated":true}]}}