{"id":23385,"date":"2023-10-08T18:05:28","date_gmt":"2023-10-08T18:05:28","guid":{"rendered":"https:\/\/tinyknit.eu\/product\/sin%20categor\u00eda\/fall-decor-autumn-aesthetic-crochet-pumpkin-large\/"},"modified":"2025-04-05T18:57:11","modified_gmt":"2025-04-05T18:57:11","slug":"decoracion-de-otono-estetica-de-otono-calabaza-de-crochet-grande","status":"publish","type":"product","link":"https:\/\/tinyknit.eu\/es\/product\/decoracion-para-el-hogar\/decoracion-de-otono-estetica-de-otono-calabaza-de-crochet-grande\/","title":{"rendered":"Decoraci\u00f3n de Oto\u00f1o, Est\u00e9tica de Oto\u00f1o &#8211; Calabaza de Crochet, Grande"},"content":{"rendered":"<div class=\"flex-1 overflow-hidden\">\n<div class=\"react-scroll-to-bottom--css-puqei-79elbk h-full dark:bg-gray-800\">\n<div class=\"react-scroll-to-bottom--css-puqei-1n7m0yu\">\n<div class=\"flex flex-col text-sm dark:bg-gray-800\">\n<div class=\"group w-full text-token-text-primary border-b border-black\/10 gizmo:border-0 dark:border-gray-900\/50 gizmo:dark:border-0 bg-gray-50 gizmo:bg-transparent dark:bg-[#444654] gizmo:dark:bg-transparent\" data-testid=\"conversation-turn-9\">\n<div class=\"p-4 justify-center text-base md:gap-6 md:py-6 m-auto\">\n<div class=\"flex flex-1 gap-4 text-base mx-auto md:gap-6 gizmo:gap-3 gizmo:md:px-5 gizmo:lg:px-1 gizmo:xl:px-5 md:max-w-2xl lg:max-w-[38rem] gizmo:md:max-w-3xl gizmo:lg:max-w-[40rem] gizmo:xl:max-w-[48rem] xl:max-w-3xl }\">\n<div class=\"relative flex w-[calc(100%-50px)] flex-col gap-1 gizmo:w-full md:gap-3 lg:w-[calc(100%-115px)] agent-turn\">\n<div class=\"flex flex-grow flex-col gap-3 max-w-full\">\n<div class=\"min-h-[20px] flex flex-col items-start gap-3 whitespace-pre-wrap break-words overflow-x-auto\">\n<div class=\"markdown prose w-full break-words dark:prose-invert light\">\n<p>Las calabazas tejidas a crochet son una elecci\u00f3n perfecta para decorar tu hogar durante la temporada de oto\u00f1o y Halloween. Los encantadores colores naturales de estas calabazas llenar\u00e1n tu hogar con una atm\u00f3sfera c\u00e1lida y acogedora. Puedes utilizarlas como decoraciones en cualquier lugar donde desees evocar la esencia del oto\u00f1o. Adem\u00e1s, las calabazas pueden ser un regalo maravilloso para tus seres queridos.<\/p>\n<p><strong>Caracter\u00edsticas:<\/strong><\/p>\n<ul>\n<li>Todos los juguetes est\u00e1n hechos con materiales hipoalerg\u00e9nicos, lo que los hace seguros para los ni\u00f1os.<\/li>\n<li>Un juguete puede convertirse en un complemento interesante para la decoraci\u00f3n del dormitorio infantil.<\/li>\n<\/ul>\n<p><strong>Tama\u00f1o:<\/strong> aprox. 27 x 20 cm<br \/>\n<strong>Material:<\/strong> Este art\u00edculo est\u00e1 hecho a mano con hilo de algod\u00f3n y felpa hipoalerg\u00e9nicos. Est\u00e1 relleno con holofibra y se elabora en un hogar libre de humo y mascotas.<\/p>\n<p><strong>Fabricado en Estonia, Uni\u00f3n Europea.<\/strong><\/p>\n<p><strong>El set contiene:<\/strong><\/p>\n<ul>\n<li>1x Calabaza de Crochet<\/li>\n<\/ul>\n<p><strong>Recomendaciones de cuidado:<\/strong><\/p>\n<ul>\n<li>Para evitar reacciones al\u00e9rgicas, utiliza detergentes l\u00edquidos e hipoalerg\u00e9nicos.<\/li>\n<li>Lava en la lavadora usando un ciclo delicado, a una temperatura de 30 grados durante 30 minutos.<\/li>\n<li>Despu\u00e9s del lavado, coloca el juguete en posici\u00f3n horizontal para que se seque.<\/li>\n<\/ul>\n<\/div>\n<\/div>\n<\/div>\n<\/div>\n<\/div>\n<\/div>\n<\/div>\n<\/div>\n<\/div>\n<\/div>\n<\/div>\n","protected":false},"excerpt":{"rendered":"<p>Las calabazas tejidas a crochet son una elecci\u00f3n perfecta para decorar tu hogar durante la temporada de oto\u00f1o y Halloween. Los encantadores colores naturales de estas calabazas llenar\u00e1n tu hogar con una atm\u00f3sfera c\u00e1lida y acogedora. Puedes utilizarlas como decoraciones en cualquier lugar donde desees evocar la esencia del oto\u00f1o. Adem\u00e1s, las calabazas pueden ser un regalo maravilloso para tus seres queridos.<\/p>\n","protected":false},"featured_media":23388,"comment_status":"open","ping_status":"closed","template":"","meta":[],"product_brand":[],"product_cat":[530],"product_tag":[],"class_list":{"0":"post-23385","1":"product","2":"type-product","3":"status-publish","4":"has-post-thumbnail","6":"product_cat-decoracion-para-el-hogar","8":"first","9":"onbackorder","10":"taxable","11":"shipping-taxable","12":"purchasable","13":"product-type-simple"},"_links":{"self":[{"href":"https:\/\/tinyknit.eu\/es\/wp-json\/wp\/v2\/product\/23385","targetHints":{"allow":["GET"]}}],"collection":[{"href":"https:\/\/tinyknit.eu\/es\/wp-json\/wp\/v2\/product"}],"about":[{"href":"https:\/\/tinyknit.eu\/es\/wp-json\/wp\/v2\/types\/product"}],"replies":[{"embeddable":true,"href":"https:\/\/tinyknit.eu\/es\/wp-json\/wp\/v2\/comments?post=23385"}],"version-history":[{"count":1,"href":"https:\/\/tinyknit.eu\/es\/wp-json\/wp\/v2\/product\/23385\/revisions"}],"predecessor-version":[{"id":23389,"href":"https:\/\/tinyknit.eu\/es\/wp-json\/wp\/v2\/product\/23385\/revisions\/23389"}],"wp:featuredmedia":[{"embeddable":true,"href":"https:\/\/tinyknit.eu\/es\/wp-json\/wp\/v2\/media\/23388"}],"wp:attachment":[{"href":"https:\/\/tinyknit.eu\/es\/wp-json\/wp\/v2\/media?parent=23385"}],"wp:term":[{"taxonomy":"product_brand","embeddable":true,"href":"https:\/\/tinyknit.eu\/es\/wp-json\/wp\/v2\/product_brand?post=23385"},{"taxonomy":"product_cat","embeddable":true,"href":"https:\/\/tinyknit.eu\/es\/wp-json\/wp\/v2\/product_cat?post=23385"},{"taxonomy":"product_tag","embeddable":true,"href":"https:\/\/tinyknit.eu\/es\/wp-json\/wp\/v2\/product_tag?post=23385"}],"curies":[{"name":"wp","href":"https:\/\/api.w.org\/{rel}","templated":true}]}}