{"id":23350,"date":"2024-01-13T15:15:24","date_gmt":"2024-01-13T15:15:24","guid":{"rendered":"https:\/\/tinyknit.eu\/product\/sin%20categor\u00eda\/nursery-decor-plushie-toy-crochet-balloon-dog\/"},"modified":"2025-04-05T18:56:59","modified_gmt":"2025-04-05T18:56:59","slug":"nursery-decor-plushie-toy-crochet-balloon-dog","status":"publish","type":"product","link":"https:\/\/tinyknit.eu\/es\/product\/decoracion-para-el-hogar\/nursery-decor-plushie-toy-crochet-balloon-dog\/","title":{"rendered":"Decoraci\u00f3n Infantil, Peluche &#8211; Perro Globo de Crochet"},"content":{"rendered":"<div class=\"flex-1 overflow-hidden\">\n<div class=\"react-scroll-to-bottom--css-puqei-79elbk h-full dark:bg-gray-800\">\n<div class=\"react-scroll-to-bottom--css-puqei-1n7m0yu\">\n<div class=\"flex flex-col text-sm dark:bg-gray-800\">\n<div class=\"group w-full text-token-text-primary border-b border-black\/10 gizmo:border-0 dark:border-gray-900\/50 gizmo:dark:border-0 bg-gray-50 gizmo:bg-transparent dark:bg-[#444654] gizmo:dark:bg-transparent\" data-testid=\"conversation-turn-9\">\n<div class=\"p-4 justify-center text-base md:gap-6 md:py-6 m-auto\">\n<div class=\"flex flex-1 gap-4 text-base mx-auto md:gap-6 gizmo:gap-3 gizmo:md:px-5 gizmo:lg:px-1 gizmo:xl:px-5 md:max-w-2xl lg:max-w-[38rem] gizmo:md:max-w-3xl gizmo:lg:max-w-[40rem] gizmo:xl:max-w-[48rem] xl:max-w-3xl }\">\n<div class=\"relative flex w-[calc(100%-50px)] flex-col gap-1 gizmo:w-full md:gap-3 lg:w-[calc(100%-115px)] agent-turn\">\n<div class=\"flex flex-grow flex-col gap-3 max-w-full\">\n<div class=\"min-h-[20px] flex flex-col items-start gap-3 whitespace-pre-wrap break-words overflow-x-auto\">\n<div class=\"markdown prose w-full break-words dark:prose-invert light\">\n<p>El perro globo de crochet es una opci\u00f3n perfecta para decorar la habitaci\u00f3n de tu hijo. Los encantadores colores naturales aportar\u00e1n un ambiente c\u00e1lido y acogedor a tu hogar. Adem\u00e1s, el perro globo puede ser un regalo maravilloso y \u00fanico.<\/p>\n<p><strong>Caracter\u00edsticas:<\/strong><br \/>\n\u2022 Todos los juguetes est\u00e1n hechos con materiales hipoalerg\u00e9nicos, lo que los hace seguros para los ni\u00f1os.<br \/>\n\u2022 Este juguete puede ser un complemento interesante para la decoraci\u00f3n de cualquier dormitorio infantil.<\/p>\n<p><strong>Tama\u00f1o:<\/strong> aprox. 20 x 11 cm<br \/>\n<strong>Material:<\/strong> Este art\u00edculo est\u00e1 tejido a mano con hilo hipoalerg\u00e9nico, de felpa y algod\u00f3n. Est\u00e1 relleno de holofibra y fabricado en un hogar libre de humo y mascotas.<\/p>\n<p><strong>Fabricado en Estonia, Uni\u00f3n Europea.<\/strong><\/p>\n<p><strong>El set contiene:<\/strong><br \/>\n\u2022 1x Perro Globo<\/p>\n<p><strong>Recomendaciones de cuidado:<\/strong><br \/>\n\u2022 Para prevenir reacciones al\u00e9rgicas, usa detergentes l\u00edquidos e hipoalerg\u00e9nicos.<br \/>\n\u2022 Utiliza el ciclo delicado de la lavadora y ajusta la temperatura a 30 grados durante 30 minutos.<br \/>\n\u2022 Despu\u00e9s del lavado, coloca el juguete en posici\u00f3n horizontal para secar.<\/p>\n<\/div>\n<\/div>\n<\/div>\n<\/div>\n<\/div>\n<\/div>\n<\/div>\n<\/div>\n<\/div>\n<\/div>\n<\/div>\n","protected":false},"excerpt":{"rendered":"<p>El perro globo de crochet es una opci\u00f3n perfecta para decorar la habitaci\u00f3n de tu hijo. Los encantadores colores naturales aportar\u00e1n un ambiente c\u00e1lido y acogedor a tu hogar. Adem\u00e1s, el perro globo puede ser un regalo maravilloso y \u00fanico.<\/p>\n","protected":false},"featured_media":23355,"comment_status":"open","ping_status":"closed","template":"","meta":[],"product_brand":[],"product_cat":[530,535,666],"product_tag":[],"class_list":{"0":"post-23350","1":"product","2":"type-product","3":"status-publish","4":"has-post-thumbnail","6":"product_cat-decoracion-para-el-hogar","7":"product_cat-listo-para-enviar","8":"product_cat-ofertas","10":"first","11":"instock","12":"sale","13":"taxable","14":"shipping-taxable","15":"purchasable","16":"product-type-simple"},"_links":{"self":[{"href":"https:\/\/tinyknit.eu\/es\/wp-json\/wp\/v2\/product\/23350","targetHints":{"allow":["GET"]}}],"collection":[{"href":"https:\/\/tinyknit.eu\/es\/wp-json\/wp\/v2\/product"}],"about":[{"href":"https:\/\/tinyknit.eu\/es\/wp-json\/wp\/v2\/types\/product"}],"replies":[{"embeddable":true,"href":"https:\/\/tinyknit.eu\/es\/wp-json\/wp\/v2\/comments?post=23350"}],"version-history":[{"count":1,"href":"https:\/\/tinyknit.eu\/es\/wp-json\/wp\/v2\/product\/23350\/revisions"}],"predecessor-version":[{"id":23356,"href":"https:\/\/tinyknit.eu\/es\/wp-json\/wp\/v2\/product\/23350\/revisions\/23356"}],"wp:featuredmedia":[{"embeddable":true,"href":"https:\/\/tinyknit.eu\/es\/wp-json\/wp\/v2\/media\/23355"}],"wp:attachment":[{"href":"https:\/\/tinyknit.eu\/es\/wp-json\/wp\/v2\/media?parent=23350"}],"wp:term":[{"taxonomy":"product_brand","embeddable":true,"href":"https:\/\/tinyknit.eu\/es\/wp-json\/wp\/v2\/product_brand?post=23350"},{"taxonomy":"product_cat","embeddable":true,"href":"https:\/\/tinyknit.eu\/es\/wp-json\/wp\/v2\/product_cat?post=23350"},{"taxonomy":"product_tag","embeddable":true,"href":"https:\/\/tinyknit.eu\/es\/wp-json\/wp\/v2\/product_tag?post=23350"}],"curies":[{"name":"wp","href":"https:\/\/api.w.org\/{rel}","templated":true}]}}