{"id":23325,"date":"2024-03-24T07:37:39","date_gmt":"2024-03-24T07:37:39","guid":{"rendered":"https:\/\/tinyknit.eu\/product\/sin%20categor\u00eda\/fabric-rattle-milk-bear\/"},"modified":"2024-11-15T13:42:00","modified_gmt":"2024-11-15T13:42:00","slug":"sonajero-de-tela-oso-leche","status":"publish","type":"product","link":"https:\/\/tinyknit.eu\/es\/product\/listo-para-enviar\/sonajero-de-tela-oso-leche\/","title":{"rendered":"Sonajero de Tela &#8211; Oso Leche"},"content":{"rendered":"<p>El sonajero de tela es un excelente regalo para tu beb\u00e9, proporcionando alegr\u00eda en el descubrimiento y ayudando a desarrollar las habilidades motoras finas del beb\u00e9. El juguete se adapta c\u00f3modamente a la mano del beb\u00e9. Es absolutamente seguro para el beb\u00e9 y no irrita su piel. El sonajero de tela tiene una textura suave y delicada, perfecta para la estimulaci\u00f3n t\u00e1ctil.<br \/>\nEl cord\u00f3n permite sujetar el juguete en cualquier lugar, por ejemplo, en la cuna o al chupete.<\/p>\n<p><strong>Material:<\/strong> 100% poli\u00e9ster<br \/>\n<strong>Relleno:<\/strong> 100% holofiber (relleno no al\u00e9rgico)<br \/>\n<strong>Tama\u00f1o:<\/strong> ~9 x 8 cm<br \/>\n<strong>Longitud del cord\u00f3n:<\/strong> ~15,5 cm<br \/>\n<strong>Peso:<\/strong> ~25g<br \/>\n<strong>Adecuado desde el nacimiento.<\/strong><br \/>\nContiene una campanita en su interior. Todas las piezas est\u00e1n aseguradas a mano, no se utiliza pegamento.<br \/>\n\u00a1Atenci\u00f3n! \u00a1El chupete no est\u00e1 incluido en el set!<\/p>\n<p><strong>El set contiene:<\/strong><br \/>\n\u2022 1x Sonajero de tela<\/p>\n<p><strong>Recomendaciones de cuidado:<\/strong> Limpiar con agua tibia y jab\u00f3n, y dejar secar al aire.<\/p>\n","protected":false},"excerpt":{"rendered":"<p>El sonajero de tela es un excelente regalo para tu beb\u00e9, proporcionando alegr\u00eda en el descubrimiento y ayudando a desarrollar las habilidades motoras finas del beb\u00e9. El juguete se adapta c\u00f3modamente a la mano del beb\u00e9. Es absolutamente seguro para el beb\u00e9 y no irrita su piel. El sonajero de tela tiene una textura suave y delicada, perfecta para la estimulaci\u00f3n t\u00e1ctil.<br \/>\nEl cord\u00f3n permite sujetar el juguete en cualquier lugar, por ejemplo, en la cuna o al chupete.<\/p>\n<p><iframe title=\"YouTube video player\" src=\"https:\/\/www.youtube.com\/embed\/V7ObyTR1n0E?si=Ld9WXaCKP2rxNM_j\" width=\"560\" height=\"315\" frameborder=\"0\" allowfullscreen=\"allowfullscreen\"><\/iframe><\/p>\n","protected":false},"featured_media":23327,"comment_status":"open","ping_status":"closed","template":"","meta":[],"product_brand":[],"product_cat":[535,529],"product_tag":[],"class_list":{"0":"post-23325","1":"product","2":"type-product","3":"status-publish","4":"has-post-thumbnail","6":"product_cat-listo-para-enviar","7":"product_cat-sonajeros-de-tela","9":"first","10":"instock","11":"taxable","12":"shipping-taxable","13":"purchasable","14":"product-type-simple"},"_links":{"self":[{"href":"https:\/\/tinyknit.eu\/es\/wp-json\/wp\/v2\/product\/23325","targetHints":{"allow":["GET"]}}],"collection":[{"href":"https:\/\/tinyknit.eu\/es\/wp-json\/wp\/v2\/product"}],"about":[{"href":"https:\/\/tinyknit.eu\/es\/wp-json\/wp\/v2\/types\/product"}],"replies":[{"embeddable":true,"href":"https:\/\/tinyknit.eu\/es\/wp-json\/wp\/v2\/comments?post=23325"}],"version-history":[{"count":2,"href":"https:\/\/tinyknit.eu\/es\/wp-json\/wp\/v2\/product\/23325\/revisions"}],"predecessor-version":[{"id":23329,"href":"https:\/\/tinyknit.eu\/es\/wp-json\/wp\/v2\/product\/23325\/revisions\/23329"}],"wp:featuredmedia":[{"embeddable":true,"href":"https:\/\/tinyknit.eu\/es\/wp-json\/wp\/v2\/media\/23327"}],"wp:attachment":[{"href":"https:\/\/tinyknit.eu\/es\/wp-json\/wp\/v2\/media?parent=23325"}],"wp:term":[{"taxonomy":"product_brand","embeddable":true,"href":"https:\/\/tinyknit.eu\/es\/wp-json\/wp\/v2\/product_brand?post=23325"},{"taxonomy":"product_cat","embeddable":true,"href":"https:\/\/tinyknit.eu\/es\/wp-json\/wp\/v2\/product_cat?post=23325"},{"taxonomy":"product_tag","embeddable":true,"href":"https:\/\/tinyknit.eu\/es\/wp-json\/wp\/v2\/product_tag?post=23325"}],"curies":[{"name":"wp","href":"https:\/\/api.w.org\/{rel}","templated":true}]}}