{"id":23312,"date":"2024-03-24T07:52:22","date_gmt":"2024-03-24T07:52:22","guid":{"rendered":"https:\/\/tinyknit.eu\/product\/sin%20categor\u00eda\/fabric-rattle-milk-star\/"},"modified":"2024-11-15T13:30:54","modified_gmt":"2024-11-15T13:30:54","slug":"sonajero-de-tela-estrella-leche","status":"publish","type":"product","link":"https:\/\/tinyknit.eu\/es\/product\/listo-para-enviar\/sonajero-de-tela-estrella-leche\/","title":{"rendered":"Sonajero de Tela &#8211; Estrella Leche"},"content":{"rendered":"<p>Sonajero de Tela es un excelente regalo para tu beb\u00e9, brindando alegr\u00eda en el descubrimiento y desarrollando sus habilidades motoras finas. El juguete se adapta c\u00f3modamente a la mano del beb\u00e9. Es completamente seguro y no irrita la piel del beb\u00e9. El sonajero de tela tiene una textura suave y delicada, perfecta para la estimulaci\u00f3n t\u00e1ctil. El cord\u00f3n permite fijar el juguete en cualquier lugar, como la cuna o el chupete del beb\u00e9.<\/p>\n<p><strong>Material:<\/strong> 100% poli\u00e9ster<br \/>\n<strong>Relleno:<\/strong> 100% holofiber (relleno no al\u00e9rgico)<br \/>\n<strong>Tama\u00f1o:<\/strong> ~11 x 11 cm<br \/>\n<strong>Longitud del cord\u00f3n:<\/strong> ~19 cm<br \/>\n<strong>Peso:<\/strong> ~25 g<br \/>\n<strong>Apto desde el nacimiento<\/strong><br \/>\nContiene una campanita en su interior. Todas las piezas est\u00e1n aseguradas a mano, no se usa pegamento.<br \/>\n\u00a1Atenci\u00f3n! El chupete no est\u00e1 incluido en el set.<\/p>\n<p><strong>Contenido del Set:<\/strong><br \/>\n\u2022 1x Sonajero de Tela<\/p>\n<p><strong>Recomendaciones de cuidado:<\/strong> Limpiar con agua tibia con jab\u00f3n y dejar secar al aire.<\/p>\n","protected":false},"excerpt":{"rendered":"<p>Sonajero de Tela es un excelente regalo para tu beb\u00e9, brindando alegr\u00eda en el descubrimiento y desarrollando sus habilidades motoras finas. El juguete se adapta c\u00f3modamente a la mano del beb\u00e9. Es completamente seguro y no irrita la piel del beb\u00e9.<\/p>\n<p><iframe title=\"YouTube video player\" src=\"https:\/\/www.youtube.com\/embed\/V7ObyTR1n0E?si=Ld9WXaCKP2rxNM_j\" width=\"560\" height=\"315\" frameborder=\"0\" allowfullscreen=\"allowfullscreen\"><\/iframe><\/p>\n","protected":false},"featured_media":23313,"comment_status":"open","ping_status":"closed","template":"","meta":[],"product_brand":[],"product_cat":[535,529],"product_tag":[],"class_list":{"0":"post-23312","1":"product","2":"type-product","3":"status-publish","4":"has-post-thumbnail","6":"product_cat-listo-para-enviar","7":"product_cat-sonajeros-de-tela","9":"first","10":"instock","11":"taxable","12":"shipping-taxable","13":"purchasable","14":"product-type-simple"},"_links":{"self":[{"href":"https:\/\/tinyknit.eu\/es\/wp-json\/wp\/v2\/product\/23312","targetHints":{"allow":["GET"]}}],"collection":[{"href":"https:\/\/tinyknit.eu\/es\/wp-json\/wp\/v2\/product"}],"about":[{"href":"https:\/\/tinyknit.eu\/es\/wp-json\/wp\/v2\/types\/product"}],"replies":[{"embeddable":true,"href":"https:\/\/tinyknit.eu\/es\/wp-json\/wp\/v2\/comments?post=23312"}],"version-history":[{"count":1,"href":"https:\/\/tinyknit.eu\/es\/wp-json\/wp\/v2\/product\/23312\/revisions"}],"predecessor-version":[{"id":23315,"href":"https:\/\/tinyknit.eu\/es\/wp-json\/wp\/v2\/product\/23312\/revisions\/23315"}],"wp:featuredmedia":[{"embeddable":true,"href":"https:\/\/tinyknit.eu\/es\/wp-json\/wp\/v2\/media\/23313"}],"wp:attachment":[{"href":"https:\/\/tinyknit.eu\/es\/wp-json\/wp\/v2\/media?parent=23312"}],"wp:term":[{"taxonomy":"product_brand","embeddable":true,"href":"https:\/\/tinyknit.eu\/es\/wp-json\/wp\/v2\/product_brand?post=23312"},{"taxonomy":"product_cat","embeddable":true,"href":"https:\/\/tinyknit.eu\/es\/wp-json\/wp\/v2\/product_cat?post=23312"},{"taxonomy":"product_tag","embeddable":true,"href":"https:\/\/tinyknit.eu\/es\/wp-json\/wp\/v2\/product_tag?post=23312"}],"curies":[{"name":"wp","href":"https:\/\/api.w.org\/{rel}","templated":true}]}}