{"id":23307,"date":"2024-03-24T08:01:51","date_gmt":"2024-03-24T08:01:51","guid":{"rendered":"https:\/\/tinyknit.eu\/product\/sin%20categor\u00eda\/fabric-rattle-powder-blue-star\/"},"modified":"2024-11-15T13:27:10","modified_gmt":"2024-11-15T13:27:10","slug":"sonajero-de-tela-estrella-azul-polvo","status":"publish","type":"product","link":"https:\/\/tinyknit.eu\/es\/product\/listo-para-enviar\/sonajero-de-tela-estrella-azul-polvo\/","title":{"rendered":"Sonajero de tela \u2013 Estrella Azul Polvo"},"content":{"rendered":"<p>Sonajero de Tela es un excelente regalo para el beb\u00e9, proporcionando alegr\u00eda al descubrimiento y desarrollando las habilidades motoras finas del beb\u00e9. El juguete se adapta c\u00f3modamente a la mano del beb\u00e9. Es completamente seguro y no irrita la piel del beb\u00e9. El sonajero de tela tiene una textura suave y delicada, perfecta para la estimulaci\u00f3n t\u00e1ctil. El cord\u00f3n permite colgar el juguete en cualquier lugar, por ejemplo, en la cuna del beb\u00e9 o en el chupete.<\/p>\n<p>Material: 100% poli\u00e9ster<br \/>\nRelleno: 100% holofiber (relleno no al\u00e9rgico)<br \/>\nTama\u00f1o: ~11 x 11 cm<br \/>\nLongitud del cord\u00f3n: ~19 cm<br \/>\nPeso: ~25 g<br \/>\nApto desde el nacimiento<br \/>\nContiene una campanita en su interior. Todas las piezas est\u00e1n aseguradas a mano, no se usa pegamento.<br \/>\n\u00a1Atenci\u00f3n! El chupete no est\u00e1 incluido en el set.<\/p>\n<p>Contenido del Set:<br \/>\n\u2022 1x Sonajero de Tela<\/p>\n<p>Recomendaciones de cuidado: Limpiar con agua tibia con jab\u00f3n y dejar secar al aire.<\/p>\n","protected":false},"excerpt":{"rendered":"<p>Sonajero de Tela es un excelente regalo para el beb\u00e9, proporcionando alegr\u00eda al descubrimiento y desarrollando las habilidades motoras finas del beb\u00e9. El juguete se adapta c\u00f3modamente a la mano del beb\u00e9.<\/p>\n<p><iframe title=\"YouTube video player\" src=\"https:\/\/www.youtube.com\/embed\/V7ObyTR1n0E?si=Ld9WXaCKP2rxNM_j\" width=\"560\" height=\"315\" frameborder=\"0\" allowfullscreen=\"allowfullscreen\"><\/iframe><\/p>\n","protected":false},"featured_media":23310,"comment_status":"open","ping_status":"closed","template":"","meta":[],"product_brand":[],"product_cat":[535,529],"product_tag":[],"class_list":{"0":"post-23307","1":"product","2":"type-product","3":"status-publish","4":"has-post-thumbnail","6":"product_cat-listo-para-enviar","7":"product_cat-sonajeros-de-tela","9":"first","10":"instock","11":"taxable","12":"shipping-taxable","13":"purchasable","14":"product-type-simple"},"_links":{"self":[{"href":"https:\/\/tinyknit.eu\/es\/wp-json\/wp\/v2\/product\/23307","targetHints":{"allow":["GET"]}}],"collection":[{"href":"https:\/\/tinyknit.eu\/es\/wp-json\/wp\/v2\/product"}],"about":[{"href":"https:\/\/tinyknit.eu\/es\/wp-json\/wp\/v2\/types\/product"}],"replies":[{"embeddable":true,"href":"https:\/\/tinyknit.eu\/es\/wp-json\/wp\/v2\/comments?post=23307"}],"version-history":[{"count":1,"href":"https:\/\/tinyknit.eu\/es\/wp-json\/wp\/v2\/product\/23307\/revisions"}],"predecessor-version":[{"id":23311,"href":"https:\/\/tinyknit.eu\/es\/wp-json\/wp\/v2\/product\/23307\/revisions\/23311"}],"wp:featuredmedia":[{"embeddable":true,"href":"https:\/\/tinyknit.eu\/es\/wp-json\/wp\/v2\/media\/23310"}],"wp:attachment":[{"href":"https:\/\/tinyknit.eu\/es\/wp-json\/wp\/v2\/media?parent=23307"}],"wp:term":[{"taxonomy":"product_brand","embeddable":true,"href":"https:\/\/tinyknit.eu\/es\/wp-json\/wp\/v2\/product_brand?post=23307"},{"taxonomy":"product_cat","embeddable":true,"href":"https:\/\/tinyknit.eu\/es\/wp-json\/wp\/v2\/product_cat?post=23307"},{"taxonomy":"product_tag","embeddable":true,"href":"https:\/\/tinyknit.eu\/es\/wp-json\/wp\/v2\/product_tag?post=23307"}],"curies":[{"name":"wp","href":"https:\/\/api.w.org\/{rel}","templated":true}]}}