{"id":23296,"date":"2023-04-23T16:42:33","date_gmt":"2023-04-23T16:42:33","guid":{"rendered":"https:\/\/tinyknit.eu\/product\/sin%20categor\u00eda\/knitted-rattle-bear\/"},"modified":"2025-04-05T18:57:32","modified_gmt":"2025-04-05T18:57:32","slug":"sonajero-de-crochet-oso-2","status":"publish","type":"product","link":"https:\/\/tinyknit.eu\/es\/product\/listo-para-enviar\/sonajero-de-crochet-oso-2\/","title":{"rendered":"Sonajero de crochet \u2013 Oso"},"content":{"rendered":"<p>Sonajero de crochet es un excelente regalo para que tu beb\u00e9 disfrute del descubrimiento y desarrolle sus habilidades motoras finas. El juguete se adapta c\u00f3modamente a la mano del beb\u00e9. Es completamente seguro para el beb\u00e9 y no irrita su piel. El sonajero de crochet est\u00e1 hecho sin detalles peque\u00f1os, con los ojos y la nariz bordados.<\/p>\n<p>Material: 100% algod\u00f3n<br \/>\nRelleno: 100% holofiber (relleno no al\u00e9rgico)<br \/>\nAltura: 13 cm<br \/>\nPeso: 60 g<br \/>\nApto para beb\u00e9s de 4-5 meses.<br \/>\nContiene campanitas en su interior. Todas las piezas est\u00e1n cosidas a mano de forma segura, no se usa pegamento.<\/p>\n<p>Recomendaciones de cuidado: Limpiar con agua tibia y jab\u00f3n, y dejar secar al aire. No sumergir en agua, ya que esto puede hacer que la madera se seque y posiblemente se astille o agriete.<\/p>\n","protected":false},"excerpt":{"rendered":"<p>Sonajero de crochet es un excelente regalo para que tu beb\u00e9 disfrute del descubrimiento y desarrolle sus habilidades motoras finas. El juguete se adapta c\u00f3modamente a la mano del beb\u00e9. Es completamente seguro para el beb\u00e9 y no irrita su piel. El sonajero de crochet est\u00e1 hecho sin detalles peque\u00f1os, con los ojos y la nariz bordados.<\/p>\n<p><iframe title=\"YouTube video player\" src=\"https:\/\/www.youtube.com\/embed\/twY39m9SaYw?si=f1PtChLmsudDH3St\" width=\"560\" height=\"315\" frameborder=\"0\" allowfullscreen=\"allowfullscreen\"><\/iframe><\/p>\n","protected":false},"featured_media":23301,"comment_status":"open","ping_status":"closed","template":"","meta":[],"product_brand":[],"product_cat":[535,527],"product_tag":[],"class_list":{"0":"post-23296","1":"product","2":"type-product","3":"status-publish","4":"has-post-thumbnail","6":"product_cat-listo-para-enviar","7":"product_cat-sonajeros-de-crochet","9":"first","10":"instock","11":"taxable","12":"shipping-taxable","13":"purchasable","14":"product-type-simple"},"_links":{"self":[{"href":"https:\/\/tinyknit.eu\/es\/wp-json\/wp\/v2\/product\/23296","targetHints":{"allow":["GET"]}}],"collection":[{"href":"https:\/\/tinyknit.eu\/es\/wp-json\/wp\/v2\/product"}],"about":[{"href":"https:\/\/tinyknit.eu\/es\/wp-json\/wp\/v2\/types\/product"}],"replies":[{"embeddable":true,"href":"https:\/\/tinyknit.eu\/es\/wp-json\/wp\/v2\/comments?post=23296"}],"version-history":[{"count":1,"href":"https:\/\/tinyknit.eu\/es\/wp-json\/wp\/v2\/product\/23296\/revisions"}],"predecessor-version":[{"id":23306,"href":"https:\/\/tinyknit.eu\/es\/wp-json\/wp\/v2\/product\/23296\/revisions\/23306"}],"wp:featuredmedia":[{"embeddable":true,"href":"https:\/\/tinyknit.eu\/es\/wp-json\/wp\/v2\/media\/23301"}],"wp:attachment":[{"href":"https:\/\/tinyknit.eu\/es\/wp-json\/wp\/v2\/media?parent=23296"}],"wp:term":[{"taxonomy":"product_brand","embeddable":true,"href":"https:\/\/tinyknit.eu\/es\/wp-json\/wp\/v2\/product_brand?post=23296"},{"taxonomy":"product_cat","embeddable":true,"href":"https:\/\/tinyknit.eu\/es\/wp-json\/wp\/v2\/product_cat?post=23296"},{"taxonomy":"product_tag","embeddable":true,"href":"https:\/\/tinyknit.eu\/es\/wp-json\/wp\/v2\/product_tag?post=23296"}],"curies":[{"name":"wp","href":"https:\/\/api.w.org\/{rel}","templated":true}]}}