{"id":23259,"date":"2023-04-23T17:04:57","date_gmt":"2023-04-23T17:04:57","guid":{"rendered":"https:\/\/tinyknit.eu\/product\/sin%20categor\u00eda\/knitted-rattle-fox\/"},"modified":"2025-04-05T18:57:30","modified_gmt":"2025-04-05T18:57:30","slug":"knitted-rattle-fox","status":"publish","type":"product","link":"https:\/\/tinyknit.eu\/es\/product\/listo-para-enviar\/knitted-rattle-fox\/","title":{"rendered":"Sonajero de crochet \u2013 Zorro"},"content":{"rendered":"<p>El sonajero de crochet es un excelente regalo para que tu beb\u00e9 disfrute del descubrimiento y desarrolle las habilidades motoras finas. El juguete se adapta c\u00f3modamente a la mano del beb\u00e9. Es completamente seguro para el beb\u00e9 y no irrita la piel. El sonajero de crochet est\u00e1 hecho sin detalles peque\u00f1os, con los ojos y la nariz bordados.<\/p>\n<p>Material: 100% algod\u00f3n y anillo de madera de haya<br \/>\nRelleno: 100% holofiber (relleno no al\u00e9rgico)<br \/>\nAltura: 12 cm<br \/>\nPeso: 60 g<br \/>\nApto para beb\u00e9s a partir de 4-5 meses.<br \/>\nContiene campanitas en su interior. Todas las piezas est\u00e1n cosidas a mano de forma segura, no se utiliza pegamento.<\/p>\n<p>Recomendaciones de cuidado: Limpiar con agua tibia y jab\u00f3n y dejar secar al aire. No sumergir en agua, ya que esto puede hacer que la madera se seque y posiblemente se astille o agriete.<\/p>\n","protected":false},"excerpt":{"rendered":"<p>El sonajero de crochet es un excelente regalo para que tu beb\u00e9 disfrute del descubrimiento y desarrolle las habilidades motoras finas. El juguete se adapta c\u00f3modamente a la mano del beb\u00e9. Es completamente seguro para el beb\u00e9 y no irrita la piel. El sonajero de crochet est\u00e1 hecho sin detalles peque\u00f1os, con los ojos y la nariz bordados.<\/p>\n<p><iframe title=\"YouTube video player\" src=\"https:\/\/www.youtube.com\/embed\/upFEJ26nQ74?si=grPjA8zuIPwrYWsL\" width=\"560\" height=\"315\" frameborder=\"0\" allowfullscreen=\"allowfullscreen\"><\/iframe><\/p>\n","protected":false},"featured_media":23264,"comment_status":"open","ping_status":"closed","template":"","meta":[],"product_brand":[],"product_cat":[535,527],"product_tag":[],"class_list":{"0":"post-23259","1":"product","2":"type-product","3":"status-publish","4":"has-post-thumbnail","6":"product_cat-listo-para-enviar","7":"product_cat-sonajeros-de-crochet","9":"first","10":"instock","11":"taxable","12":"shipping-taxable","13":"purchasable","14":"product-type-simple"},"_links":{"self":[{"href":"https:\/\/tinyknit.eu\/es\/wp-json\/wp\/v2\/product\/23259","targetHints":{"allow":["GET"]}}],"collection":[{"href":"https:\/\/tinyknit.eu\/es\/wp-json\/wp\/v2\/product"}],"about":[{"href":"https:\/\/tinyknit.eu\/es\/wp-json\/wp\/v2\/types\/product"}],"replies":[{"embeddable":true,"href":"https:\/\/tinyknit.eu\/es\/wp-json\/wp\/v2\/comments?post=23259"}],"version-history":[{"count":1,"href":"https:\/\/tinyknit.eu\/es\/wp-json\/wp\/v2\/product\/23259\/revisions"}],"predecessor-version":[{"id":23269,"href":"https:\/\/tinyknit.eu\/es\/wp-json\/wp\/v2\/product\/23259\/revisions\/23269"}],"wp:featuredmedia":[{"embeddable":true,"href":"https:\/\/tinyknit.eu\/es\/wp-json\/wp\/v2\/media\/23264"}],"wp:attachment":[{"href":"https:\/\/tinyknit.eu\/es\/wp-json\/wp\/v2\/media?parent=23259"}],"wp:term":[{"taxonomy":"product_brand","embeddable":true,"href":"https:\/\/tinyknit.eu\/es\/wp-json\/wp\/v2\/product_brand?post=23259"},{"taxonomy":"product_cat","embeddable":true,"href":"https:\/\/tinyknit.eu\/es\/wp-json\/wp\/v2\/product_cat?post=23259"},{"taxonomy":"product_tag","embeddable":true,"href":"https:\/\/tinyknit.eu\/es\/wp-json\/wp\/v2\/product_tag?post=23259"}],"curies":[{"name":"wp","href":"https:\/\/api.w.org\/{rel}","templated":true}]}}