{"id":23225,"date":"2023-04-24T04:25:52","date_gmt":"2023-04-24T04:25:52","guid":{"rendered":"https:\/\/tinyknit.eu\/product\/sin%20categor\u00eda\/knitted-rattle-lion-3\/"},"modified":"2025-04-05T18:57:28","modified_gmt":"2025-04-05T18:57:28","slug":"sonajero-de-crochet-leon","status":"publish","type":"product","link":"https:\/\/tinyknit.eu\/es\/product\/listo-para-enviar\/sonajero-de-crochet-leon\/","title":{"rendered":"Sonajero de crochet \u2013 Le\u00f3n"},"content":{"rendered":"<p>El sonajero de crochet es un excelente regalo para el beb\u00e9, fomenta la alegr\u00eda del descubrimiento y desarrolla las habilidades motoras finas del beb\u00e9. El juguete se adapta c\u00f3modamente a la mano del beb\u00e9. Es completamente seguro para el beb\u00e9 y no irrita la piel. El sonajero de crochet est\u00e1 hecho sin detalles peque\u00f1os, los ojos y la nariz est\u00e1n bordados.<\/p>\n<p>Material: 100% algod\u00f3n<br \/>\nRelleno: 100% holofibra (relleno no alerg\u00e9nico)<br \/>\nAltura: 13 cm<br \/>\nPeso: 72 g<br \/>\nApto para beb\u00e9s a partir de 4-5 meses.<br \/>\nTiene campanitas dentro. Todas las piezas est\u00e1n cosidas a mano, sin usar pegamento.<\/p>\n<p>Recomendaciones de cuidado:<br \/>\nLimpiar con agua tibia y jab\u00f3n, y dejar secar al aire.<br \/>\nNo sumergir en agua, ya que esto puede hacer que la madera se seque y posiblemente se astille o agriete.<\/p>\n","protected":false},"excerpt":{"rendered":"<p>El sonajero de crochet es un excelente regalo para el beb\u00e9, fomenta la alegr\u00eda del descubrimiento y desarrolla las habilidades motoras finas del beb\u00e9. El juguete se adapta c\u00f3modamente a la mano del beb\u00e9. Es completamente seguro para el beb\u00e9 y no irrita la piel. El sonajero de crochet est\u00e1 hecho sin detalles peque\u00f1os, los ojos y la nariz est\u00e1n bordados.<\/p>\n<p><iframe title=\"YouTube video player\" src=\"https:\/\/www.youtube.com\/embed\/juBSbPiq3TQ?si=yqAxR93AOYrYd_Vg\" width=\"560\" height=\"315\" frameborder=\"0\" allowfullscreen=\"allowfullscreen\"><\/iframe><\/p>\n","protected":false},"featured_media":23230,"comment_status":"open","ping_status":"closed","template":"","meta":[],"product_brand":[],"product_cat":[535,527],"product_tag":[],"class_list":{"0":"post-23225","1":"product","2":"type-product","3":"status-publish","4":"has-post-thumbnail","6":"product_cat-listo-para-enviar","7":"product_cat-sonajeros-de-crochet","9":"first","10":"instock","11":"taxable","12":"shipping-taxable","13":"purchasable","14":"product-type-simple"},"_links":{"self":[{"href":"https:\/\/tinyknit.eu\/es\/wp-json\/wp\/v2\/product\/23225","targetHints":{"allow":["GET"]}}],"collection":[{"href":"https:\/\/tinyknit.eu\/es\/wp-json\/wp\/v2\/product"}],"about":[{"href":"https:\/\/tinyknit.eu\/es\/wp-json\/wp\/v2\/types\/product"}],"replies":[{"embeddable":true,"href":"https:\/\/tinyknit.eu\/es\/wp-json\/wp\/v2\/comments?post=23225"}],"version-history":[{"count":1,"href":"https:\/\/tinyknit.eu\/es\/wp-json\/wp\/v2\/product\/23225\/revisions"}],"predecessor-version":[{"id":23236,"href":"https:\/\/tinyknit.eu\/es\/wp-json\/wp\/v2\/product\/23225\/revisions\/23236"}],"wp:featuredmedia":[{"embeddable":true,"href":"https:\/\/tinyknit.eu\/es\/wp-json\/wp\/v2\/media\/23230"}],"wp:attachment":[{"href":"https:\/\/tinyknit.eu\/es\/wp-json\/wp\/v2\/media?parent=23225"}],"wp:term":[{"taxonomy":"product_brand","embeddable":true,"href":"https:\/\/tinyknit.eu\/es\/wp-json\/wp\/v2\/product_brand?post=23225"},{"taxonomy":"product_cat","embeddable":true,"href":"https:\/\/tinyknit.eu\/es\/wp-json\/wp\/v2\/product_cat?post=23225"},{"taxonomy":"product_tag","embeddable":true,"href":"https:\/\/tinyknit.eu\/es\/wp-json\/wp\/v2\/product_tag?post=23225"}],"curies":[{"name":"wp","href":"https:\/\/api.w.org\/{rel}","templated":true}]}}