{"id":23214,"date":"2023-04-24T06:13:03","date_gmt":"2023-04-24T06:13:03","guid":{"rendered":"https:\/\/tinyknit.eu\/product\/sin%20categor\u00eda\/knitted-rattle-bear-3\/"},"modified":"2025-04-05T18:57:28","modified_gmt":"2025-04-05T18:57:28","slug":"knitted-rattle-bear-3","status":"publish","type":"product","link":"https:\/\/tinyknit.eu\/es\/product\/listo-para-enviar\/knitted-rattle-bear-3\/","title":{"rendered":"Sonajero de crochet \u2013 Oso"},"content":{"rendered":"<p>El <strong>sonajero de crochet<\/strong> es un excelente regalo para tu beb\u00e9, promoviendo la alegr\u00eda del descubrimiento y ayudando al desarrollo de sus habilidades motoras finas. El juguete se adapta c\u00f3modamente a la mano del beb\u00e9, es completamente seguro y no irrita la piel. El sonajero de crochet est\u00e1 hecho sin detalles peque\u00f1os, con los ojos y la nariz bordados.<\/p>\n<p><strong>Material:<\/strong> 100% algod\u00f3n<br \/>\n<strong>Relleno:<\/strong> 100% holofibra (relleno no alerg\u00e9nico)<br \/>\n<strong>Altura:<\/strong> 13 cm<br \/>\n<strong>Peso:<\/strong> 60 g<br \/>\n<strong>Apto para beb\u00e9s a partir de 4-5 meses.<\/strong><br \/>\nIncluye campanitas en su interior. Todas las piezas est\u00e1n cosidas a mano de forma segura, sin el uso de pegamento.<\/p>\n<p><strong>Recomendaciones de cuidado:<\/strong><br \/>\n\u2022 Limpiar con agua tibia y jab\u00f3n, y secar al aire.<br \/>\n\u2022 No sumergir en agua, ya que esto podr\u00eda hacer que la madera se seque y posiblemente se astille o agriete.<\/p>\n","protected":false},"excerpt":{"rendered":"<p>El <strong>sonajero de crochet<\/strong> es un excelente regalo para tu beb\u00e9, promoviendo la alegr\u00eda del descubrimiento y ayudando al desarrollo de sus habilidades motoras finas. El juguete se adapta c\u00f3modamente a la mano del beb\u00e9, es completamente seguro y no irrita la piel. El sonajero de crochet est\u00e1 hecho sin detalles peque\u00f1os, con los ojos y la nariz bordados.<\/p>\n<p><iframe title=\"YouTube video player\" src=\"https:\/\/www.youtube.com\/embed\/Kleyb_PVxP0?si=MIL9FH7RBmGSlszt\" width=\"560\" height=\"315\" frameborder=\"0\" allowfullscreen=\"allowfullscreen\"><\/iframe><\/p>\n","protected":false},"featured_media":23219,"comment_status":"open","ping_status":"closed","template":"","meta":[],"product_brand":[],"product_cat":[535,527],"product_tag":[],"class_list":{"0":"post-23214","1":"product","2":"type-product","3":"status-publish","4":"has-post-thumbnail","6":"product_cat-listo-para-enviar","7":"product_cat-sonajeros-de-crochet","9":"first","10":"instock","11":"taxable","12":"shipping-taxable","13":"purchasable","14":"product-type-simple"},"_links":{"self":[{"href":"https:\/\/tinyknit.eu\/es\/wp-json\/wp\/v2\/product\/23214","targetHints":{"allow":["GET"]}}],"collection":[{"href":"https:\/\/tinyknit.eu\/es\/wp-json\/wp\/v2\/product"}],"about":[{"href":"https:\/\/tinyknit.eu\/es\/wp-json\/wp\/v2\/types\/product"}],"replies":[{"embeddable":true,"href":"https:\/\/tinyknit.eu\/es\/wp-json\/wp\/v2\/comments?post=23214"}],"version-history":[{"count":1,"href":"https:\/\/tinyknit.eu\/es\/wp-json\/wp\/v2\/product\/23214\/revisions"}],"predecessor-version":[{"id":23224,"href":"https:\/\/tinyknit.eu\/es\/wp-json\/wp\/v2\/product\/23214\/revisions\/23224"}],"wp:featuredmedia":[{"embeddable":true,"href":"https:\/\/tinyknit.eu\/es\/wp-json\/wp\/v2\/media\/23219"}],"wp:attachment":[{"href":"https:\/\/tinyknit.eu\/es\/wp-json\/wp\/v2\/media?parent=23214"}],"wp:term":[{"taxonomy":"product_brand","embeddable":true,"href":"https:\/\/tinyknit.eu\/es\/wp-json\/wp\/v2\/product_brand?post=23214"},{"taxonomy":"product_cat","embeddable":true,"href":"https:\/\/tinyknit.eu\/es\/wp-json\/wp\/v2\/product_cat?post=23214"},{"taxonomy":"product_tag","embeddable":true,"href":"https:\/\/tinyknit.eu\/es\/wp-json\/wp\/v2\/product_tag?post=23214"}],"curies":[{"name":"wp","href":"https:\/\/api.w.org\/{rel}","templated":true}]}}