{"id":23133,"date":"2023-04-24T08:16:33","date_gmt":"2023-04-24T08:16:33","guid":{"rendered":"https:\/\/tinyknit.eu\/product\/sin%20categor\u00eda\/knitted-rattle-lamb\/"},"modified":"2025-04-05T18:57:23","modified_gmt":"2025-04-05T18:57:23","slug":"knitted-rattle-lamb","status":"publish","type":"product","link":"https:\/\/tinyknit.eu\/es\/product\/listo-para-enviar\/knitted-rattle-lamb\/","title":{"rendered":"Sonajero de crochet \u2013 Cordero"},"content":{"rendered":"<p>El <strong>sonajero de crochet<\/strong> es un excelente regalo para tu beb\u00e9, fomentando su alegr\u00eda por descubrir y desarrollando su motricidad fina. El juguete se adapta c\u00f3modamente a la mano del beb\u00e9, es absolutamente seguro y no irrita la piel. Est\u00e1 dise\u00f1ado sin piezas peque\u00f1as, con ojos y nariz bordados. Su textura suave y delicada es perfecta para la estimulaci\u00f3n t\u00e1ctil.<\/p>\n<p><strong>Material:<\/strong> 100% algod\u00f3n<br \/>\n<strong>Relleno:<\/strong> 100% holofibra (relleno no alerg\u00e9nico)<br \/>\n<strong>Altura:<\/strong> 16 cm<br \/>\n<strong>Apto para beb\u00e9s a partir de 4-5 meses.<\/strong><br \/>\nIncluye una campanita en su interior. Todas las piezas est\u00e1n cosidas a mano de forma segura.<\/p>\n<p><strong>Recomendaciones de cuidado:<\/strong><br \/>\n\u2022 Lavable a m\u00e1quina en ciclo delicado a 30 grados.<br \/>\n\u2022 No usar secadora.<br \/>\n\u2022 No planchar.<br \/>\n\u2022 No lavar en seco.<\/p>\n","protected":false},"excerpt":{"rendered":"<p>El <strong>sonajero de crochet<\/strong> es un excelente regalo para tu beb\u00e9, fomentando su alegr\u00eda por descubrir y desarrollando su motricidad fina. El juguete se adapta c\u00f3modamente a la mano del beb\u00e9, es absolutamente seguro y no irrita la piel. Est\u00e1 dise\u00f1ado sin piezas peque\u00f1as, con ojos y nariz bordados. Su textura suave y delicada es perfecta para la estimulaci\u00f3n t\u00e1ctil.<\/p>\n<p><iframe title=\"YouTube video player\" src=\"https:\/\/www.youtube.com\/embed\/etm9vJ1g7Ys?si=P1P1sSeAZ8sYAiNJ\" width=\"560\" height=\"315\" frameborder=\"0\" allowfullscreen=\"allowfullscreen\"><\/iframe><\/p>\n","protected":false},"featured_media":23138,"comment_status":"open","ping_status":"closed","template":"","meta":[],"product_brand":[],"product_cat":[535,666,527],"product_tag":[],"class_list":{"0":"post-23133","1":"product","2":"type-product","3":"status-publish","4":"has-post-thumbnail","6":"product_cat-listo-para-enviar","7":"product_cat-ofertas","8":"product_cat-sonajeros-de-crochet","10":"first","11":"instock","12":"sale","13":"taxable","14":"shipping-taxable","15":"purchasable","16":"product-type-simple"},"_links":{"self":[{"href":"https:\/\/tinyknit.eu\/es\/wp-json\/wp\/v2\/product\/23133","targetHints":{"allow":["GET"]}}],"collection":[{"href":"https:\/\/tinyknit.eu\/es\/wp-json\/wp\/v2\/product"}],"about":[{"href":"https:\/\/tinyknit.eu\/es\/wp-json\/wp\/v2\/types\/product"}],"replies":[{"embeddable":true,"href":"https:\/\/tinyknit.eu\/es\/wp-json\/wp\/v2\/comments?post=23133"}],"version-history":[{"count":1,"href":"https:\/\/tinyknit.eu\/es\/wp-json\/wp\/v2\/product\/23133\/revisions"}],"predecessor-version":[{"id":23146,"href":"https:\/\/tinyknit.eu\/es\/wp-json\/wp\/v2\/product\/23133\/revisions\/23146"}],"wp:featuredmedia":[{"embeddable":true,"href":"https:\/\/tinyknit.eu\/es\/wp-json\/wp\/v2\/media\/23138"}],"wp:attachment":[{"href":"https:\/\/tinyknit.eu\/es\/wp-json\/wp\/v2\/media?parent=23133"}],"wp:term":[{"taxonomy":"product_brand","embeddable":true,"href":"https:\/\/tinyknit.eu\/es\/wp-json\/wp\/v2\/product_brand?post=23133"},{"taxonomy":"product_cat","embeddable":true,"href":"https:\/\/tinyknit.eu\/es\/wp-json\/wp\/v2\/product_cat?post=23133"},{"taxonomy":"product_tag","embeddable":true,"href":"https:\/\/tinyknit.eu\/es\/wp-json\/wp\/v2\/product_tag?post=23133"}],"curies":[{"name":"wp","href":"https:\/\/api.w.org\/{rel}","templated":true}]}}