{"id":23103,"date":"2024-04-14T17:57:41","date_gmt":"2024-04-14T17:57:41","guid":{"rendered":"https:\/\/tinyknit.eu\/product\/sin%20categor\u00eda\/knitted-rattle-rabbit-2\/"},"modified":"2025-04-05T18:56:47","modified_gmt":"2025-04-05T18:56:47","slug":"sonajero-de-crochet-conejo","status":"publish","type":"product","link":"https:\/\/tinyknit.eu\/es\/product\/listo-para-enviar\/sonajero-de-crochet-conejo\/","title":{"rendered":"Sonajero de crochet \u2013 Conejo"},"content":{"rendered":"<p>El <strong>sonajero de crochet<\/strong> es un excelente regalo para tu beb\u00e9, fomentando su alegr\u00eda por descubrir y desarrollando su motricidad fina. El juguete se adapta c\u00f3modamente a la mano del beb\u00e9, es absolutamente seguro y no irrita la piel. El sonajero est\u00e1 dise\u00f1ado sin piezas peque\u00f1as, con ojos y nariz bordados.<\/p>\n<p><strong>Material:<\/strong> 60% algod\u00f3n, 40% acr\u00edlico y anillo de madera de haya<br \/>\n<strong>Relleno:<\/strong> 100% holofibra (relleno no alerg\u00e9nico)<br \/>\n<strong>Altura:<\/strong> 15 cm<br \/>\n<strong>Apto desde el nacimiento.<\/strong><br \/>\nIncluye campanitas en su interior. Todas las piezas est\u00e1n cosidas a mano de forma segura, sin el uso de pegamento.<\/p>\n<p><strong>Recomendaciones de cuidado:<\/strong><br \/>\n\u2022 Limpiar con agua tibia y jab\u00f3n, y secar al aire.<br \/>\n\u2022 No sumergir en agua, ya que esto podr\u00eda secar y causar astillas o grietas en la madera.<\/p>\n","protected":false},"excerpt":{"rendered":"<p>El <strong>sonajero de crochet<\/strong> es un excelente regalo para tu beb\u00e9, fomentando su alegr\u00eda por descubrir y desarrollando su motricidad fina. El juguete se adapta c\u00f3modamente a la mano del beb\u00e9, es absolutamente seguro y no irrita la piel. El sonajero est\u00e1 dise\u00f1ado sin piezas peque\u00f1as, con ojos y nariz bordados.<\/p>\n<p><iframe title=\"YouTube video player\" src=\"https:\/\/www.youtube.com\/embed\/nwG5LryKEhI?si=HWL14W0DCldFwhkD\" width=\"560\" height=\"315\" frameborder=\"0\" allowfullscreen=\"allowfullscreen\"><\/iframe><\/p>\n","protected":false},"featured_media":23109,"comment_status":"open","ping_status":"closed","template":"","meta":[],"product_brand":[],"product_cat":[535,527],"product_tag":[],"class_list":{"0":"post-23103","1":"product","2":"type-product","3":"status-publish","4":"has-post-thumbnail","6":"product_cat-listo-para-enviar","7":"product_cat-sonajeros-de-crochet","9":"first","10":"instock","11":"taxable","12":"shipping-taxable","13":"purchasable","14":"product-type-simple"},"_links":{"self":[{"href":"https:\/\/tinyknit.eu\/es\/wp-json\/wp\/v2\/product\/23103","targetHints":{"allow":["GET"]}}],"collection":[{"href":"https:\/\/tinyknit.eu\/es\/wp-json\/wp\/v2\/product"}],"about":[{"href":"https:\/\/tinyknit.eu\/es\/wp-json\/wp\/v2\/types\/product"}],"replies":[{"embeddable":true,"href":"https:\/\/tinyknit.eu\/es\/wp-json\/wp\/v2\/comments?post=23103"}],"version-history":[{"count":1,"href":"https:\/\/tinyknit.eu\/es\/wp-json\/wp\/v2\/product\/23103\/revisions"}],"predecessor-version":[{"id":23115,"href":"https:\/\/tinyknit.eu\/es\/wp-json\/wp\/v2\/product\/23103\/revisions\/23115"}],"wp:featuredmedia":[{"embeddable":true,"href":"https:\/\/tinyknit.eu\/es\/wp-json\/wp\/v2\/media\/23109"}],"wp:attachment":[{"href":"https:\/\/tinyknit.eu\/es\/wp-json\/wp\/v2\/media?parent=23103"}],"wp:term":[{"taxonomy":"product_brand","embeddable":true,"href":"https:\/\/tinyknit.eu\/es\/wp-json\/wp\/v2\/product_brand?post=23103"},{"taxonomy":"product_cat","embeddable":true,"href":"https:\/\/tinyknit.eu\/es\/wp-json\/wp\/v2\/product_cat?post=23103"},{"taxonomy":"product_tag","embeddable":true,"href":"https:\/\/tinyknit.eu\/es\/wp-json\/wp\/v2\/product_tag?post=23103"}],"curies":[{"name":"wp","href":"https:\/\/api.w.org\/{rel}","templated":true}]}}