{"id":23058,"date":"2024-03-24T08:38:28","date_gmt":"2024-03-24T08:38:28","guid":{"rendered":"https:\/\/tinyknit.eu\/?post_type=product&#038;p=23058"},"modified":"2024-11-13T12:51:46","modified_gmt":"2024-11-13T12:51:46","slug":"juguete-arrugado-arcoiris-rosa-empolvado","status":"publish","type":"product","link":"https:\/\/tinyknit.eu\/es\/product\/juguetes-arrugados\/juguete-arrugado-arcoiris-rosa-empolvado\/","title":{"rendered":"Juguete arrugado \u2013 Arco\u00edris Rosa Empolvado"},"content":{"rendered":"<p>El <strong>juguete arrugado<\/strong> es un excelente regalo para tu beb\u00e9, fomentando su alegr\u00eda por descubrir y desarrollando su motricidad fina. El juguete se adapta c\u00f3modamente a la mano del beb\u00e9, es absolutamente seguro y no irrita la piel. Tiene una textura suave y delicada, perfecta para la estimulaci\u00f3n t\u00e1ctil. La cuerda permite sujetar el juguete en cualquier lugar, como una cuna o un chupete.<\/p>\n<p><strong>Material:<\/strong> Tela de algod\u00f3n 100% premium con material sensorial crujiente entre las capas<br \/>\n<strong>Tama\u00f1o:<\/strong> ~11 x 10 cm<br \/>\n<strong>Longitud de la cuerda:<\/strong> ~16 cm<br \/>\n<strong>Peso:<\/strong> ~10 g<br \/>\n<strong>Apto desde el nacimiento.<\/strong><br \/>\n<strong>\u00a1Atenci\u00f3n!<\/strong> El chupete no est\u00e1 incluido en el set.<\/p>\n<p><strong>El set incluye:<\/strong><br \/>\n\u2022 1x Juguete arrugado<\/p>\n<p><strong>Recomendaciones de cuidado:<\/strong> Limpiar con agua tibia y jab\u00f3n, secar al aire.<\/p>\n","protected":false},"excerpt":{"rendered":"<p>El <strong>juguete arrugado<\/strong> es un excelente regalo para tu beb\u00e9, fomentando su alegr\u00eda por descubrir y desarrollando su motricidad fina. El juguete se adapta c\u00f3modamente a la mano del beb\u00e9, es absolutamente seguro y no irrita la piel. Tiene una textura suave y delicada, perfecta para la estimulaci\u00f3n t\u00e1ctil. La cuerda permite sujetar el juguete en cualquier lugar, como una cuna o un chupete.<\/p>\n<p><iframe title=\"YouTube video player\" src=\"https:\/\/www.youtube.com\/embed\/K9qUYE4QcOc?si=nwc5FO7bHAaxpvtg\" width=\"560\" height=\"315\" frameborder=\"0\" allowfullscreen=\"allowfullscreen\"><\/iframe><\/p>\n","protected":false},"featured_media":23061,"comment_status":"open","ping_status":"closed","template":"","meta":[],"product_brand":[],"product_cat":[526,535],"product_tag":[],"class_list":{"0":"post-23058","1":"product","2":"type-product","3":"status-publish","4":"has-post-thumbnail","6":"product_cat-juguetes-arrugados","7":"product_cat-listo-para-enviar","9":"first","10":"instock","11":"taxable","12":"shipping-taxable","13":"purchasable","14":"product-type-simple"},"_links":{"self":[{"href":"https:\/\/tinyknit.eu\/es\/wp-json\/wp\/v2\/product\/23058","targetHints":{"allow":["GET"]}}],"collection":[{"href":"https:\/\/tinyknit.eu\/es\/wp-json\/wp\/v2\/product"}],"about":[{"href":"https:\/\/tinyknit.eu\/es\/wp-json\/wp\/v2\/types\/product"}],"replies":[{"embeddable":true,"href":"https:\/\/tinyknit.eu\/es\/wp-json\/wp\/v2\/comments?post=23058"}],"version-history":[{"count":2,"href":"https:\/\/tinyknit.eu\/es\/wp-json\/wp\/v2\/product\/23058\/revisions"}],"predecessor-version":[{"id":23079,"href":"https:\/\/tinyknit.eu\/es\/wp-json\/wp\/v2\/product\/23058\/revisions\/23079"}],"wp:featuredmedia":[{"embeddable":true,"href":"https:\/\/tinyknit.eu\/es\/wp-json\/wp\/v2\/media\/23061"}],"wp:attachment":[{"href":"https:\/\/tinyknit.eu\/es\/wp-json\/wp\/v2\/media?parent=23058"}],"wp:term":[{"taxonomy":"product_brand","embeddable":true,"href":"https:\/\/tinyknit.eu\/es\/wp-json\/wp\/v2\/product_brand?post=23058"},{"taxonomy":"product_cat","embeddable":true,"href":"https:\/\/tinyknit.eu\/es\/wp-json\/wp\/v2\/product_cat?post=23058"},{"taxonomy":"product_tag","embeddable":true,"href":"https:\/\/tinyknit.eu\/es\/wp-json\/wp\/v2\/product_tag?post=23058"}],"curies":[{"name":"wp","href":"https:\/\/api.w.org\/{rel}","templated":true}]}}