{"id":33963,"date":"2025-09-14T09:40:50","date_gmt":"2025-09-14T09:40:50","guid":{"rendered":"https:\/\/tinyknit.eu\/installment-plan-klarna\/"},"modified":"2025-09-14T09:48:13","modified_gmt":"2025-09-14T09:48:13","slug":"plan-de-pago-a-plazos-klarna","status":"publish","type":"page","link":"https:\/\/tinyknit.eu\/es\/plan-de-pago-a-plazos-klarna\/","title":{"rendered":"Plan de pago a plazos Klarna"},"content":{"rendered":"<p><img decoding=\"async\" class=\"aligncenter wp-image-33945 size-full\" src=\"https:\/\/tinyknit.eu\/wp-content\/uploads\/2025\/09\/klarna.jpg\" alt=\"\" width=\"600\" height=\"65\" srcset=\"https:\/\/tinyknit.eu\/wp-content\/uploads\/2025\/09\/klarna.jpg 600w, https:\/\/tinyknit.eu\/wp-content\/uploads\/2025\/09\/klarna-400x43.jpg 400w, https:\/\/tinyknit.eu\/wp-content\/uploads\/2025\/09\/klarna-430x47.jpg 430w, https:\/\/tinyknit.eu\/wp-content\/uploads\/2025\/09\/klarna-150x16.jpg 150w\" sizes=\"(max-width: 600px) 100vw, 600px\" \/><\/p>\n<p data-start=\"3095\" data-end=\"3156\"><strong>Klarna \u2013 \u00a1pagos flexibles de forma sencilla!<\/strong><\/p>\n<p data-start=\"3158\" data-end=\"3366\">Klarna te permite comprar ahora y pagar despu\u00e9s de la manera que m\u00e1s te convenga. Ya sea que prefieras dividir tu compra en cuotas, retrasar el pago o pagar de inmediato, Klarna lo hace f\u00e1cil y conveniente.<\/p>\n<ul>\n<li data-start=\"3368\" data-end=\"3408\">Sin cargos ocultos si se paga a tiempo<\/li>\n<li data-start=\"3410\" data-end=\"3466\">Elige entre planes de pago flexibles o pagar m\u00e1s tarde<\/li>\n<li data-start=\"3468\" data-end=\"3516\">Experiencia de pago fluida con solo unos clics<\/li>\n<\/ul>\n<p data-start=\"3518\" data-end=\"3594\">El m\u00e9todo de pago es proporcionado y gestionado por Klarna Bank AB (publ).<\/p>\n","protected":false},"excerpt":{"rendered":"<p>Klarna \u2013 \u00a1pagos flexibles de forma sencilla! Klarna te permite comprar ahora y pagar despu\u00e9s de la manera que m\u00e1s<\/p>\n","protected":false},"author":1,"featured_media":0,"parent":0,"menu_order":0,"comment_status":"closed","ping_status":"closed","template":"","meta":{"footnotes":""},"class_list":["post-33963","page","type-page","status-publish","hentry"],"_links":{"self":[{"href":"https:\/\/tinyknit.eu\/es\/wp-json\/wp\/v2\/pages\/33963","targetHints":{"allow":["GET"]}}],"collection":[{"href":"https:\/\/tinyknit.eu\/es\/wp-json\/wp\/v2\/pages"}],"about":[{"href":"https:\/\/tinyknit.eu\/es\/wp-json\/wp\/v2\/types\/page"}],"author":[{"embeddable":true,"href":"https:\/\/tinyknit.eu\/es\/wp-json\/wp\/v2\/users\/1"}],"replies":[{"embeddable":true,"href":"https:\/\/tinyknit.eu\/es\/wp-json\/wp\/v2\/comments?post=33963"}],"version-history":[{"count":1,"href":"https:\/\/tinyknit.eu\/es\/wp-json\/wp\/v2\/pages\/33963\/revisions"}],"predecessor-version":[{"id":33969,"href":"https:\/\/tinyknit.eu\/es\/wp-json\/wp\/v2\/pages\/33963\/revisions\/33969"}],"wp:attachment":[{"href":"https:\/\/tinyknit.eu\/es\/wp-json\/wp\/v2\/media?parent=33963"}],"curies":[{"name":"wp","href":"https:\/\/api.w.org\/{rel}","templated":true}]}}