{"id":30316,"date":"2025-06-15T18:49:14","date_gmt":"2025-06-15T18:49:14","guid":{"rendered":"https:\/\/tinyknit.eu\/fabricant-de-jouets-sur-mesure\/"},"modified":"2025-06-15T19:30:21","modified_gmt":"2025-06-15T19:30:21","slug":"constructor-de-juguetes-personalizados","status":"publish","type":"page","link":"https:\/\/tinyknit.eu\/es\/constructor-de-juguetes-personalizados\/","title":{"rendered":"Constructor de juguetes personalizados"},"content":{"rendered":"\t\t<div data-elementor-type=\"wp-page\" data-elementor-id=\"30316\" class=\"elementor elementor-30316 elementor-30272\">\n\t\t\t\t\t\t<section class=\"wd-negative-gap elementor-section elementor-top-section elementor-element elementor-element-68f810a elementor-section-boxed elementor-section-height-default elementor-section-height-default\" data-id=\"68f810a\" data-element_type=\"section\">\n\t\t\t\t\t\t<div class=\"elementor-container elementor-column-gap-default\">\n\t\t\t\t\t<div class=\"elementor-column elementor-col-100 elementor-top-column elementor-element elementor-element-3732410\" data-id=\"3732410\" data-element_type=\"column\">\n\t\t\t<div class=\"elementor-widget-wrap elementor-element-populated\">\n\t\t\t\t\t\t<div class=\"elementor-element elementor-element-ccd18cc elementor-widget elementor-widget-image\" data-id=\"ccd18cc\" data-element_type=\"widget\" data-widget_type=\"image.default\">\n\t\t\t\t<div class=\"elementor-widget-container\">\n\t\t\t\t\t\t\t\t\t\t\t\t\t\t\t<img fetchpriority=\"high\" decoding=\"async\" width=\"1200\" height=\"300\" src=\"https:\/\/tinyknit.eu\/wp-content\/uploads\/2025\/06\/etsy-1200x300-1.jpg\" class=\"attachment-full size-full wp-image-30285\" alt=\"\" srcset=\"https:\/\/tinyknit.eu\/wp-content\/uploads\/2025\/06\/etsy-1200x300-1.jpg 1200w, https:\/\/tinyknit.eu\/wp-content\/uploads\/2025\/06\/etsy-1200x300-1-400x100.jpg 400w, https:\/\/tinyknit.eu\/wp-content\/uploads\/2025\/06\/etsy-1200x300-1-768x192.jpg 768w, https:\/\/tinyknit.eu\/wp-content\/uploads\/2025\/06\/etsy-1200x300-1-430x108.jpg 430w, https:\/\/tinyknit.eu\/wp-content\/uploads\/2025\/06\/etsy-1200x300-1-700x175.jpg 700w, https:\/\/tinyknit.eu\/wp-content\/uploads\/2025\/06\/etsy-1200x300-1-150x38.jpg 150w\" sizes=\"(max-width: 1200px) 100vw, 1200px\" \/>\t\t\t\t\t\t\t\t\t\t\t\t\t\t\t<\/div>\n\t\t\t\t<\/div>\n\t\t\t\t\t<\/div>\n\t\t<\/div>\n\t\t\t\t\t<\/div>\n\t\t<\/section>\n\t\t\t\t<section class=\"wd-negative-gap elementor-section elementor-top-section elementor-element elementor-element-3766a26 elementor-section-boxed elementor-section-height-default elementor-section-height-default\" data-id=\"3766a26\" data-element_type=\"section\">\n\t\t\t\t\t\t<div class=\"elementor-container elementor-column-gap-default\">\n\t\t\t\t\t<div class=\"elementor-column elementor-col-100 elementor-top-column elementor-element elementor-element-45113bc\" data-id=\"45113bc\" data-element_type=\"column\">\n\t\t\t<div class=\"elementor-widget-wrap elementor-element-populated\">\n\t\t\t\t\t\t<div class=\"elementor-element elementor-element-8cef006 wd-width-100 elementor-widget elementor-widget-wd_title\" data-id=\"8cef006\" data-element_type=\"widget\" data-widget_type=\"wd_title.default\">\n\t\t\t\t<div class=\"elementor-widget-container\">\n\t\t\t\t\t\t\t<div class=\"title-wrapper wd-set-mb reset-last-child wd-title-color-default wd-title-style-default wd-title-size-default text-center\">\n\n\t\t\t\n\t\t\t<div class=\"liner-continer\">\n\t\t\t\t<h4 class=\"woodmart-title-container title wd-fontsize-l\">\u00a1Crea el juguete de tus sue\u00f1os!<\/h4> \n\t\t\t\t\t\t\t<\/div>\n\n\t\t\t\t\t<\/div>\n\t\t\t\t\t\t<\/div>\n\t\t\t\t<\/div>\n\t\t\t\t<div class=\"elementor-element elementor-element-b890171 elementor-widget elementor-widget-wd_text_block\" data-id=\"b890171\" data-element_type=\"widget\" data-widget_type=\"wd_text_block.default\">\n\t\t\t\t<div class=\"elementor-widget-container\">\n\t\t\t\t\t\t\t<div class=\"wd-text-block reset-last-child text-left\">\n\t\t\t\n\t\t\t<p data-start=\"2864\" data-end=\"3113\">Algunos de nuestros juguetes est\u00e1n disponibles con opci\u00f3n de personalizaci\u00f3n, lo que significa que puedes modificar ciertas partes y hacer que el juguete sea realmente \u00fanico. S\u00e9 parte del proceso creativo y dise\u00f1a un compa\u00f1ero especial para tu peque\u00f1o \u2014 o como un regalo con mucho cari\u00f1o.<\/p>\n\t\t\t\t\t<\/div>\n\t\t\t\t\t\t<\/div>\n\t\t\t\t<\/div>\n\t\t\t\t\t<\/div>\n\t\t<\/div>\n\t\t\t\t\t<\/div>\n\t\t<\/section>\n\t\t\t\t<section class=\"wd-negative-gap elementor-section elementor-top-section elementor-element elementor-element-56e5f9d elementor-section-boxed elementor-section-height-default elementor-section-height-default\" data-id=\"56e5f9d\" data-element_type=\"section\">\n\t\t\t\t\t\t<div class=\"elementor-container elementor-column-gap-default\">\n\t\t\t\t\t<div class=\"elementor-column elementor-col-100 elementor-top-column elementor-element elementor-element-9be6fcb\" data-id=\"9be6fcb\" data-element_type=\"column\">\n\t\t\t<div class=\"elementor-widget-wrap elementor-element-populated\">\n\t\t\t\t\t\t<div class=\"elementor-element elementor-element-e6f9873 elementor-widget-divider--view-line elementor-widget elementor-widget-divider\" data-id=\"e6f9873\" data-element_type=\"widget\" data-widget_type=\"divider.default\">\n\t\t\t\t<div class=\"elementor-widget-container\">\n\t\t\t\t\t\t\t<div class=\"elementor-divider\">\n\t\t\t<span class=\"elementor-divider-separator\">\n\t\t\t\t\t\t<\/span>\n\t\t<\/div>\n\t\t\t\t\t\t<\/div>\n\t\t\t\t<\/div>\n\t\t\t\t\t<\/div>\n\t\t<\/div>\n\t\t\t\t\t<\/div>\n\t\t<\/section>\n\t\t\t\t<section class=\"wd-negative-gap elementor-section elementor-top-section elementor-element elementor-element-a8a3751 elementor-section-boxed elementor-section-height-default elementor-section-height-default\" data-id=\"a8a3751\" data-element_type=\"section\">\n\t\t\t\t\t\t<div class=\"elementor-container elementor-column-gap-default\">\n\t\t\t\t\t<div class=\"elementor-column elementor-col-33 elementor-top-column elementor-element elementor-element-343ac0d\" data-id=\"343ac0d\" data-element_type=\"column\">\n\t\t\t<div class=\"elementor-widget-wrap elementor-element-populated\">\n\t\t\t\t\t\t<div class=\"elementor-element elementor-element-ed6490b wd-width-100 elementor-widget elementor-widget-wd_title\" data-id=\"ed6490b\" data-element_type=\"widget\" data-widget_type=\"wd_title.default\">\n\t\t\t\t<div class=\"elementor-widget-container\">\n\t\t\t\t\t\t\t<div class=\"title-wrapper wd-set-mb reset-last-child wd-title-color-default wd-title-style-default wd-title-size-default text-center\">\n\n\t\t\t\n\t\t\t<div class=\"liner-continer\">\n\t\t\t\t<h4 class=\"woodmart-title-container title wd-fontsize-l\">\u00bfQu\u00e9 puedes personalizar?<\/h4> \n\t\t\t\t\t\t\t<\/div>\n\n\t\t\t\t\t\t\t<div class=\"title-after_title reset-last-child wd-fontsize-xs\">\n\t\t\t\t\t<p>Para ciertos juguetes, puedes elegir:<br \/>\ud83c\udfa8 Color del cuerpo<br \/>\ud83d\udc40 Color de los ojos<br \/>\ud83d\udc3e Color de patas, orejas o cola (var\u00eda seg\u00fan el juguete)<\/p><p>Todos los materiales son hipoalerg\u00e9nicos y seguros para ni\u00f1os, independientemente de la personalizaci\u00f3n.<\/p>\t\t\t\t<\/div>\n\t\t\t\t\t<\/div>\n\t\t\t\t\t\t<\/div>\n\t\t\t\t<\/div>\n\t\t\t\t\t<\/div>\n\t\t<\/div>\n\t\t\t\t<div class=\"elementor-column elementor-col-33 elementor-top-column elementor-element elementor-element-6c7daa7\" data-id=\"6c7daa7\" data-element_type=\"column\">\n\t\t\t<div class=\"elementor-widget-wrap elementor-element-populated\">\n\t\t\t\t\t\t<div class=\"elementor-element elementor-element-2517008 wd-width-100 elementor-widget elementor-widget-wd_title\" data-id=\"2517008\" data-element_type=\"widget\" data-widget_type=\"wd_title.default\">\n\t\t\t\t<div class=\"elementor-widget-container\">\n\t\t\t\t\t\t\t<div class=\"title-wrapper wd-set-mb reset-last-child wd-title-color-default wd-title-style-default wd-title-size-default text-center\">\n\n\t\t\t\n\t\t\t<div class=\"liner-continer\">\n\t\t\t\t<h4 class=\"woodmart-title-container title wd-fontsize-l\">C\u00f3mo funciona:<\/h4> \n\t\t\t\t\t\t\t<\/div>\n\n\t\t\t\t\t\t\t<div class=\"title-after_title reset-last-child wd-fontsize-xs\">\n\t\t\t\t\t<p>1) Busca la etiqueta \"Selecciona el tipo de juguete\" en la p\u00e1gina del producto<\/p><p>2) Haz clic en \"Quiero elegir otro color \/ mi propio color\"<\/p><p>3) Elige tus colores favoritos de nuestra paleta<\/p><p>4) A\u00f1ade notas o preferencias (opcional)<\/p><p>5) Realiza tu pedido \u2014 \u00a1nosotros nos encargamos del resto!<\/p>\t\t\t\t<\/div>\n\t\t\t\t\t<\/div>\n\t\t\t\t\t\t<\/div>\n\t\t\t\t<\/div>\n\t\t\t\t\t<\/div>\n\t\t<\/div>\n\t\t\t\t<div class=\"elementor-column elementor-col-33 elementor-top-column elementor-element elementor-element-98f9c78\" data-id=\"98f9c78\" data-element_type=\"column\">\n\t\t\t<div class=\"elementor-widget-wrap elementor-element-populated\">\n\t\t\t\t\t\t<div class=\"elementor-element elementor-element-9e86df6 wd-width-100 elementor-widget elementor-widget-wd_title\" data-id=\"9e86df6\" data-element_type=\"widget\" data-widget_type=\"wd_title.default\">\n\t\t\t\t<div class=\"elementor-widget-container\">\n\t\t\t\t\t\t\t<div class=\"title-wrapper wd-set-mb reset-last-child wd-title-color-default wd-title-style-default wd-title-size-default text-center\">\n\n\t\t\t\n\t\t\t<div class=\"liner-continer\">\n\t\t\t\t<h4 class=\"woodmart-title-container title wd-fontsize-l\">Hecho a mano con amor<\/h4> \n\t\t\t\t\t\t\t<\/div>\n\n\t\t\t\t\t\t\t<div class=\"title-after_title reset-last-child wd-fontsize-xs\">\n\t\t\t\t\t<p>Al igual que nuestros juguetes est\u00e1ndar, los personalizados son:<br \/>\u2022 Hechos a mano con felpa y lana de algod\u00f3n<br \/>\u2022 Rellenos con holofibra hipoalerg\u00e9nica<br \/>\u2022 Fabricados en un estudio libre de humo y mascotas en Estonia, UE<\/p>\t\t\t\t<\/div>\n\t\t\t\t\t<\/div>\n\t\t\t\t\t\t<\/div>\n\t\t\t\t<\/div>\n\t\t\t\t\t<\/div>\n\t\t<\/div>\n\t\t\t\t\t<\/div>\n\t\t<\/section>\n\t\t\t\t<section class=\"wd-negative-gap elementor-section elementor-top-section elementor-element elementor-element-45c86c0 elementor-section-boxed elementor-section-height-default elementor-section-height-default\" data-id=\"45c86c0\" data-element_type=\"section\">\n\t\t\t\t\t\t<div class=\"elementor-container elementor-column-gap-default\">\n\t\t\t\t\t<div class=\"elementor-column elementor-col-100 elementor-top-column elementor-element elementor-element-47fa834\" data-id=\"47fa834\" data-element_type=\"column\">\n\t\t\t<div class=\"elementor-widget-wrap elementor-element-populated\">\n\t\t\t\t\t\t<div class=\"elementor-element elementor-element-a152bb7 elementor-widget-divider--view-line elementor-widget elementor-widget-divider\" data-id=\"a152bb7\" data-element_type=\"widget\" data-widget_type=\"divider.default\">\n\t\t\t\t<div class=\"elementor-widget-container\">\n\t\t\t\t\t\t\t<div class=\"elementor-divider\">\n\t\t\t<span class=\"elementor-divider-separator\">\n\t\t\t\t\t\t<\/span>\n\t\t<\/div>\n\t\t\t\t\t\t<\/div>\n\t\t\t\t<\/div>\n\t\t\t\t\t<\/div>\n\t\t<\/div>\n\t\t\t\t\t<\/div>\n\t\t<\/section>\n\t\t\t\t<section class=\"wd-negative-gap elementor-section elementor-top-section elementor-element elementor-element-d6669d9 elementor-section-boxed elementor-section-height-default elementor-section-height-default\" data-id=\"d6669d9\" data-element_type=\"section\">\n\t\t\t\t\t\t<div class=\"elementor-container elementor-column-gap-default\">\n\t\t\t\t\t<div class=\"elementor-column elementor-col-100 elementor-top-column elementor-element elementor-element-debd609\" data-id=\"debd609\" data-element_type=\"column\">\n\t\t\t<div class=\"elementor-widget-wrap elementor-element-populated\">\n\t\t\t\t\t\t<div class=\"elementor-element elementor-element-e1d4fa7 wd-width-100 elementor-widget elementor-widget-wd_title\" data-id=\"e1d4fa7\" data-element_type=\"widget\" data-widget_type=\"wd_title.default\">\n\t\t\t\t<div class=\"elementor-widget-container\">\n\t\t\t\t\t\t\t<div class=\"title-wrapper wd-set-mb reset-last-child wd-title-color-default wd-title-style-default wd-title-size-default text-center\">\n\n\t\t\t\n\t\t\t<div class=\"liner-continer\">\n\t\t\t\t<h4 class=\"woodmart-title-container title wd-fontsize-l\">Un regalo \u00fanico y personal<\/h4> \n\t\t\t\t\t\t\t<\/div>\n\n\t\t\t\t\t\t\t<div class=\"title-after_title reset-last-child wd-fontsize-xs\">\n\t\t\t\t\t<p>Perfecto para baby showers, cumplea\u00f1os o simplemente porque s\u00ed \u2014 tu juguete personalizado llegar\u00e1 en un embalaje listo para regalar.<\/p>\t\t\t\t<\/div>\n\t\t\t\t\t<\/div>\n\t\t\t\t\t\t<\/div>\n\t\t\t\t<\/div>\n\t\t\t\t\t<\/div>\n\t\t<\/div>\n\t\t\t\t\t<\/div>\n\t\t<\/section>\n\t\t\t\t<\/div>\n\t\t","protected":false},"excerpt":{"rendered":"<p>\u00a1Crea el juguete de tus sue\u00f1os! Algunos de nuestros juguetes est\u00e1n disponibles con opci\u00f3n de personalizaci\u00f3n, lo que significa que<\/p>\n","protected":false},"author":1,"featured_media":0,"parent":0,"menu_order":0,"comment_status":"closed","ping_status":"closed","template":"","meta":{"footnotes":""},"class_list":["post-30316","page","type-page","status-publish","hentry"],"_links":{"self":[{"href":"https:\/\/tinyknit.eu\/es\/wp-json\/wp\/v2\/pages\/30316","targetHints":{"allow":["GET"]}}],"collection":[{"href":"https:\/\/tinyknit.eu\/es\/wp-json\/wp\/v2\/pages"}],"about":[{"href":"https:\/\/tinyknit.eu\/es\/wp-json\/wp\/v2\/types\/page"}],"author":[{"embeddable":true,"href":"https:\/\/tinyknit.eu\/es\/wp-json\/wp\/v2\/users\/1"}],"replies":[{"embeddable":true,"href":"https:\/\/tinyknit.eu\/es\/wp-json\/wp\/v2\/comments?post=30316"}],"version-history":[{"count":4,"href":"https:\/\/tinyknit.eu\/es\/wp-json\/wp\/v2\/pages\/30316\/revisions"}],"predecessor-version":[{"id":30320,"href":"https:\/\/tinyknit.eu\/es\/wp-json\/wp\/v2\/pages\/30316\/revisions\/30320"}],"wp:attachment":[{"href":"https:\/\/tinyknit.eu\/es\/wp-json\/wp\/v2\/media?parent=30316"}],"curies":[{"name":"wp","href":"https:\/\/api.w.org\/{rel}","templated":true}]}}