{"id":22876,"date":"2023-02-25T18:54:10","date_gmt":"2023-02-25T18:54:10","guid":{"rendered":"https:\/\/tinyknit.eu\/?page_id=22876"},"modified":"2024-11-11T13:32:01","modified_gmt":"2024-11-11T13:32:01","slug":"terminos-y-condiciones-de-uso","status":"publish","type":"page","link":"https:\/\/tinyknit.eu\/es\/terminos-y-condiciones-de-uso\/","title":{"rendered":"T\u00e9rminos y Condiciones de Uso"},"content":{"rendered":"<h3>Traducci\u00f3n al espa\u00f1ol:<\/h3>\n<hr \/>\n<ol>\n<li><strong>Validez de las condiciones de venta<\/strong><\/li>\n<\/ol>\n<p>1.1 Las condiciones de venta son v\u00e1lidas entre el comprador en la tienda en l\u00ednea tinyknit.eu (en adelante, el \u00abconsumidor\u00bb) y el comerciante Baltiny O\u00dc (la \u00abtienda en l\u00ednea\u00bb) para la compra de bienes y servicios.<\/p>\n<p>1.2 Adem\u00e1s de estos t\u00e9rminos y condiciones, las relaciones legales derivadas de la compra de productos en la tienda en l\u00ednea tinyknit.eu se regulan por la Ley de Obligaciones (LOA), la Ley de Protecci\u00f3n al Consumidor (CPA) y otras legislaciones aplicables en la Rep\u00fablica de Estonia.<\/p>\n<p>1.3 La tienda en l\u00ednea tinyknit.eu se reserva el derecho de modificar las condiciones de venta. Estos cambios estar\u00e1n disponibles en la p\u00e1gina web tinyknit.eu.<\/p>\n<hr \/>\n<ol start=\"2\">\n<li><strong>Informaci\u00f3n de precios y m\u00e9todos de pago<\/strong><\/li>\n<\/ol>\n<p>2.1 Todos los precios en la tienda en l\u00ednea tinyknit.eu incluyen un impuesto al valor agregado del 22%.<\/p>\n<p>2.2 Los precios son v\u00e1lidos desde la fecha de realizaci\u00f3n del pedido hasta la expiraci\u00f3n de la fecha de pago del pedido (1 d\u00eda despu\u00e9s de realizar el pedido).<\/p>\n<p>2.3 La tienda en l\u00ednea tinyknit.eu se reserva el derecho de realizar cambios en los precios de venta. Estos cambios estar\u00e1n disponibles en la p\u00e1gina web tinyknit.eu.<\/p>\n<p>2.4 A los precios se a\u00f1ade un cargo de env\u00edo. El costo de env\u00edo depende de la ubicaci\u00f3n del comprador y del m\u00e9todo de env\u00edo. El costo de env\u00edo se muestra al comprador al realizar el pedido.<\/p>\n<p>2.5 El pedido puede ser pagado de forma segura utilizando enlaces bancarios estonios (Swedbank, SEB, Luminor, Danske, LHV, Coop y Pocopay).<\/p>\n<p>2.6 El pago se realiza fuera de la tienda en l\u00ednea en el entorno de pago seguro del proveedor de servicios Maksekeskus AS.<\/p>\n<p>2.7 El vendedor no tiene acceso a los datos bancarios ni a los datos de tarjeta de cr\u00e9dito del cliente.<\/p>\n<p>2.8 El pago se realiza en euros.<\/p>\n<hr \/>\n<ol start=\"3\">\n<li><strong>Realizaci\u00f3n de un pedido<\/strong><\/li>\n<\/ol>\n<p>3.1 A\u00f1ada los productos deseados a su carrito de compras.<\/p>\n<p>3.2 Para realizar un pedido, primero haga clic en el enlace \u00abRealizar un pedido\u00bb en la p\u00e1gina del carrito de compras.<\/p>\n<p>3.3 Complete los campos de informaci\u00f3n requeridos en la p\u00e1gina de pago, seleccione un m\u00e9todo de entrega adecuado y haga clic en el enlace \u00abPedido con obligaci\u00f3n de pago\u00bb. Luego ver\u00e1 una factura, que puede pagar c\u00f3modamente a trav\u00e9s de un enlace bancario (Swedbank, SEB, Nordea, etc.) u otros m\u00e9todos de pago bancarios como el pago en euros. Los detalles de su pedido y una copia de la factura tambi\u00e9n ser\u00e1n enviados a su correo electr\u00f3nico.<\/p>\n<p>3.4 Complete cuidadosamente los campos en las p\u00e1ginas de informaci\u00f3n y confirmaci\u00f3n del pedido, ya que la precisi\u00f3n y correcci\u00f3n de los datos enviados afectan la r\u00e1pida y fluida entrega de sus compras y la resoluci\u00f3n de posibles disputas y quejas.<\/p>\n<p>3.5 Los pedidos realizados a trav\u00e9s de la tienda en l\u00ednea se procesan todos los d\u00edas de 9:00 a.m. a 05:00 p.m., sin incluir fines de semana (excluyendo d\u00edas festivos de la Rep\u00fablica de Estonia).<\/p>\n<hr \/>\n<ol start=\"4\">\n<li><strong>Entrada en vigor del contrato de venta<\/strong><\/li>\n<\/ol>\n<p>4.1 Con el contrato de venta, la tienda en l\u00ednea tinyknit.eu se compromete a entregar al consumidor los productos disponibles y aquellos que se producir\u00e1n pr\u00f3ximamente, as\u00ed como los productos que obtendr\u00e1 en el futuro, y a transferir su propiedad al consumidor, mientras que el consumidor se compromete a pagar a la tienda en l\u00ednea tinyknit.eu por los bienes en la cantidad indicada en la factura y a aceptar los bienes.<\/p>\n<p>4.2 Los pedidos que no hayan sido pagados se cancelar\u00e1n 48 horas despu\u00e9s de su realizaci\u00f3n.<\/p>\n<p>4.3 El contrato de venta entra en vigor despu\u00e9s de recibir el pago realizado por el consumidor en la cuenta bancaria de la tienda en l\u00ednea.<\/p>\n<hr \/>\n<ol start=\"5\">\n<li><strong>Entrega<\/strong><\/li>\n<\/ol>\n<p>5.1 Tras la entrada en vigor del contrato de venta, la tienda en l\u00ednea tinyknit.eu re\u00fane el pedido y lo entrega a los socios log\u00edsticos de la empresa para su env\u00edo.<\/p>\n<p>5.2 Los tiempos de entrega indicados en la p\u00e1gina web de la tienda en l\u00ednea aplican a partir del momento en que la tienda en l\u00ednea recibe el pago del pedido en su cuenta bancaria.<\/p>\n<p>5.3 Para evitar retrasos en la entrega, los formularios de pedido deben completarse cuidadosamente y la informaci\u00f3n de entrega proporcionada debe ser precisa y v\u00e1lida.<\/p>\n<p>5.4 La tienda en l\u00ednea tinyknit.eu no es responsable por demoras en la entrega si los productos fueron entregados a los socios log\u00edsticos a tiempo, pero la entrega se retras\u00f3 por circunstancias que la tienda en l\u00ednea tinyknit.eu no pudo prever o controlar.<\/p>\n<p>5.5 El cliente puede elegir entre entrega a domicilio por mensajero o recogida en tienda.<\/p>\n<p>5.5.1 Puede haber un per\u00edodo de espera de 3-8 d\u00edas para la entrega.<\/p>\n<p>5.6 Entrega del pedido a domicilio por mensajero.<\/p>\n<p>5.6.1 Se a\u00f1adir\u00e1 al precio del pedido un cargo de entrega de \u20ac15 (Harjumaa y Tallin) y \u20ac45 (Estonia).<\/p>\n<p>5.7 Si al recibir los productos, el cliente descubre que se le enviaron productos incorrectos o defectuosos, o que los productos no llegaron en buenas condiciones y en un paquete sellado, debe notificarlo inmediatamente a la tienda en l\u00ednea enviando un correo a <a rel=\"noopener\">info@tinyknit.eu<\/a>.<\/p>\n<hr \/>\n<ol start=\"6\">\n<li><strong>Pol\u00edtica de devoluciones<\/strong><\/li>\n<\/ol>\n<p>6.1 Despu\u00e9s de recibir el pedido, el comprador tiene derecho a desistir del contrato celebrado con la tienda en l\u00ednea dentro de los 14 d\u00edas.<\/p>\n<p>6.2 No se pueden devolver los bienes comprados si han sido fabricados o adquiridos espec\u00edficamente para el cliente por pedido especial. El art\u00edculo devuelto debe estar en su embalaje original y no haber sido usado.<\/p>\n<p>6.3 El derecho de desistimiento no aplica si el comprador es una persona jur\u00eddica.<\/p>\n<p>6.4 Para ejercer el derecho de desistimiento de 14 d\u00edas, no debe utilizar los productos de ninguna manera que no sea necesaria para determinar la naturaleza, caracter\u00edsticas y funcionamiento de los mismos de la misma forma en que se permitir\u00eda probarlos en una tienda f\u00edsica.<\/p>\n<hr \/>\n<ol start=\"10\">\n<li><strong>Resoluci\u00f3n de disputas<\/strong><\/li>\n<\/ol>\n<p>Cualquier queja que un comprador haga sobre la tienda en l\u00ednea debe enviarse por correo electr\u00f3nico a <a rel=\"noopener\">info@tinyknit.eu<\/a>.<\/p>\n","protected":false},"excerpt":{"rendered":"<p>Traducci\u00f3n al espa\u00f1ol: Validez de las condiciones de venta 1.1 Las condiciones de venta son v\u00e1lidas entre el comprador en<\/p>\n","protected":false},"author":1,"featured_media":0,"parent":0,"menu_order":0,"comment_status":"closed","ping_status":"closed","template":"","meta":{"footnotes":""},"class_list":["post-22876","page","type-page","status-publish","hentry"],"_links":{"self":[{"href":"https:\/\/tinyknit.eu\/es\/wp-json\/wp\/v2\/pages\/22876","targetHints":{"allow":["GET"]}}],"collection":[{"href":"https:\/\/tinyknit.eu\/es\/wp-json\/wp\/v2\/pages"}],"about":[{"href":"https:\/\/tinyknit.eu\/es\/wp-json\/wp\/v2\/types\/page"}],"author":[{"embeddable":true,"href":"https:\/\/tinyknit.eu\/es\/wp-json\/wp\/v2\/users\/1"}],"replies":[{"embeddable":true,"href":"https:\/\/tinyknit.eu\/es\/wp-json\/wp\/v2\/comments?post=22876"}],"version-history":[{"count":1,"href":"https:\/\/tinyknit.eu\/es\/wp-json\/wp\/v2\/pages\/22876\/revisions"}],"predecessor-version":[{"id":22877,"href":"https:\/\/tinyknit.eu\/es\/wp-json\/wp\/v2\/pages\/22876\/revisions\/22877"}],"wp:attachment":[{"href":"https:\/\/tinyknit.eu\/es\/wp-json\/wp\/v2\/media?parent=22876"}],"curies":[{"name":"wp","href":"https:\/\/api.w.org\/{rel}","templated":true}]}}