{"id":22851,"date":"2024-01-17T18:02:13","date_gmt":"2024-01-17T18:02:13","guid":{"rendered":"https:\/\/tinyknit.eu\/?page_id=22851"},"modified":"2024-11-11T07:47:39","modified_gmt":"2024-11-11T07:47:39","slug":"envio-y-devoluciones","status":"publish","type":"page","link":"https:\/\/tinyknit.eu\/es\/envio-y-devoluciones\/","title":{"rendered":"Env\u00edo y Devoluciones"},"content":{"rendered":"<p><strong>Env\u00edo:<\/strong><\/p>\n<p>Env\u00edo desde Estonia (UE).<\/p>\n<p>El tiempo de procesamiento de pedidos es de entre 3 a 6 d\u00edas h\u00e1biles para art\u00edculos en <strong>preventa<\/strong> y entre 1 a 2 d\u00edas h\u00e1biles para art\u00edculos <strong>en stock<\/strong>. El tiempo de procesamiento de pedido no es el tiempo de env\u00edo. Si el pedido incluye tanto art\u00edculos en stock como en preventa, tu pedido se enviar\u00e1 una vez que todos los art\u00edculos est\u00e9n en stock y listos para enviarse. Si deseas que tu pedido se env\u00ede antes, realiza pedidos por separado.<\/p>\n<p><strong>Entrega Mundial:<\/strong><\/p>\n\n<table id=\"tablepress-1\" class=\"tablepress tablepress-id-1\">\n<thead>\n<tr class=\"row-1\">\n\t<th class=\"column-1\">Country<\/th><th class=\"column-2\">Courier Delivery<\/th><th class=\"column-3\">Parcel pickup point (Post office)<\/th><th class=\"column-4\">Delivery time in days (approximately)<\/th>\n<\/tr>\n<\/thead>\n<tbody class=\"row-striping row-hover\">\n<tr class=\"row-2\">\n\t<td class=\"column-1\">Austria<\/td><td class=\"column-2\">15.96<\/td><td class=\"column-3\">9.25<\/td><td class=\"column-4\">5-8<\/td>\n<\/tr>\n<tr class=\"row-3\">\n\t<td class=\"column-1\">Belgium<\/td><td class=\"column-2\">15.38<\/td><td class=\"column-3\">8.22<\/td><td class=\"column-4\">5-9<\/td>\n<\/tr>\n<tr class=\"row-4\">\n\t<td class=\"column-1\">Bulgaria<\/td><td class=\"column-2\">17.06<\/td><td class=\"column-3\">11.23<\/td><td class=\"column-4\">8-13<\/td>\n<\/tr>\n<tr class=\"row-5\">\n\t<td class=\"column-1\">Ireland<\/td><td class=\"column-2\">21.19<\/td><td class=\"column-3\">15.11<\/td><td class=\"column-4\">8-13<\/td>\n<\/tr>\n<tr class=\"row-6\">\n\t<td class=\"column-1\">Germany<\/td><td class=\"column-2\">13.37<\/td><td class=\"column-3\">7.85<\/td><td class=\"column-4\">5-9<\/td>\n<\/tr>\n<tr class=\"row-7\">\n\t<td class=\"column-1\">Greece<\/td><td class=\"column-2\">18.53<\/td><td class=\"column-3\">12.62<\/td><td class=\"column-4\">6-12<\/td>\n<\/tr>\n<tr class=\"row-8\">\n\t<td class=\"column-1\">Spain<\/td><td class=\"column-2\">15.10<\/td><td class=\"column-3\">9.18<\/td><td class=\"column-4\">6-11<\/td>\n<\/tr>\n<tr class=\"row-9\">\n\t<td class=\"column-1\">Italy<\/td><td class=\"column-2\">13.73<\/td><td class=\"column-3\">10.58<\/td><td class=\"column-4\">6-11<\/td>\n<\/tr>\n<tr class=\"row-10\">\n\t<td class=\"column-1\">Luxembourg<\/td><td class=\"column-2\">15.07<\/td><td class=\"column-3\">9.38<\/td><td class=\"column-4\">4-8<\/td>\n<\/tr>\n<tr class=\"row-11\">\n\t<td class=\"column-1\">France<\/td><td class=\"column-2\">21.13<\/td><td class=\"column-3\">8.28<\/td><td class=\"column-4\">5-9<\/td>\n<\/tr>\n<tr class=\"row-12\">\n\t<td class=\"column-1\">Croatia<\/td><td class=\"column-2\">16.31<\/td><td class=\"column-3\">10.54<\/td><td class=\"column-4\">5-9<\/td>\n<\/tr>\n<tr class=\"row-13\">\n\t<td class=\"column-1\">Czech Republic<\/td><td class=\"column-2\">13.23<\/td><td class=\"column-3\">9.25<\/td><td class=\"column-4\">10-14<\/td>\n<\/tr>\n<tr class=\"row-14\">\n\t<td class=\"column-1\">Sweden<\/td><td class=\"column-2\">18.70<\/td><td class=\"column-3\">9.88<\/td><td class=\"column-4\">5-9<\/td>\n<\/tr>\n<tr class=\"row-15\">\n\t<td class=\"column-1\">Australia<\/td><td class=\"column-2\">33.73<\/td><td class=\"column-3\">20.83<\/td><td class=\"column-4\">13-25<\/td>\n<\/tr>\n<tr class=\"row-16\">\n\t<td class=\"column-1\">Argentina<\/td><td class=\"column-2\">35.79<\/td><td class=\"column-3\">20.84<\/td><td class=\"column-4\">11-19<\/td>\n<\/tr>\n<tr class=\"row-17\">\n\t<td class=\"column-1\">United Kingdom<\/td><td class=\"column-2\">21.19<\/td><td class=\"column-3\">15.11<\/td><td class=\"column-4\">4-8<\/td>\n<\/tr>\n<tr class=\"row-18\">\n\t<td class=\"column-1\">Canada<\/td><td class=\"column-2\">32.28<\/td><td class=\"column-3\">24.09<\/td><td class=\"column-4\">6-13<\/td>\n<\/tr>\n<tr class=\"row-19\">\n\t<td class=\"column-1\">South Korea<\/td><td class=\"column-2\">43.90<\/td><td class=\"column-3\">19.45<\/td><td class=\"column-4\">25-34<\/td>\n<\/tr>\n<tr class=\"row-20\">\n\t<td class=\"column-1\">New Zealand<\/td><td class=\"column-2\">33.04<\/td><td class=\"column-3\">25.25<\/td><td class=\"column-4\">11-20<\/td>\n<\/tr>\n<tr class=\"row-21\">\n\t<td class=\"column-1\">Norway<\/td><td class=\"column-2\">-<\/td><td class=\"column-3\">15.54<\/td><td class=\"column-4\">7-13<\/td>\n<\/tr>\n<tr class=\"row-22\">\n\t<td class=\"column-1\">USA<\/td><td class=\"column-2\">43.52<\/td><td class=\"column-3\">20.58<\/td><td class=\"column-4\">7-18<\/td>\n<\/tr>\n<tr class=\"row-23\">\n\t<td class=\"column-1\">Switzerland<\/td><td class=\"column-2\">19.33<\/td><td class=\"column-3\">14.20<\/td><td class=\"column-4\">8-11<\/td>\n<\/tr>\n<tr class=\"row-24\">\n\t<td class=\"column-1\">Japan<\/td><td class=\"column-2\">49.23<\/td><td class=\"column-3\">17.26<\/td><td class=\"column-4\">6-13<\/td>\n<\/tr>\n<\/tbody>\n<\/table>\n<!-- #tablepress-1 from cache -->\n<p>Los precios est\u00e1n en euros. El costo final de entrega se calcula en la p\u00e1gina de pago del pedido. El costo en la tabla es para paquetes de hasta 250 gramos. Los tiempos de entrega pueden extenderse durante los d\u00edas festivos. Agradecemos tu comprensi\u00f3n. Al hacer pedidos a pa\u00edses fuera de la Uni\u00f3n Europea, podr\u00eda aplicarse un arancel adicional (impuesto). Verifica la informaci\u00f3n exacta con la organizaci\u00f3n postal de tu pa\u00eds.<\/p>\n<p><strong>Devoluciones:<\/strong><\/p>\n<p>Despu\u00e9s de recibir el pedido, el comprador tiene derecho a desistir del contrato con la tienda en un plazo de 14 d\u00edas. No se aceptan devoluciones de bienes adquiridos o fabricados espec\u00edficamente para un cliente en un pedido especial. El art\u00edculo devuelto debe estar en su empaque original y sin uso. Para ejercer el derecho de desistimiento de 14 d\u00edas, no debes utilizar los art\u00edculos de ninguna manera distinta a la necesaria para verificar la naturaleza, caracter\u00edsticas y funcionamiento de los mismos, tal como lo har\u00edas en una tienda f\u00edsica. El comprador asumir\u00e1 el costo de devoluci\u00f3n de los productos, excepto en casos en los que el motivo de la devoluci\u00f3n sea que el producto recibido no cumple con el pedido (por ejemplo, un producto incorrecto o defectuoso). <a rel=\"noopener\">Leer m\u00e1s.<\/a><\/p>\n<p><strong>Preguntas Frecuentes:<\/strong><\/p>\n<p><strong>\u00bfQu\u00e9 ocurre si no recojo el paquete y es devuelto al remitente?<\/strong><br \/>\nSi el paquete se devuelve a m\u00ed porque no lo recogiste, no se reembolsar\u00e1n los fondos.<\/p>\n<p><strong>\u00bfEst\u00e1n incluidos en el precio los derechos de aduana, tasas e impuestos de importaci\u00f3n?<\/strong><br \/>\nLos costos de derechos de aduana, tasas e impuestos de importaci\u00f3n no est\u00e1n incluidos en el precio y son responsabilidad total del comprador.<\/p>\n<p><strong>\u00bfAceptan cambios y devoluciones?<\/strong><br \/>\nTienes 14 d\u00edas para devolver o cambiar el art\u00edculo. Inf\u00f3rmame dentro de los 3 d\u00edas si deseas devolver o cambiar el art\u00edculo. El comprador es responsable de los costos de env\u00edo de la devoluci\u00f3n y cualquier p\u00e9rdida de valor si el art\u00edculo no se devuelve en su condici\u00f3n original. Reembolsaremos el costo del art\u00edculo despu\u00e9s de recibirlo y verificar su condici\u00f3n original.<\/p>\n<p><strong>\u00bfQu\u00e9 hago si el paquete se demora?<\/strong><br \/>\nSeg\u00fan la ley, Correos tiene un per\u00edodo de respuesta de 30-90 d\u00edas durante el cual el paquete ser\u00e1 localizado y entregado o declarado como perdido. Si se declara como perdido, recibir\u00e1s un reembolso completo del monto del pedido. Ten en cuenta que todas las fechas son aproximadas y est\u00e1n fuera de mi control, ya que dependo del Servicio Postal para la entrega. Si el paquete finalmente se localiza y te es entregado, aunque sea despu\u00e9s de una demora significativa, no se emitir\u00e1 reembolso en ese caso.<\/p>\n<p><strong>\u00bfCu\u00e1l es su pol\u00edtica de cancelaci\u00f3n?<\/strong><br \/>\nAcepto cancelaciones dentro de las primeras 2 horas de la compra. La excepci\u00f3n son los productos personalizados.<\/p>\n<p><strong>\u00bfQu\u00e9 debo hacer si el art\u00edculo se da\u00f1a durante el env\u00edo?<\/strong><br \/>\nSi el producto se da\u00f1\u00f3 durante el env\u00edo, por favor env\u00edame una foto en un plazo de 3 d\u00edas desde su recepci\u00f3n, y te enviaremos un nuevo producto o te reembolsaremos.<\/p>\n<p><strong>\u00bfOfrecen envoltura de regalo para mi pedido?<\/strong><br \/>\nS\u00ed, ofrecemos una opci\u00f3n de envoltura de regalo por un cargo adicional. Cont\u00e1ctame para m\u00e1s informaci\u00f3n sobre la opci\u00f3n de envoltura de regalo.<\/p>\n<p><strong>\u00bfQu\u00e9 es un \u00abpunto de recogida de paquetes\u00bb?<\/strong><br \/>\nEs la oficina de correos m\u00e1s cercana en tu pa\u00eds. En algunos casos, el paquete puede ser entregado en un buz\u00f3n o por un servicio de mensajer\u00eda. En caso de p\u00e9rdida del paquete, se ofrece una compensaci\u00f3n m\u00ednima.<\/p>\n<p><strong>\u00bfQu\u00e9 es la \u00abentrega por mensajero\u00bb?<\/strong><br \/>\nEs la entrega directa a la puerta de tu casa u oficina. Si el servicio de mensajer\u00eda pierde tu paquete, se ofrece la m\u00e1xima compensaci\u00f3n por las p\u00e9rdidas.<\/p>\n","protected":false},"excerpt":{"rendered":"<p>Env\u00edo: Env\u00edo desde Estonia (UE). El tiempo de procesamiento de pedidos es de entre 3 a 6 d\u00edas h\u00e1biles para<\/p>\n","protected":false},"author":1,"featured_media":0,"parent":0,"menu_order":0,"comment_status":"closed","ping_status":"closed","template":"","meta":{"footnotes":""},"class_list":["post-22851","page","type-page","status-publish","hentry"],"_links":{"self":[{"href":"https:\/\/tinyknit.eu\/es\/wp-json\/wp\/v2\/pages\/22851","targetHints":{"allow":["GET"]}}],"collection":[{"href":"https:\/\/tinyknit.eu\/es\/wp-json\/wp\/v2\/pages"}],"about":[{"href":"https:\/\/tinyknit.eu\/es\/wp-json\/wp\/v2\/types\/page"}],"author":[{"embeddable":true,"href":"https:\/\/tinyknit.eu\/es\/wp-json\/wp\/v2\/users\/1"}],"replies":[{"embeddable":true,"href":"https:\/\/tinyknit.eu\/es\/wp-json\/wp\/v2\/comments?post=22851"}],"version-history":[{"count":1,"href":"https:\/\/tinyknit.eu\/es\/wp-json\/wp\/v2\/pages\/22851\/revisions"}],"predecessor-version":[{"id":22852,"href":"https:\/\/tinyknit.eu\/es\/wp-json\/wp\/v2\/pages\/22851\/revisions\/22852"}],"wp:attachment":[{"href":"https:\/\/tinyknit.eu\/es\/wp-json\/wp\/v2\/media?parent=22851"}],"curies":[{"name":"wp","href":"https:\/\/api.w.org\/{rel}","templated":true}]}}