{"id":22849,"date":"2023-02-25T18:54:39","date_gmt":"2023-02-25T18:54:39","guid":{"rendered":"https:\/\/tinyknit.eu\/?page_id=22849"},"modified":"2024-11-11T07:44:45","modified_gmt":"2024-11-11T07:44:45","slug":"politica-de-privacidad","status":"publish","type":"page","link":"https:\/\/tinyknit.eu\/es\/politica-de-privacidad\/","title":{"rendered":"Pol\u00edtica de privacidad"},"content":{"rendered":"<p>Los t\u00e9rminos y condiciones de esta pol\u00edtica de privacidad son v\u00e1lidos para la p\u00e1gina web\/tienda en l\u00ednea de Baltiny O\u00dc (en adelante tinyknit.eu) (www.tinyknit.eu). Los principios de la Pol\u00edtica de Privacidad se refieren a la recolecci\u00f3n, uso, publicaci\u00f3n, transferencia y almacenamiento de datos personales (en adelante, \u00abProcesamiento\u00bb). Los datos personales se procesan conforme a los requisitos legales y aplicando todas las precauciones para la protecci\u00f3n de los mismos. Al utilizar el sitio web, el cliente confirma que est\u00e1 de acuerdo con esta Pol\u00edtica de Privacidad.<\/p>\n<p>1. Responsable del procesamiento de datos personales<br \/>\nBaltiny O\u00dc<br \/>\nC\u00f3digo de registro comercial: 16972194<br \/>\nDirecci\u00f3n: Harju maakond, Tallin, distrito de P\u00f5hja-Tallinn, S\u00f5le tn 45-18, 10311<br \/>\nCorreo electr\u00f3nico: info@tinyknit.eu<\/p>\n<p>2. Recolecci\u00f3n y procesamiento de datos personales<br \/>\ntinyknit.eu considera como datos personales toda informaci\u00f3n relacionada con una persona natural identificada o identificable. Esto incluye:<\/p>\n<p>&#8211; Nombre y apellidos<br \/>\n&#8211; Direcci\u00f3n<br \/>\n&#8211; N\u00famero de tel\u00e9fono<br \/>\n&#8211; Correo electr\u00f3nico<br \/>\n&#8211; C\u00f3digo de identificaci\u00f3n personal<br \/>\n&#8211; Informaci\u00f3n sobre compras realizadas en las tiendas de tinyknit.eu y en la tienda en l\u00ednea<\/p>\n<p>tinyknit.eu enviar\u00e1 boletines informativos y ofertas a sus clientes \u00fanicamente si el cliente ha dado su consentimiento. El cliente tiene derecho a retirar este consentimiento en cualquier momento.<br \/>\ntinyknit.eu tiene el derecho de compartir datos personales con:<\/p>\n<p>&#8211; Empresas de transporte, si es necesario para la entrega de compras realizadas en la tienda en l\u00ednea;<br \/>\n&#8211; Autoridades de supervisi\u00f3n e investigaci\u00f3n, cuando lo exija la ley;<br \/>\n&#8211; Tribunales, organismos de resoluci\u00f3n extrajudicial, empresas de cobro de deudas;<br \/>\n&#8211; Socios de tinyknit.eu para enviar notificaciones de marketing (excepto cuando el cliente no ha dado su consentimiento para recibir boletines y ofertas).<\/p>\n<p>tinyknit.eu observa y asegura que todos los socios que reciben datos personales de clientes, conforme a esta Pol\u00edtica de Privacidad, mantengan la confidencialidad de los mismos bajo contrato y aseguren la protecci\u00f3n de los datos personales seg\u00fan lo dispuesto por la Ley de Protecci\u00f3n de Datos Personales.<br \/>\nLos clientes tienen el derecho de ver los datos recopilados sobre ellos y pueden solicitar en cualquier momento que sus datos personales sean corregidos o que se detenga su procesamiento.<br \/>\nSi el cliente considera que sus derechos han sido violados durante el procesamiento de sus datos personales, tiene derecho a dirigirse a tinyknit.eu, a la Inspecci\u00f3n de Protecci\u00f3n de Datos o a los tribunales.<\/p>\n<p>3. Recolecci\u00f3n de otros datos<br \/>\ntinyknit.eu tambi\u00e9n recopila datos no personales que no revelan la identidad de la persona (por ejemplo, g\u00e9nero, edad, ubicaci\u00f3n). Estos datos se recopilan y procesan para analizar el volumen de visitantes y su comportamiento de compra, con el fin de mejorar y desarrollar los productos y servicios ofrecidos por tinyknit.eu.<\/p>\n<p>4. M\u00e9todos de recolecci\u00f3n de datos<br \/>\nLos datos personales y no personales pueden ser recopilados de las siguientes maneras:<br \/>\n&#8211; Al proporcionar datos de contacto en las tiendas de tinyknit.eu o en la tienda en l\u00ednea;<br \/>\n&#8211; Mediante el uso del sitio web a trav\u00e9s de los datos de la cuenta del usuario o cookies;<br \/>\n&#8211; Al realizar una compra, consulta de precio o pedido en las tiendas de tinyknit.eu o en la tienda en l\u00ednea.<\/p>\n<p>5. Seguridad<br \/>\nTodos los datos personales divulgados a tinyknit.eu se tratan como informaci\u00f3n confidencial.<br \/>\nEl acceso a los datos personales para su procesamiento y modificaci\u00f3n es solo para personas autorizadas, y tinyknit.eu toma todas las precauciones necesarias (incluidas medidas administrativas, t\u00e9cnicas y f\u00edsicas) para proteger los datos personales de los clientes.<\/p>\n<p>6. Cambios en nuestra pol\u00edtica de privacidad<br \/>\ntinyknit.eu se reserva el derecho de cambiar los t\u00e9rminos y condiciones de la Pol\u00edtica de Privacidad publicando la Pol\u00edtica de Privacidad modificada en su sitio web. tinyknit.eu asegurar\u00e1 la protecci\u00f3n de los datos personales exigida por la ley, independientemente de cualquier cambio. Por favor, visite este sitio web con regularidad para ver cualquier modificaci\u00f3n.<br \/>\nSi tiene alguna pregunta o inquietud sobre la Pol\u00edtica de Privacidad o el procesamiento de datos, cont\u00e1ctenos en info@tinyknit.eu.<\/p>\n<p>7. El pago se realiza fuera de la tienda en l\u00ednea en el entorno de pago seguro del proveedor de servicios Maksekeskus AS.<\/p>\n","protected":false},"excerpt":{"rendered":"<p>Los t\u00e9rminos y condiciones de esta pol\u00edtica de privacidad son v\u00e1lidos para la p\u00e1gina web\/tienda en l\u00ednea de Baltiny O\u00dc<\/p>\n","protected":false},"author":1,"featured_media":0,"parent":0,"menu_order":0,"comment_status":"closed","ping_status":"closed","template":"","meta":{"footnotes":""},"class_list":["post-22849","page","type-page","status-publish","hentry"],"_links":{"self":[{"href":"https:\/\/tinyknit.eu\/es\/wp-json\/wp\/v2\/pages\/22849","targetHints":{"allow":["GET"]}}],"collection":[{"href":"https:\/\/tinyknit.eu\/es\/wp-json\/wp\/v2\/pages"}],"about":[{"href":"https:\/\/tinyknit.eu\/es\/wp-json\/wp\/v2\/types\/page"}],"author":[{"embeddable":true,"href":"https:\/\/tinyknit.eu\/es\/wp-json\/wp\/v2\/users\/1"}],"replies":[{"embeddable":true,"href":"https:\/\/tinyknit.eu\/es\/wp-json\/wp\/v2\/comments?post=22849"}],"version-history":[{"count":1,"href":"https:\/\/tinyknit.eu\/es\/wp-json\/wp\/v2\/pages\/22849\/revisions"}],"predecessor-version":[{"id":22850,"href":"https:\/\/tinyknit.eu\/es\/wp-json\/wp\/v2\/pages\/22849\/revisions\/22850"}],"wp:attachment":[{"href":"https:\/\/tinyknit.eu\/es\/wp-json\/wp\/v2\/media?parent=22849"}],"curies":[{"name":"wp","href":"https:\/\/api.w.org\/{rel}","templated":true}]}}