{"id":22833,"date":"2023-04-25T14:52:18","date_gmt":"2023-04-25T14:52:18","guid":{"rendered":"https:\/\/tinyknit.eu\/preguntas-frecuentes-faq\/"},"modified":"2025-07-29T06:08:12","modified_gmt":"2025-07-29T06:08:12","slug":"preguntas-frecuentes-faq","status":"publish","type":"page","link":"https:\/\/tinyknit.eu\/es\/preguntas-frecuentes-faq\/","title":{"rendered":"Preguntas Frecuentes (FAQ)<br><br>"},"content":{"rendered":"\t\t<div data-elementor-type=\"wp-page\" data-elementor-id=\"22833\" class=\"elementor elementor-22833 elementor-12682\">\n\t\t\t\t\t\t<section class=\"wd-negative-gap elementor-section elementor-top-section elementor-element elementor-element-53d1c30a elementor-section-boxed elementor-section-height-default elementor-section-height-default\" data-id=\"53d1c30a\" data-element_type=\"section\">\n\t\t\t\t\t\t<div class=\"elementor-container elementor-column-gap-default\">\n\t\t\t\t\t<div class=\"elementor-column elementor-col-100 elementor-top-column elementor-element elementor-element-3f2fac2b\" data-id=\"3f2fac2b\" data-element_type=\"column\">\n\t\t\t<div class=\"elementor-widget-wrap elementor-element-populated\">\n\t\t\t\t\t\t<div class=\"elementor-element elementor-element-563f3168 wd-width-100 elementor-widget elementor-widget-wd_title\" data-id=\"563f3168\" data-element_type=\"widget\" data-widget_type=\"wd_title.default\">\n\t\t\t\t<div class=\"elementor-widget-container\">\n\t\t\t\t\t\t\t<div class=\"title-wrapper wd-set-mb reset-last-child wd-title-color-default wd-title-style-underlined wd-title-size-default text-left\">\n\n\t\t\t\n\t\t\t<div class=\"liner-continer\">\n\t\t\t\t<h4 class=\"woodmart-title-container title wd-fontsize-l\">Preguntas Frecuentes<\/h4> \n\t\t\t\t\t\t\t<\/div>\n\n\t\t\t\t\t<\/div>\n\t\t\t\t\t\t<\/div>\n\t\t\t\t<\/div>\n\t\t\t\t<section class=\"wd-negative-gap elementor-section elementor-inner-section elementor-element elementor-element-165b47a3 elementor-section-boxed elementor-section-height-default elementor-section-height-default\" data-id=\"165b47a3\" data-element_type=\"section\">\n\t\t\t\t\t\t<div class=\"elementor-container elementor-column-gap-extended\">\n\t\t\t\t\t<div class=\"elementor-column elementor-col-50 elementor-inner-column elementor-element elementor-element-1df55440\" data-id=\"1df55440\" data-element_type=\"column\">\n\t\t\t<div class=\"elementor-widget-wrap elementor-element-populated\">\n\t\t\t\t\t\t<div class=\"elementor-element elementor-element-42af0a69 elementor-widget elementor-widget-wd_text_block\" data-id=\"42af0a69\" data-element_type=\"widget\" data-widget_type=\"wd_text_block.default\">\n\t\t\t\t<div class=\"elementor-widget-container\">\n\t\t\t\t\t\t\t<div class=\"wd-text-block reset-last-child text-left\">\n\t\t\t\n\t\t\t<h5>Pedidos personalizados y a medida<\/h5> S\u00ed, acepto pedidos de juguetes personalizados. \n\t\t\t\t\t<\/div>\n\t\t\t\t\t\t<\/div>\n\t\t\t\t<\/div>\n\t\t\t\t<div class=\"elementor-element elementor-element-3d202e43 elementor-widget elementor-widget-wd_text_block\" data-id=\"3d202e43\" data-element_type=\"widget\" data-widget_type=\"wd_text_block.default\">\n\t\t\t\t<div class=\"elementor-widget-container\">\n\t\t\t\t\t\t\t<div class=\"wd-text-block reset-last-child text-left\">\n\t\t\t\n\t\t\t<h5>Disponibilidad al por mayor <\/h5> S\u00ed, acepto pedidos al por mayor. Lamentablemente, soy la \u00fanica artesana, por lo que solo puedo cumplir con pedidos al por mayor peque\u00f1os. \n\t\t\t\t\t<\/div>\n\t\t\t\t\t\t<\/div>\n\t\t\t\t<\/div>\n\t\t\t\t<div class=\"elementor-element elementor-element-3333df9a elementor-widget elementor-widget-wd_text_block\" data-id=\"3333df9a\" data-element_type=\"widget\" data-widget_type=\"wd_text_block.default\">\n\t\t\t\t<div class=\"elementor-widget-container\">\n\t\t\t\t\t\t\t<div class=\"wd-text-block reset-last-child text-left\">\n\t\t\t\n\t\t\t<h5>\u00bfQu\u00e9 suceder\u00e1 si no recojo el paquete y es devuelto al remitente? <\/h5> En caso de que el paquete me sea devuelto por no haberlo recogido, no se reembolsar\u00e1n los fondos.\n\t\t\t\t\t<\/div>\n\t\t\t\t\t\t<\/div>\n\t\t\t\t<\/div>\n\t\t\t\t<div class=\"elementor-element elementor-element-0b03164 elementor-widget elementor-widget-wd_text_block\" data-id=\"0b03164\" data-element_type=\"widget\" data-widget_type=\"wd_text_block.default\">\n\t\t\t\t<div class=\"elementor-widget-container\">\n\t\t\t\t\t\t\t<div class=\"wd-text-block reset-last-child text-left\">\n\t\t\t\n\t\t\t<h5>\u00bfEst\u00e1n incluidos los aranceles aduaneros, las tarifas y los impuestos de importaci\u00f3n en el precio? <\/h5> El costo de los aranceles aduaneros, tarifas e impuestos de importaci\u00f3n no est\u00e1 incluido en el precio y es responsabilidad completa del comprador pagarlos.\n\t\t\t\t\t<\/div>\n\t\t\t\t\t\t<\/div>\n\t\t\t\t<\/div>\n\t\t\t\t<div class=\"elementor-element elementor-element-f174f78 elementor-widget elementor-widget-wd_text_block\" data-id=\"f174f78\" data-element_type=\"widget\" data-widget_type=\"wd_text_block.default\">\n\t\t\t\t<div class=\"elementor-widget-container\">\n\t\t\t\t\t\t\t<div class=\"wd-text-block reset-last-child text-left\">\n\t\t\t\n\t\t\t<h5>\u00bfAceptas cambios y devoluciones? <\/h5> Tienes 30 d\u00edas para devolver o cambiar el art\u00edculo. El comprador es responsable de los costos de env\u00edo de la devoluci\u00f3n y de cualquier p\u00e9rdida de valor si el art\u00edculo no se devuelve en su condici\u00f3n original. \n\t\t\t\t\t<\/div>\n\t\t\t\t\t\t<\/div>\n\t\t\t\t<\/div>\n\t\t\t\t<div class=\"elementor-element elementor-element-7085844 elementor-widget elementor-widget-wd_text_block\" data-id=\"7085844\" data-element_type=\"widget\" data-widget_type=\"wd_text_block.default\">\n\t\t\t\t<div class=\"elementor-widget-container\">\n\t\t\t\t\t\t\t<div class=\"wd-text-block reset-last-child text-left\">\n\t\t\t\n\t\t\t<h5>\u00bfHaces env\u00edos a mi pa\u00eds? \u00bfCu\u00e1nto cuesta el env\u00edo? <\/h5><p>\u00a1S\u00ed, en Baltic Tiny Knit realizamos env\u00edos a todo el mundo!<br><br>El primer paso es seleccionar tus productos y agregarlos al carrito de compras. Desde all\u00ed, podr\u00e1s ingresar tu direcci\u00f3n de entrega exacta, seleccionar entre los mensajeros disponibles y ver los costos de env\u00edo. <br><br>Ofrecemos diferentes opciones de env\u00edo dependiendo de las condiciones de entrega, plazos y precios.<\/p>\n\t\t\t\t\t<\/div>\n\t\t\t\t\t\t<\/div>\n\t\t\t\t<\/div>\n\t\t\t\t\t<\/div>\n\t\t<\/div>\n\t\t\t\t<div class=\"elementor-column elementor-col-50 elementor-inner-column elementor-element elementor-element-71b29e58\" data-id=\"71b29e58\" data-element_type=\"column\">\n\t\t\t<div class=\"elementor-widget-wrap elementor-element-populated\">\n\t\t\t\t\t\t<div class=\"elementor-element elementor-element-34a6de8 elementor-widget elementor-widget-wd_text_block\" data-id=\"34a6de8\" data-element_type=\"widget\" data-widget_type=\"wd_text_block.default\">\n\t\t\t\t<div class=\"elementor-widget-container\">\n\t\t\t\t\t\t\t<div class=\"wd-text-block reset-last-child text-left\">\n\t\t\t\n\t\t\t<h5>\u00bfC\u00f3mo debo cuidar el producto?<\/h5><p>\u2022 Para evitar reacciones al\u00e9rgicas, utiliza detergentes l\u00edquidos e hipoalerg\u00e9nicos.<br>\u2022 Usa el ciclo delicado de la lavadora y ajusta la temperatura a 30 grados durante 30 minutos.<br>\u2022 Despu\u00e9s de lavar, coloca el juguete extendido para que se seque.<\/p>\n\t\t\t\t\t<\/div>\n\t\t\t\t\t\t<\/div>\n\t\t\t\t<\/div>\n\t\t\t\t<div class=\"elementor-element elementor-element-12e8742c elementor-widget elementor-widget-wd_text_block\" data-id=\"12e8742c\" data-element_type=\"widget\" data-widget_type=\"wd_text_block.default\">\n\t\t\t\t<div class=\"elementor-widget-container\">\n\t\t\t\t\t\t\t<div class=\"wd-text-block reset-last-child text-left\">\n\t\t\t\n\t\t\t<h5>\u00bfQu\u00e9 debo hacer si el paquete se retrasa? <\/h5> Seg\u00fan la ley, la empresa de correos tiene un per\u00edodo de respuesta de 30 a 90 d\u00edas, durante los cuales el paquete ser\u00e1 ubicado y entregado o se considerar\u00e1 perdido. Si el paquete es declarado como perdido, recibir\u00e1s un reembolso completo del monto del pedido. Ten en cuenta que todas las fechas son aproximadas y est\u00e1n fuera de mi control, ya que dependo del servicio postal para la entrega del paquete. Si el paquete finalmente es ubicado y entregado, pero despu\u00e9s de un retraso significativo, no se emitir\u00e1 reembolso en ese caso.   \n\t\t\t\t\t<\/div>\n\t\t\t\t\t\t<\/div>\n\t\t\t\t<\/div>\n\t\t\t\t<div class=\"elementor-element elementor-element-4c76598f elementor-widget elementor-widget-wd_text_block\" data-id=\"4c76598f\" data-element_type=\"widget\" data-widget_type=\"wd_text_block.default\">\n\t\t\t\t<div class=\"elementor-widget-container\">\n\t\t\t\t\t\t\t<div class=\"wd-text-block reset-last-child text-left\">\n\t\t\t\n\t\t\t<h5>\u00bfCu\u00e1n r\u00e1pido se enviar\u00e1 mi pedido?<\/h5><p>Los pedidos se enviar\u00e1n tan pronto como se haya recibido el pago.<br><br><br><strong>Si se paga con tarjeta de cr\u00e9dito, <\/strong>el pago puede recibirse en menos de una hora, por lo que el pedido se enviar\u00e1 dentro de los siguientes 3 d\u00edas h\u00e1biles despu\u00e9s de que se confirme el pago completo.<br><br><strong>Si se paga mediante transferencia bancaria,<\/strong> el pago puede recibirse dentro de 24 horas o m\u00e1s, dependiendo de la capacidad de transferencia de tu banco, por lo que el pedido se enviar\u00e1 dentro de los siguientes 3 d\u00edas h\u00e1biles despu\u00e9s de que se confirme el pago completo.<\/p>\n\t\t\t\t\t<\/div>\n\t\t\t\t\t\t<\/div>\n\t\t\t\t<\/div>\n\t\t\t\t\t<\/div>\n\t\t<\/div>\n\t\t\t\t\t<\/div>\n\t\t<\/section>\n\t\t\t\t\t<\/div>\n\t\t<\/div>\n\t\t\t\t\t<\/div>\n\t\t<\/section>\n\t\t\t\t<\/div>\n\t\t","protected":false},"excerpt":{"rendered":"<p>Preguntas Frecuentes Pedidos personalizados y a medida S\u00ed, acepto pedidos de juguetes personalizados. Disponibilidad al por mayor S\u00ed, acepto pedidos<\/p>\n","protected":false},"author":1,"featured_media":0,"parent":0,"menu_order":0,"comment_status":"closed","ping_status":"closed","template":"","meta":{"footnotes":""},"class_list":["post-22833","page","type-page","status-publish","hentry"],"_links":{"self":[{"href":"https:\/\/tinyknit.eu\/es\/wp-json\/wp\/v2\/pages\/22833","targetHints":{"allow":["GET"]}}],"collection":[{"href":"https:\/\/tinyknit.eu\/es\/wp-json\/wp\/v2\/pages"}],"about":[{"href":"https:\/\/tinyknit.eu\/es\/wp-json\/wp\/v2\/types\/page"}],"author":[{"embeddable":true,"href":"https:\/\/tinyknit.eu\/es\/wp-json\/wp\/v2\/users\/1"}],"replies":[{"embeddable":true,"href":"https:\/\/tinyknit.eu\/es\/wp-json\/wp\/v2\/comments?post=22833"}],"version-history":[{"count":2,"href":"https:\/\/tinyknit.eu\/es\/wp-json\/wp\/v2\/pages\/22833\/revisions"}],"predecessor-version":[{"id":31285,"href":"https:\/\/tinyknit.eu\/es\/wp-json\/wp\/v2\/pages\/22833\/revisions\/31285"}],"wp:attachment":[{"href":"https:\/\/tinyknit.eu\/es\/wp-json\/wp\/v2\/media?parent=22833"}],"curies":[{"name":"wp","href":"https:\/\/api.w.org\/{rel}","templated":true}]}}