{"id":22830,"date":"2021-11-04T15:40:47","date_gmt":"2021-11-04T15:40:47","guid":{"rendered":"https:\/\/tinyknit.eu\/contacta-con-nosotros\/"},"modified":"2025-07-29T06:00:56","modified_gmt":"2025-07-29T06:00:56","slug":"contacta-con-nosotros","status":"publish","type":"page","link":"https:\/\/tinyknit.eu\/es\/contacta-con-nosotros\/","title":{"rendered":"Contacta con nosotros"},"content":{"rendered":"\t\t<div data-elementor-type=\"wp-page\" data-elementor-id=\"22830\" class=\"elementor elementor-22830 elementor-8785\">\n\t\t\t\t\t\t<section class=\"wd-negative-gap elementor-section elementor-top-section elementor-element elementor-element-3643735 elementor-section-boxed elementor-section-height-default elementor-section-height-default\" data-id=\"3643735\" data-element_type=\"section\">\n\t\t\t\t\t\t<div class=\"elementor-container elementor-column-gap-default\">\n\t\t\t\t\t<div class=\"elementor-column elementor-col-50 elementor-top-column elementor-element elementor-element-770291f\" data-id=\"770291f\" data-element_type=\"column\">\n\t\t\t<div class=\"elementor-widget-wrap elementor-element-populated\">\n\t\t\t\t\t\t<div class=\"elementor-element elementor-element-54c197e elementor-widget elementor-widget-wd_text_block\" data-id=\"54c197e\" data-element_type=\"widget\" data-widget_type=\"wd_text_block.default\">\n\t\t\t\t<div class=\"elementor-widget-container\">\n\t\t\t\t\t\t\t<div class=\"wd-text-block reset-last-child text-left\">\n\t\t\t\n\t\t\t<div id=\"wd-63fb508456f49\" class=\"title-wrapper woodmart-title-color-default woodmart-title-style-bordered woodmart-title-width-100 text-left woodmart-title-size-default vc_custom_1484253141262\"><div class=\"liner-continer\"><h4 class=\"woodmart-title-container title woodmart-font-weight-\">CONT\u00c1CTANOS<\/h4><\/div><\/div><div class=\"vc_row wpb_row vc_inner vc_row-fluid vc_custom_1484253288811\"><div class=\"wpb_column vc_column_container vc_col-sm-6\"><div class=\"vc_column-inner\"><div class=\"wpb_wrapper\"><div class=\"info-box-wrapper \"><div id=\"wd-635024a854c7e\" class=\" woodmart-info-box text-left box-icon-align-left box-style- color-scheme- woodmart-bg-none box-title-small vc_custom_1666196665437\"><div class=\"info-box-content\"><div class=\"info-box-inner reset-mb-10\" data-wp-editing=\"1\"><p><img decoding=\"async\" class=\"wp-image-17042 alignleft\" src=\"https:\/\/tinyknit.eu\/wp-content\/uploads\/2024\/01\/oksana_2024-150x150.jpg\" alt=\"\" width=\"200\" height=\"200\" srcset=\"https:\/\/tinyknit.eu\/wp-content\/uploads\/2024\/01\/oksana_2024-150x150.jpg 150w, https:\/\/tinyknit.eu\/wp-content\/uploads\/2024\/01\/oksana_2024.jpg 300w\" sizes=\"(max-width: 200px) 100vw, 200px\" \/><\/p><\/div><\/div><\/div><\/div><\/div><\/div><\/div><div class=\"wpb_column vc_column_container vc_col-sm-6\"><div class=\"vc_column-inner\"><div class=\"wpb_wrapper\"><div class=\"info-box-wrapper \"><div id=\"wd-63b2f8b0e51f4\" class=\" woodmart-info-box text-left box-icon-align-left box-style- color-scheme- woodmart-bg-none box-title-small vc_custom_1672673470922\"><div class=\"info-box-content\"><div class=\"info-box-inner reset-mb-10\"><p><strong>Correo electr\u00f3nico:<\/strong> info[a]tinyknit.eu<br><strong>Tel\u00e9fono*:<\/strong> +372 56 322 442<br> *<em>(s\u00f3lo mensajes de texto)<br><br><\/em><strong>Empresario:<\/strong> Baltiny O\u00dc<br><strong>N\u00ba de registro:16972194<\/strong><br><strong>N\u00ba de IVA: <\/strong>EE102733644<br><strong>Ubicaci\u00f3n:<\/strong> Estonia, Tallin<\/p><\/div><\/div><\/div><\/div><\/div><\/div><\/div><\/div>\n\t\t\t\t\t<\/div>\n\t\t\t\t\t\t<\/div>\n\t\t\t\t<\/div>\n\t\t\t\t\t<\/div>\n\t\t<\/div>\n\t\t\t\t<div class=\"elementor-column elementor-col-50 elementor-top-column elementor-element elementor-element-a2158a5\" data-id=\"a2158a5\" data-element_type=\"column\">\n\t\t\t<div class=\"elementor-widget-wrap elementor-element-populated\">\n\t\t\t\t\t\t<div class=\"elementor-element elementor-element-0845638 elementor-widget elementor-widget-wd_text_block\" data-id=\"0845638\" data-element_type=\"widget\" data-widget_type=\"wd_text_block.default\">\n\t\t\t\t<div class=\"elementor-widget-container\">\n\t\t\t\t\t\t\t<div class=\"wd-text-block reset-last-child text-left\">\n\t\t\t\n\t\t\t<div id=\"wd-63fb508456f49\" class=\"title-wrapper woodmart-title-color-default woodmart-title-style-bordered woodmart-title-width-100 text-left woodmart-title-size-default vc_custom_1484253141262\"><div class=\"liner-continer\"><div id=\"wd-63503e795dd7e\" class=\"title-wrapper woodmart-title-color-default woodmart-title-style-bordered woodmart-title-width-100 text-left woodmart-title-size-default vc_custom_1666203271368\"><div class=\"liner-continer\"><h4 class=\"woodmart-title-container title woodmart-font-weight-\">MEDIOS DE COMUNICACI\u00d3N SOCIAL<\/h4><\/div><\/div><div class=\"vc_row wpb_row vc_inner vc_row-fluid vc_custom_1484253288811\"><div class=\"wpb_column vc_column_container vc_col-sm-6\"><div class=\"vc_column-inner\"><div class=\"wpb_wrapper\"><div class=\"info-box-wrapper \"><div id=\"wd-63690cf4662fc\" class=\" woodmart-info-box text-left box-icon-align-left box-style- color-scheme- woodmart-bg-none box-title-small vc_custom_1667828989134\"><div class=\"info-box-content\"><div class=\"info-box-inner reset-mb-10\"><p><strong>Facebook:<\/strong> <a href=\"https:\/\/www.facebook.com\/baltictinyknit\">@baltictinyknit<\/a><strong><br>Instagram <\/strong><a href=\"https:\/\/www.instagram.com\/baltictinyknit\/\">@baltictinyknit<\/a><\/p><\/div><\/div><\/div><\/div><\/div><\/div><\/div><\/div><\/div><\/div>\n\t\t\t\t\t<\/div>\n\t\t\t\t\t\t<\/div>\n\t\t\t\t<\/div>\n\t\t\t\t\t<\/div>\n\t\t<\/div>\n\t\t\t\t\t<\/div>\n\t\t<\/section>\n\t\t\t\t<\/div>\n\t\t","protected":false},"excerpt":{"rendered":"<p>CONT\u00c1CTANOS Correo electr\u00f3nico: info[a]tinyknit.euTel\u00e9fono*: +372 56 322 442 *(s\u00f3lo mensajes de texto) Empresario: Baltiny O\u00dcN\u00ba de registro:16972194N\u00ba de IVA: EE102733644Ubicaci\u00f3n:<\/p>\n","protected":false},"author":1,"featured_media":0,"parent":0,"menu_order":0,"comment_status":"closed","ping_status":"closed","template":"","meta":{"footnotes":""},"class_list":["post-22830","page","type-page","status-publish","hentry"],"_links":{"self":[{"href":"https:\/\/tinyknit.eu\/es\/wp-json\/wp\/v2\/pages\/22830","targetHints":{"allow":["GET"]}}],"collection":[{"href":"https:\/\/tinyknit.eu\/es\/wp-json\/wp\/v2\/pages"}],"about":[{"href":"https:\/\/tinyknit.eu\/es\/wp-json\/wp\/v2\/types\/page"}],"author":[{"embeddable":true,"href":"https:\/\/tinyknit.eu\/es\/wp-json\/wp\/v2\/users\/1"}],"replies":[{"embeddable":true,"href":"https:\/\/tinyknit.eu\/es\/wp-json\/wp\/v2\/comments?post=22830"}],"version-history":[{"count":2,"href":"https:\/\/tinyknit.eu\/es\/wp-json\/wp\/v2\/pages\/22830\/revisions"}],"predecessor-version":[{"id":31273,"href":"https:\/\/tinyknit.eu\/es\/wp-json\/wp\/v2\/pages\/22830\/revisions\/31273"}],"wp:attachment":[{"href":"https:\/\/tinyknit.eu\/es\/wp-json\/wp\/v2\/media?parent=22830"}],"curies":[{"name":"wp","href":"https:\/\/api.w.org\/{rel}","templated":true}]}}