{"id":48528,"date":"2026-04-06T17:42:48","date_gmt":"2026-04-06T17:42:48","guid":{"rendered":"https:\/\/tinyknit.eu\/?post_type=product&#038;p=48528"},"modified":"2026-04-06T17:52:02","modified_gmt":"2026-04-06T17:52:02","slug":"pluesch-schlafspielzeug-kuscheltier-mammut","status":"publish","type":"product","link":"https:\/\/tinyknit.eu\/de\/product\/auf-bestellung-gefertigt\/pluesch-schlafspielzeug-kuscheltier-mammut\/","title":{"rendered":"Pl\u00fcsch-Schlafspielzeug, Kuscheltier \u2013 Mammut"},"content":{"rendered":"<p data-start=\"2084\" data-end=\"2417\">Suchen Sie nach einem einzigartigen und kuscheligen Schlafgef\u00e4hrten f\u00fcr Ihr Kind? Dann m\u00fcssen Sie nicht weiter suchen \u2013 dieses niedliche geh\u00e4kelte Spielzeug ist genau das Richtige! Es ist perfekt zum Kuscheln vor dem Schlafengehen und f\u00fcr lustiges Spielen am Tag \u2013 ein ideales Geschenk f\u00fcr jedes Baby oder Kind, unabh\u00e4ngig vom Alter.<\/p>\n<p data-start=\"2419\" data-end=\"3104\"><strong data-start=\"2419\" data-end=\"2437\">Eigenschaften:<\/strong><br data-start=\"2437\" data-end=\"2440\" \/>\u2022\u00a0<strong data-start=\"2522\" data-end=\"2551\">Verbindung zu den Eltern.<\/strong>\u00a0Kann den Duft von Mama oder Papa aufnehmen. Legen Sie das Spielzeug beim F\u00fcttern oder Wiegen neben Ihr Baby, damit es Ihren Duft aufnimmt. So kann das Baby Ihre N\u00e4he auch sp\u00fcren, wenn Sie nicht da sind.<br data-start=\"2691\" data-end=\"2694\" \/>\u2022\u00a0<strong data-start=\"2759\" data-end=\"2773\">Entdecken.<\/strong>\u00a0Das H\u00e4kelspielzeug bietet ein abwechslungsreiches haptisches Erlebnis, das das Interesse des Kindes weckt und das Entdecken der Umgebung unterst\u00fctzt.<br data-start=\"2864\" data-end=\"2867\" \/>\u2022\u00a0<strong data-start=\"2928\" data-end=\"2960\">Schafft sch\u00f6ne Erinnerungen.<\/strong>\u00a0Unsere Spielzeuge eignen sich als Foto-Requisiten f\u00fcr Neugeborenenfotografie.<br data-start=\"2980\" data-end=\"2983\" \/>\u2022\u00a0<strong data-start=\"3043\" data-end=\"3072\">Beruhigende Geborgenheit.<\/strong>\u00a0Ein geh\u00e4keltes Schmusetuch kann Ihrem Baby tags\u00fcber und nachts ein Gef\u00fchl von Komfort und Sicherheit geben.<\/p>\n<p data-start=\"3106\" data-end=\"3326\"><strong data-start=\"3106\" data-end=\"3122\">Perfekt f\u00fcr:<\/strong><br data-start=\"3122\" data-end=\"3125\" \/>\u2022 Ein wunderbares Geschenk zur Babyparty, Taufe, zum Geburtstag, zu Weihnachten oder zu jedem anderen Anlass.<br data-start=\"3234\" data-end=\"3237\" \/>\u2022 Einzigartige Spielzeuge, die auch eine charmante Erg\u00e4nzung f\u00fcr jedes Kinderzimmer sind.<\/p>\n<p data-start=\"3328\" data-end=\"3515\"><strong>Gr\u00f6\u00dfe:<\/strong> ca. 30 cm (11,81\u2033)<br data-start=\"3356\" data-end=\"3359\" \/><strong data-start=\"3359\" data-end=\"3368\">Garn:<\/strong> 100 % Mikropolyester (Oeko-Tex 100 Standard) und 100 % Polyester-Kunstfell. Hypoallergen, weich und sicher f\u00fcr Kinder.<br data-start=\"3487\" data-end=\"3490\" \/><strong data-start=\"3490\" data-end=\"3502\">F\u00fcllung:<\/strong> Holofaser.<\/p>\n<p data-start=\"3517\" data-end=\"3619\">Hergestellt in einem rauch- und haustierfreien Zuhause.<br data-start=\"3572\" data-end=\"3575\" \/>Hergestellt in Estland, Europ\u00e4ische Union.<\/p>\n<p data-start=\"3866\" data-end=\"3933\"><strong data-start=\"3866\" data-end=\"3882\">Set enth\u00e4lt:<\/strong><br data-start=\"3882\" data-end=\"3885\" \/>\u2022 1x geh\u00e4keltes Schmusetuch oder Stofftier<\/p>\n<p data-start=\"3935\" data-end=\"4039\"><strong data-start=\"3935\" data-end=\"3971\">Das perfekte Geschenk f\u00fcr Babys!<\/strong><br data-start=\"3971\" data-end=\"3974\" \/>Geschenkverpackung bereit f\u00fcr Babyparty, Taufe oder Geburtstag.<\/p>\n<p data-start=\"4041\" data-end=\"4210\"><strong data-start=\"4041\" data-end=\"4060\">Pflegehinweise:<\/strong><br data-start=\"4060\" data-end=\"4063\" \/>\u2022 Verwenden Sie fl\u00fcssige, hypoallergene Waschmittel.<br data-start=\"4115\" data-end=\"4118\" \/>\u2022 Schonwaschgang bei 30 \u00b0C f\u00fcr 30 Minuten.<br data-start=\"4160\" data-end=\"4163\" \/>\u2022 Nach dem Waschen flach zum Trocknen auslegen.<\/p>\n","protected":false},"excerpt":{"rendered":"<p>Suchen Sie nach einem einzigartigen und gem\u00fctlichen Schlafkameraden f\u00fcr Ihr Kleines? Sie m\u00fcssen nicht weiter suchen, denn dieses niedliche geh\u00e4kelte Spielzeug ist genau das Richtige! Es eignet sich perfekt zum Kuscheln vor dem Schlafengehen und f\u00fcr spa\u00dfiges Spielen am Tag, wodurch es ein ideales Geschenk f\u00fcr jedes Baby oder Kind ist, unabh\u00e4ngig vom Alter.<\/p>\n","protected":false},"featured_media":48622,"comment_status":"open","ping_status":"closed","template":"","meta":[],"product_brand":[],"product_cat":[240,245,244],"product_tag":[],"class_list":{"0":"post-48528","1":"product","2":"type-product","3":"status-publish","4":"has-post-thumbnail","6":"product_cat-auf-bestellung-gefertigt","7":"product_cat-kuscheltiere-2","8":"product_cat-kuscheltiere","10":"first","11":"onbackorder","12":"taxable","13":"shipping-taxable","14":"purchasable","15":"product-type-variable"},"_links":{"self":[{"href":"https:\/\/tinyknit.eu\/de\/wp-json\/wp\/v2\/product\/48528","targetHints":{"allow":["GET"]}}],"collection":[{"href":"https:\/\/tinyknit.eu\/de\/wp-json\/wp\/v2\/product"}],"about":[{"href":"https:\/\/tinyknit.eu\/de\/wp-json\/wp\/v2\/types\/product"}],"replies":[{"embeddable":true,"href":"https:\/\/tinyknit.eu\/de\/wp-json\/wp\/v2\/comments?post=48528"}],"version-history":[{"count":1,"href":"https:\/\/tinyknit.eu\/de\/wp-json\/wp\/v2\/product\/48528\/revisions"}],"predecessor-version":[{"id":48658,"href":"https:\/\/tinyknit.eu\/de\/wp-json\/wp\/v2\/product\/48528\/revisions\/48658"}],"wp:featuredmedia":[{"embeddable":true,"href":"https:\/\/tinyknit.eu\/de\/wp-json\/wp\/v2\/media\/48622"}],"wp:attachment":[{"href":"https:\/\/tinyknit.eu\/de\/wp-json\/wp\/v2\/media?parent=48528"}],"wp:term":[{"taxonomy":"product_brand","embeddable":true,"href":"https:\/\/tinyknit.eu\/de\/wp-json\/wp\/v2\/product_brand?post=48528"},{"taxonomy":"product_cat","embeddable":true,"href":"https:\/\/tinyknit.eu\/de\/wp-json\/wp\/v2\/product_cat?post=48528"},{"taxonomy":"product_tag","embeddable":true,"href":"https:\/\/tinyknit.eu\/de\/wp-json\/wp\/v2\/product_tag?post=48528"}],"curies":[{"name":"wp","href":"https:\/\/api.w.org\/{rel}","templated":true}]}}