{"id":46845,"date":"2026-03-15T10:00:00","date_gmt":"2026-03-15T10:00:00","guid":{"rendered":"https:\/\/tinyknit.eu\/?post_type=product&#038;p=46845"},"modified":"2026-03-15T10:04:23","modified_gmt":"2026-03-15T10:04:23","slug":"pluesch-schlafspielzeug-kuscheltier-waschbaer","status":"publish","type":"product","link":"https:\/\/tinyknit.eu\/de\/product\/auf-bestellung-gefertigt\/pluesch-schlafspielzeug-kuscheltier-waschbaer\/","title":{"rendered":"Pl\u00fcsch-Schlafspielzeug, Kuscheltier \u2013 Waschb\u00e4r"},"content":{"rendered":"<p data-start=\"8102\" data-end=\"8468\"><strong data-start=\"8102\" data-end=\"8187\">Suchen Sie nach einem einzigartigen und kuscheligen Schlafbegleiter f\u00fcr Ihr Kind?<\/strong> Dann brauchen Sie nicht weiterzusuchen, denn dieses niedliche geh\u00e4kelte Spielzeug ist genau das Richtige! Es eignet sich perfekt zum Kuscheln vor dem Schlafengehen und zum fr\u00f6hlichen Spielen am Tag und ist damit ein ideales Geschenk f\u00fcr jedes Baby oder Kind, unabh\u00e4ngig vom Alter.<\/p>\n<p data-start=\"8470\" data-end=\"9245\"><strong data-start=\"8470\" data-end=\"8488\">Eigenschaften:<\/strong><br data-start=\"8488\" data-end=\"8491\" \/>\u2022 N\u00e4he zu den Eltern. Die F\u00e4higkeit, den Geruch von Mama oder Papa zu bewahren. Legen Sie das Spielzeug w\u00e4hrend des F\u00fctterns oder Wiegens neben Ihr Baby, damit es Ihren Duft aufnehmen kann. So sp\u00fcrt das Baby Ihre N\u00e4he auch dann, wenn Sie nicht da sind.<br data-start=\"8743\" data-end=\"8746\" \/>\u2022 Entdecken. Das geh\u00e4kelte Waschb\u00e4r-Spielzeug bietet ein reichhaltiges haptisches Erlebnis, das das Interesse des Kindes weckt und seine Erkundung der Welt unterst\u00fctzt.<br data-start=\"8914\" data-end=\"8917\" \/>\u2022 Kann wundervolle Erinnerungen schaffen. Unsere Spielzeuge k\u00f6nnen als Fotorequisiten f\u00fcr Neugeborenen-Fotografie verwendet werden.<br data-start=\"9048\" data-end=\"9051\" \/>\u2022 Beruhigende Wirkung. Das geh\u00e4kelte Waschb\u00e4r-Schmusetuch schenkt dem Baby tags\u00fcber und nachts Geborgenheit und Sicherheit.<br data-start=\"9174\" data-end=\"9177\" \/>\u2022 Das Set enth\u00e4lt zwei Paar Fl\u00fcgel, die sich leicht abnehmen lassen.<\/p>\n<p data-start=\"9247\" data-end=\"9495\"><strong data-start=\"9247\" data-end=\"9263\">Perfekt f\u00fcr:<\/strong><br data-start=\"9263\" data-end=\"9266\" \/>\u2022 Ein wunderbares Geschenk zur Babyparty, f\u00fcr die Geburtsliste, zum Geburtstag, zu Weihnachten oder zu jedem anderen Anlass.<br data-start=\"9390\" data-end=\"9393\" \/>\u2022 Ein einzigartiges Spielzeug, das zugleich eine charmante Erg\u00e4nzung f\u00fcr jedes Kinderzimmer sein kann.<\/p>\n<p data-start=\"9497\" data-end=\"9728\"><strong data-start=\"9497\" data-end=\"9507\">Gr\u00f6\u00dfe:<\/strong> ca. 60 x 17 cm (23,6 x 6,6&#8243;)<br data-start=\"9536\" data-end=\"9539\" \/><strong data-start=\"9539\" data-end=\"9548\">Garn:<\/strong> 100 % Mikropolyester (Oeko-Tex Standard 100) und 100 % Polyester-Kunstfell. Hypoallergenes, pl\u00fcschiges Garn. Sehr weich, kuschelig und sicher f\u00fcr Kinder.<br data-start=\"9702\" data-end=\"9705\" \/><strong data-start=\"9705\" data-end=\"9717\">F\u00fcllung:<\/strong> Holofiber.<\/p>\n<p data-start=\"9730\" data-end=\"9860\">Unsere Spielzeuge werden in einem rauchfreien und haustierfreien Zuhause hergestellt.<br data-start=\"9815\" data-end=\"9818\" \/>Hergestellt in Estland, Europ\u00e4ische Union.<\/p>\n<p data-start=\"9862\" data-end=\"9919\"><strong data-start=\"9862\" data-end=\"9879\">Lieferumfang:<\/strong><br data-start=\"9879\" data-end=\"9882\" \/>\u2022 1 x geh\u00e4keltes Waschb\u00e4r-Schmusetuch<\/p>\n<p data-start=\"9921\" data-end=\"10034\"><strong data-start=\"9921\" data-end=\"9960\">Das perfekte Geschenk f\u00fcr ein Baby!<\/strong><br data-start=\"9960\" data-end=\"9963\" \/>Geschenkfertige Verpackung f\u00fcr Babyparty, Geburtsliste oder Geburtstag.<\/p>\n<p data-start=\"10036\" data-end=\"10315\"><strong data-start=\"10036\" data-end=\"10055\">Pflegehinweise:<\/strong><br data-start=\"10055\" data-end=\"10058\" \/>\u2022 Um allergischen Reaktionen vorzubeugen, verwenden Sie fl\u00fcssige und hypoallergene Waschmittel.<br data-start=\"10153\" data-end=\"10156\" \/>\u2022 Verwenden Sie den Schonwaschgang der Waschmaschine und waschen Sie 30 Minuten bei 30 \u00b0C.<br data-start=\"10246\" data-end=\"10249\" \/>\u2022 Legen Sie das Spielzeug nach dem Waschen flach zum Trocknen hin.<\/p>\n","protected":false},"excerpt":{"rendered":"<p>Suchen Sie nach einem einzigartigen und gem\u00fctlichen Schlafkameraden f\u00fcr Ihr Kleines? Sie m\u00fcssen nicht weiter suchen, denn dieses niedliche geh\u00e4kelte Spielzeug ist genau das Richtige! Es eignet sich perfekt zum Kuscheln vor dem Schlafengehen und f\u00fcr spa\u00dfiges Spielen am Tag, wodurch es ein ideales Geschenk f\u00fcr jedes Baby oder Kind ist, unabh\u00e4ngig vom Alter.<\/p>\n","protected":false},"featured_media":46872,"comment_status":"open","ping_status":"closed","template":"","meta":[],"product_brand":[],"product_cat":[240,244],"product_tag":[],"class_list":{"0":"post-46845","1":"product","2":"type-product","3":"status-publish","4":"has-post-thumbnail","6":"product_cat-auf-bestellung-gefertigt","7":"product_cat-kuscheltiere","9":"first","10":"onbackorder","11":"taxable","12":"shipping-taxable","13":"purchasable","14":"product-type-simple"},"_links":{"self":[{"href":"https:\/\/tinyknit.eu\/de\/wp-json\/wp\/v2\/product\/46845","targetHints":{"allow":["GET"]}}],"collection":[{"href":"https:\/\/tinyknit.eu\/de\/wp-json\/wp\/v2\/product"}],"about":[{"href":"https:\/\/tinyknit.eu\/de\/wp-json\/wp\/v2\/types\/product"}],"replies":[{"embeddable":true,"href":"https:\/\/tinyknit.eu\/de\/wp-json\/wp\/v2\/comments?post=46845"}],"version-history":[{"count":1,"href":"https:\/\/tinyknit.eu\/de\/wp-json\/wp\/v2\/product\/46845\/revisions"}],"predecessor-version":[{"id":46881,"href":"https:\/\/tinyknit.eu\/de\/wp-json\/wp\/v2\/product\/46845\/revisions\/46881"}],"wp:featuredmedia":[{"embeddable":true,"href":"https:\/\/tinyknit.eu\/de\/wp-json\/wp\/v2\/media\/46872"}],"wp:attachment":[{"href":"https:\/\/tinyknit.eu\/de\/wp-json\/wp\/v2\/media?parent=46845"}],"wp:term":[{"taxonomy":"product_brand","embeddable":true,"href":"https:\/\/tinyknit.eu\/de\/wp-json\/wp\/v2\/product_brand?post=46845"},{"taxonomy":"product_cat","embeddable":true,"href":"https:\/\/tinyknit.eu\/de\/wp-json\/wp\/v2\/product_cat?post=46845"},{"taxonomy":"product_tag","embeddable":true,"href":"https:\/\/tinyknit.eu\/de\/wp-json\/wp\/v2\/product_tag?post=46845"}],"curies":[{"name":"wp","href":"https:\/\/api.w.org\/{rel}","templated":true}]}}