{"id":37641,"date":"2025-11-29T19:49:26","date_gmt":"2025-11-29T19:49:26","guid":{"rendered":"https:\/\/tinyknit.eu\/?post_type=product&#038;p=37641"},"modified":"2025-11-29T20:00:00","modified_gmt":"2025-11-29T20:00:00","slug":"weiches-kissen-fuer-kinder-zuckerstange","status":"publish","type":"product","link":"https:\/\/tinyknit.eu\/de\/product\/auf-bestellung-gefertigt\/weiches-kissen-fuer-kinder-zuckerstange\/","title":{"rendered":"Weiches Kissen f\u00fcr Kinder &#8211; Zuckerstange"},"content":{"rendered":"<p>Weiche Kissen k\u00f6nnen die perfekte Erg\u00e4nzung f\u00fcr ein einfaches und unaufdringliches Kinderzimmer sein. Indem Sie sie auf dem Bett oder Kinderbett platzieren, k\u00f6nnen Sie das Gesamtdesign mit einem Hauch von Eleganz aufwerten. Die sch\u00f6nen nat\u00fcrlichen Farben der Kissen schaffen au\u00dferdem eine warme und einladende Atmosph\u00e4re in Ihrem Zuhause.<\/p>\n<p><strong>Eigenschaften:<\/strong><br \/>\n\u2022 Das Kissen kann taktile Empfindungen bereichern, da es verschiedene strukturierte Garne kombiniert, was f\u00fcr das Kind interessant ist und ihm hilft, die Welt um sich herum kennenzulernen.<br \/>\n\u2022 Alle Kissen bestehen aus hypoallergenen Materialien und sind f\u00fcr das Kind sicher.<br \/>\n\u2022 Ein Kissen kann eine interessante Erg\u00e4nzung zur Inneneinrichtung des Kinderzimmers sein.<\/p>\n<p><strong>Gr\u00f6\u00dfe:<\/strong> ca. 32 x 38 cm (12,5\u201d x 14,9\u201d)<br \/>\n<strong>Material:<\/strong> Dieser Artikel wurde von Hand gestrickt und besteht aus hypoallergenen, flauschigen und Baumwollgarnen. Es ist mit Holofaser gef\u00fcllt und in einem rauch- und tierfreien Zuhause hergestellt.<\/p>\n<p><strong>Hergestellt in Estland, Europ\u00e4ische Union.<\/strong><\/p>\n<p><strong>Set beinhaltet:<\/strong><br \/>\n\u2022 1x Weiches Kissen<\/p>\n<p>Das perfekte Geschenk f\u00fcr Babys!<br \/>\nGeschenkfertige Verpackung f\u00fcr jede Baby-Party, Baby-Wunschliste oder Geburtstagsfeier.<\/p>\n<p>Pflegeempfehlungen:<br \/>\n\u2022 Verwenden Sie fl\u00fcssige und hypoallergene Waschmittel, um allergische Reaktionen zu vermeiden.<br \/>\n\u2022 Verwenden Sie den Schonwaschgang der Waschmaschine und stellen Sie die Temperatur auf 30 Grad f\u00fcr 30 Minuten ein.<br \/>\n\u2022 Nach dem Waschen das Kissen flach zum Trocknen auslegen.<\/p>\n","protected":false},"excerpt":{"rendered":"<p>Weiche Kissen k\u00f6nnen die perfekte Erg\u00e4nzung f\u00fcr ein einfaches und unaufdringliches Kinderzimmer sein. Indem Sie sie auf dem Bett oder Kinderbett platzieren, k\u00f6nnen Sie das Gesamtdesign mit einem Hauch von Eleganz aufwerten. Die sch\u00f6nen nat\u00fcrlichen Farben der Kissen schaffen au\u00dferdem eine warme und einladende Atmosph\u00e4re in Ihrem Zuhause.<\/p>\n","protected":false},"featured_media":37704,"comment_status":"open","ping_status":"closed","template":"","meta":[],"product_brand":[],"product_cat":[240,242,280],"product_tag":[],"class_list":{"0":"post-37641","1":"product","2":"type-product","3":"status-publish","4":"has-post-thumbnail","6":"product_cat-auf-bestellung-gefertigt","7":"product_cat-kissen","8":"product_cat-wohnkultur","10":"first","11":"onbackorder","12":"taxable","13":"shipping-taxable","14":"purchasable","15":"product-type-variable"},"_links":{"self":[{"href":"https:\/\/tinyknit.eu\/de\/wp-json\/wp\/v2\/product\/37641","targetHints":{"allow":["GET"]}}],"collection":[{"href":"https:\/\/tinyknit.eu\/de\/wp-json\/wp\/v2\/product"}],"about":[{"href":"https:\/\/tinyknit.eu\/de\/wp-json\/wp\/v2\/types\/product"}],"replies":[{"embeddable":true,"href":"https:\/\/tinyknit.eu\/de\/wp-json\/wp\/v2\/comments?post=37641"}],"version-history":[{"count":1,"href":"https:\/\/tinyknit.eu\/de\/wp-json\/wp\/v2\/product\/37641\/revisions"}],"predecessor-version":[{"id":37733,"href":"https:\/\/tinyknit.eu\/de\/wp-json\/wp\/v2\/product\/37641\/revisions\/37733"}],"wp:featuredmedia":[{"embeddable":true,"href":"https:\/\/tinyknit.eu\/de\/wp-json\/wp\/v2\/media\/37704"}],"wp:attachment":[{"href":"https:\/\/tinyknit.eu\/de\/wp-json\/wp\/v2\/media?parent=37641"}],"wp:term":[{"taxonomy":"product_brand","embeddable":true,"href":"https:\/\/tinyknit.eu\/de\/wp-json\/wp\/v2\/product_brand?post=37641"},{"taxonomy":"product_cat","embeddable":true,"href":"https:\/\/tinyknit.eu\/de\/wp-json\/wp\/v2\/product_cat?post=37641"},{"taxonomy":"product_tag","embeddable":true,"href":"https:\/\/tinyknit.eu\/de\/wp-json\/wp\/v2\/product_tag?post=37641"}],"curies":[{"name":"wp","href":"https:\/\/api.w.org\/{rel}","templated":true}]}}