{"id":36570,"date":"2025-11-23T19:55:05","date_gmt":"2025-11-23T19:55:05","guid":{"rendered":"https:\/\/tinyknit.eu\/?post_type=product&#038;p=36570"},"modified":"2025-11-23T20:20:10","modified_gmt":"2025-11-23T20:20:10","slug":"gehaekeltes-kuscheltier-schmusetier-weihnachtswichtel-2-teiliges-set","status":"publish","type":"product","link":"https:\/\/tinyknit.eu\/de\/product\/auf-bestellung-gefertigt\/gehaekeltes-kuscheltier-schmusetier-weihnachtswichtel-2-teiliges-set\/","title":{"rendered":"Geh\u00e4keltes Kuscheltier, Schmusetier \u2013 Weihnachtswichtel (2-teiliges Set)"},"content":{"rendered":"<p data-start=\"6281\" data-end=\"6534\">Bringen Sie gem\u00fctliche Weihnachtsmagie in Ihr Zuhause mit diesen bezaubernden handgeh\u00e4kelten Wichteln! Jeder Wichtel wird in Amigurumi-Technik aus weichem, pl\u00fcschigem Garn gefertigt, wodurch er wunderbar kuschelig, strukturiert und voller Charakter ist.<\/p>\n<p data-start=\"6536\" data-end=\"6783\"><strong>Eigenschaften:<\/strong><br data-start=\"6550\" data-end=\"6553\" \/>\u2022 Vollst\u00e4ndig handgefertigt \u2014 mit Liebe und gro\u00dfer Sorgfalt geh\u00e4kelt.<br data-start=\"6622\" data-end=\"6625\" \/>\u2022 Weiches, hochwertiges Garn \u2014 sicher, langlebig und angenehm anzufassen.<br data-start=\"6698\" data-end=\"6701\" \/>\u2022 Skandinavischer Weihnachtsstil \u2014 perfekt f\u00fcr Winter- und Weihnachtsdekorationen.<\/p>\n<p data-start=\"6785\" data-end=\"6840\"><strong>Gr\u00f6\u00dfe:<\/strong><br data-start=\"6791\" data-end=\"6794\" \/>Kleiner Wichtel: 24 cm<br data-start=\"6816\" data-end=\"6819\" \/>Gro\u00dfer Wichtel: 30 cm<\/p>\n<p data-start=\"6842\" data-end=\"7019\"><strong>Material:<\/strong> Das Produkt ist handgestrickt aus hypoallergenem, pl\u00fcschigem und baumwollhaltigem Garn. Gef\u00fcllt mit Holofaser. Hergestellt in einem rauch- und haustierfreien Haushalt.<\/p>\n<p data-start=\"7021\" data-end=\"7063\"><strong>Hergestellt in Estland, Europ\u00e4ische Union.<\/strong><\/p>\n<p data-start=\"7065\" data-end=\"7119\"><strong>Set enth\u00e4lt:<\/strong><br data-start=\"7077\" data-end=\"7080\" \/>\u2022 1\u00d7 Weihnachtswichtel (2-teiliges Set)<\/p>\n<p data-start=\"7121\" data-end=\"7457\"><strong>Perfekt f\u00fcr:<\/strong><br data-start=\"7133\" data-end=\"7136\" \/>\u2022 Dekoration von Wohnzimmer, Regal, Kamin, Kinderzimmer oder B\u00fcro.<br data-start=\"7202\" data-end=\"7205\" \/>\u2022 Eine warme und festliche Atmosph\u00e4re im Zuhause.<br data-start=\"7254\" data-end=\"7257\" \/>\u2022 Weihnachtsgeschenke f\u00fcr Familie, Freunde oder Kollegen.<br data-start=\"7314\" data-end=\"7317\" \/>\u2022 Sammler von handgefertigter oder skandinavischer Deko.<br data-start=\"7373\" data-end=\"7376\" \/>Unsere Spielzeuge werden in einem rauch- und haustierfreien Haushalt hergestellt.<\/p>\n<p data-start=\"7459\" data-end=\"7858\"><strong>Pflegehinweise:<\/strong><br data-start=\"7474\" data-end=\"7477\" \/>Zur Sicherheit Ihrer Kinder behandeln wir unsere Spielzeuge nicht mit Chemikalien. Sie k\u00f6nnen sie mit geeignetem Waschmittel reinigen oder mit Dampf behandeln, ohne Chemikalien zu verwenden.<br data-start=\"7667\" data-end=\"7670\" \/>\u2022 Verwenden Sie fl\u00fcssige, hypoallergene Waschmittel.<br data-start=\"7722\" data-end=\"7725\" \/>\u2022 Schonwaschgang bei 30 \u00b0C f\u00fcr 30 Minuten.<br data-start=\"7767\" data-end=\"7770\" \/>\u2022 Verwenden Sie einen W\u00e4schesack zum Schutz.<br data-start=\"7814\" data-end=\"7817\" \/>\u2022 Nach dem Waschen flach trocknen lassen.<\/p>\n","protected":false},"excerpt":{"rendered":"<p>Bringen Sie gem\u00fctliche Weihnachtsmagie in Ihr Zuhause mit diesen bezaubernden handgeh\u00e4kelten Wichteln! Jeder Wichtel wird in Amigurumi-Technik aus weichem, pl\u00fcschigem Garn gefertigt, wodurch er wunderbar kuschelig, strukturiert und voller Charakter ist.<\/p>\n<p><iframe title=\"YouTube video player\" src=\"https:\/\/www.youtube.com\/embed\/kdKQTc8hWAE?si=tR1h8f48rPcVOMxP\" width=\"560\" height=\"315\" frameborder=\"0\" allowfullscreen=\"allowfullscreen\"><\/iframe><\/p>\n","protected":false},"featured_media":36624,"comment_status":"open","ping_status":"closed","template":"","meta":[],"product_brand":[],"product_cat":[240,245,280],"product_tag":[],"class_list":{"0":"post-36570","1":"product","2":"type-product","3":"status-publish","4":"has-post-thumbnail","6":"product_cat-auf-bestellung-gefertigt","7":"product_cat-kuscheltiere-2","8":"product_cat-wohnkultur","10":"first","11":"onbackorder","12":"taxable","13":"shipping-taxable","14":"purchasable","15":"product-type-variable"},"_links":{"self":[{"href":"https:\/\/tinyknit.eu\/de\/wp-json\/wp\/v2\/product\/36570","targetHints":{"allow":["GET"]}}],"collection":[{"href":"https:\/\/tinyknit.eu\/de\/wp-json\/wp\/v2\/product"}],"about":[{"href":"https:\/\/tinyknit.eu\/de\/wp-json\/wp\/v2\/types\/product"}],"replies":[{"embeddable":true,"href":"https:\/\/tinyknit.eu\/de\/wp-json\/wp\/v2\/comments?post=36570"}],"version-history":[{"count":1,"href":"https:\/\/tinyknit.eu\/de\/wp-json\/wp\/v2\/product\/36570\/revisions"}],"predecessor-version":[{"id":36753,"href":"https:\/\/tinyknit.eu\/de\/wp-json\/wp\/v2\/product\/36570\/revisions\/36753"}],"wp:featuredmedia":[{"embeddable":true,"href":"https:\/\/tinyknit.eu\/de\/wp-json\/wp\/v2\/media\/36624"}],"wp:attachment":[{"href":"https:\/\/tinyknit.eu\/de\/wp-json\/wp\/v2\/media?parent=36570"}],"wp:term":[{"taxonomy":"product_brand","embeddable":true,"href":"https:\/\/tinyknit.eu\/de\/wp-json\/wp\/v2\/product_brand?post=36570"},{"taxonomy":"product_cat","embeddable":true,"href":"https:\/\/tinyknit.eu\/de\/wp-json\/wp\/v2\/product_cat?post=36570"},{"taxonomy":"product_tag","embeddable":true,"href":"https:\/\/tinyknit.eu\/de\/wp-json\/wp\/v2\/product_tag?post=36570"}],"curies":[{"name":"wp","href":"https:\/\/api.w.org\/{rel}","templated":true}]}}