{"id":27550,"date":"2025-04-05T19:37:46","date_gmt":"2025-04-05T19:37:46","guid":{"rendered":"https:\/\/tinyknit.eu\/?post_type=product&#038;p=27550"},"modified":"2025-04-05T19:42:51","modified_gmt":"2025-04-05T19:42:51","slug":"set-aus-3-musselin-baumwolltaschentuechern","status":"publish","type":"product","link":"https:\/\/tinyknit.eu\/de\/product\/musselin-baumwolltaschentuecher\/set-aus-3-musselin-baumwolltaschentuechern\/","title":{"rendered":"Set aus 3 Musselin-Baumwolltaschent\u00fcchern"},"content":{"rendered":"<p class=\"\" data-start=\"1564\" data-end=\"1813\">Unser Musselin-Baumwolltaschentuch ist sanft zur empfindlichen Babyhaut. Es hat eine hochwertige Textur und besteht aus 100 % Baumwollmusselin. Mulltaschent\u00fccher werden h\u00e4ufig f\u00fcr Neugeborene verwendet, z.\u202fB. zum Abwischen von Speichel oder Schwei\u00df.<\/p>\n<p class=\"\" data-start=\"1815\" data-end=\"2030\"><strong data-start=\"1815\" data-end=\"1828\">Merkmale:<\/strong><br data-start=\"1828\" data-end=\"1831\" \/>\u2022 Nat\u00fcrlich antibakteriell<br data-start=\"1857\" data-end=\"1860\" \/>\u2022 Ultraweich und atmungsaktiv<br data-start=\"1889\" data-end=\"1892\" \/>\u2022 Hohe Saugf\u00e4higkeit \u2013 leitet Feuchtigkeit von der Haut ab<br data-start=\"1950\" data-end=\"1953\" \/>\u2022 Sicher, wenn Kinder es in den Mund nehmen<br data-start=\"1996\" data-end=\"1999\" \/>\u2022 Wird mit jeder W\u00e4sche weicher<\/p>\n<p class=\"\" data-start=\"2032\" data-end=\"2089\"><strong data-start=\"2032\" data-end=\"2042\">Gr\u00f6\u00dfe:<\/strong> ca. 27 x 27 cm<br data-start=\"2057\" data-end=\"2060\" \/><strong data-start=\"2060\" data-end=\"2073\">Material:<\/strong> 100 % Baumwolle<\/p>\n<p class=\"\" data-start=\"2091\" data-end=\"2145\"><strong data-start=\"2091\" data-end=\"2107\">Set enth\u00e4lt:<\/strong><br data-start=\"2107\" data-end=\"2110\" \/>\u2022 3x Musselin-Baumwolltaschent\u00fccher<\/p>\n","protected":false},"excerpt":{"rendered":"<p>Unser Musselin-Baumwolltaschentuch ist sanft zur empfindlichen Babyhaut. Es hat eine hochwertige Textur und besteht aus 100 % Baumwollmusselin. Mulltaschent\u00fccher werden h\u00e4ufig f\u00fcr Neugeborene verwendet, z.\u202fB. zum Abwischen von Speichel oder Schwei\u00df.<\/p>\n","protected":false},"featured_media":27538,"comment_status":"open","ping_status":"closed","template":"","meta":[],"product_brand":[],"product_cat":[657],"product_tag":[],"class_list":{"0":"post-27550","1":"product","2":"type-product","3":"status-publish","4":"has-post-thumbnail","6":"product_cat-musselin-baumwolltaschentuecher","8":"first","9":"outofstock","10":"taxable","11":"shipping-taxable","12":"purchasable","13":"product-type-simple"},"_links":{"self":[{"href":"https:\/\/tinyknit.eu\/de\/wp-json\/wp\/v2\/product\/27550","targetHints":{"allow":["GET"]}}],"collection":[{"href":"https:\/\/tinyknit.eu\/de\/wp-json\/wp\/v2\/product"}],"about":[{"href":"https:\/\/tinyknit.eu\/de\/wp-json\/wp\/v2\/types\/product"}],"replies":[{"embeddable":true,"href":"https:\/\/tinyknit.eu\/de\/wp-json\/wp\/v2\/comments?post=27550"}],"version-history":[{"count":1,"href":"https:\/\/tinyknit.eu\/de\/wp-json\/wp\/v2\/product\/27550\/revisions"}],"predecessor-version":[{"id":27551,"href":"https:\/\/tinyknit.eu\/de\/wp-json\/wp\/v2\/product\/27550\/revisions\/27551"}],"wp:featuredmedia":[{"embeddable":true,"href":"https:\/\/tinyknit.eu\/de\/wp-json\/wp\/v2\/media\/27538"}],"wp:attachment":[{"href":"https:\/\/tinyknit.eu\/de\/wp-json\/wp\/v2\/media?parent=27550"}],"wp:term":[{"taxonomy":"product_brand","embeddable":true,"href":"https:\/\/tinyknit.eu\/de\/wp-json\/wp\/v2\/product_brand?post=27550"},{"taxonomy":"product_cat","embeddable":true,"href":"https:\/\/tinyknit.eu\/de\/wp-json\/wp\/v2\/product_cat?post=27550"},{"taxonomy":"product_tag","embeddable":true,"href":"https:\/\/tinyknit.eu\/de\/wp-json\/wp\/v2\/product_tag?post=27550"}],"curies":[{"name":"wp","href":"https:\/\/api.w.org\/{rel}","templated":true}]}}