{"id":27388,"date":"2025-03-12T19:05:18","date_gmt":"2025-03-12T19:05:18","guid":{"rendered":"https:\/\/tinyknit.eu\/?post_type=product&#038;p=27388"},"modified":"2025-03-12T19:17:09","modified_gmt":"2025-03-12T19:17:09","slug":"stoffrassel-creme-beige-gans","status":"publish","type":"product","link":"https:\/\/tinyknit.eu\/de\/product\/stoffrasseln\/stoffrassel-creme-beige-gans\/","title":{"rendered":"Stoffrassel &#8211; Creme Beige Gans"},"content":{"rendered":"<p>Die Stoffrassel ist ein ausgezeichnetes Geschenk f\u00fcr die Entdeckungsfreude Ihres Babys und f\u00f6rdert die feinmotorischen F\u00e4higkeiten eines Babys. Das Spielzeug liegt bequem in der Hand des Babys. Es ist absolut sicher f\u00fcr das Baby und reizt die Babyhaut nicht. Die G\u00e4nserassel hat eine weiche und sanfte Textur, die perfekt f\u00fcr die taktile Stimulation ist. Das Band erm\u00f6glicht es Ihnen, das Spielzeug \u00fcberall anzubringen &#8211; zum Beispiel an einem Babybett oder Schnuller.<\/p>\n<p><strong>Material:<\/strong> 100% Polyester<br \/>\n<strong>F\u00fcllung:<\/strong> 100% Holofiber (nicht allergene F\u00fcllung)<br \/>\n<strong>Gr\u00f6\u00dfe:<\/strong> ~18 x 11 cm<br \/>\n<strong>L\u00e4nge des Bandes:<\/strong> ~13 cm<br \/>\n<strong>Gewicht:<\/strong> ~50g<br \/>\n<strong>Geeignet von Geburt an.<\/strong><br \/>\nEs hat eine Glocke innen. Alle Teile sind sicher von Hand zusammengen\u00e4ht.<br \/>\nAchtung! Der Schnuller ist nicht im Set enthalten!<\/p>\n<p><strong>Set enth\u00e4lt:<\/strong><br \/>\n\u2022 1x Stoffrassel<\/p>\n<p><strong>Pflegeempfehlungen:<\/strong> Mit warmem Seifenwasser abwischen und an der Luft trocknen lassen.<\/p>\n","protected":false},"excerpt":{"rendered":"<p>Die Stoffrassel ist ein ausgezeichnetes Geschenk f\u00fcr die Entdeckungsfreude Ihres Babys und f\u00f6rdert die feinmotorischen F\u00e4higkeiten eines Babys.<\/p>\n<p><iframe title=\"YouTube video player\" src=\"https:\/\/www.youtube.com\/embed\/6FkNW1N7I1g?si=1--ZcOuT7tFt79SP\" width=\"560\" height=\"315\" frameborder=\"0\" allowfullscreen=\"allowfullscreen\"><\/iframe><\/p>\n","protected":false},"featured_media":27410,"comment_status":"open","ping_status":"closed","template":"","meta":[],"product_brand":[],"product_cat":[325,243],"product_tag":[],"class_list":{"0":"post-27388","1":"product","2":"type-product","3":"status-publish","4":"has-post-thumbnail","6":"product_cat-stoffrasseln","7":"product_cat-versandbereit","9":"first","10":"instock","11":"taxable","12":"shipping-taxable","13":"purchasable","14":"product-type-simple"},"_links":{"self":[{"href":"https:\/\/tinyknit.eu\/de\/wp-json\/wp\/v2\/product\/27388","targetHints":{"allow":["GET"]}}],"collection":[{"href":"https:\/\/tinyknit.eu\/de\/wp-json\/wp\/v2\/product"}],"about":[{"href":"https:\/\/tinyknit.eu\/de\/wp-json\/wp\/v2\/types\/product"}],"replies":[{"embeddable":true,"href":"https:\/\/tinyknit.eu\/de\/wp-json\/wp\/v2\/comments?post=27388"}],"version-history":[{"count":1,"href":"https:\/\/tinyknit.eu\/de\/wp-json\/wp\/v2\/product\/27388\/revisions"}],"predecessor-version":[{"id":27418,"href":"https:\/\/tinyknit.eu\/de\/wp-json\/wp\/v2\/product\/27388\/revisions\/27418"}],"wp:featuredmedia":[{"embeddable":true,"href":"https:\/\/tinyknit.eu\/de\/wp-json\/wp\/v2\/media\/27410"}],"wp:attachment":[{"href":"https:\/\/tinyknit.eu\/de\/wp-json\/wp\/v2\/media?parent=27388"}],"wp:term":[{"taxonomy":"product_brand","embeddable":true,"href":"https:\/\/tinyknit.eu\/de\/wp-json\/wp\/v2\/product_brand?post=27388"},{"taxonomy":"product_cat","embeddable":true,"href":"https:\/\/tinyknit.eu\/de\/wp-json\/wp\/v2\/product_cat?post=27388"},{"taxonomy":"product_tag","embeddable":true,"href":"https:\/\/tinyknit.eu\/de\/wp-json\/wp\/v2\/product_tag?post=27388"}],"curies":[{"name":"wp","href":"https:\/\/api.w.org\/{rel}","templated":true}]}}