{"id":26854,"date":"2025-02-28T20:20:47","date_gmt":"2025-02-28T20:20:47","guid":{"rendered":"https:\/\/tinyknit.eu\/?post_type=product&#038;p=26854"},"modified":"2025-02-28T20:28:22","modified_gmt":"2025-02-28T20:28:22","slug":"haengende-gehaekelte-wanddekoration-fuer-das-babyzimmer-panda","status":"publish","type":"product","link":"https:\/\/tinyknit.eu\/de\/product\/kinderzimmer-deko\/haengende-gehaekelte-wanddekoration-fuer-das-babyzimmer-panda\/","title":{"rendered":"H\u00e4ngende geh\u00e4kelte Wanddekoration f\u00fcr das Babyzimmer \u2013 Panda"},"content":{"rendered":"<p data-start=\"2186\" data-end=\"2518\">Die Dekoration eines Babyzimmers ist eine sehr verantwortungsvolle und wichtige Aufgabe, der alle Eltern besondere Aufmerksamkeit schenken. Unsere Wanddekoration ist ein wunderbares dekoratives Element, das das Zimmer Ihres Kindes individueller und farbenfroher macht. Die Dekoration kann an einer T\u00fcr oder Wand aufgeh\u00e4ngt werden.<\/p>\n<p data-start=\"2520\" data-end=\"2631\">Verleihen Sie dem Raum Ihres kleinen Lieblings eine handgefertigte Note mit dieser geh\u00e4kelten Wanddekoration!<\/p>\n<p data-start=\"2633\" data-end=\"2723\"><strong data-start=\"2633\" data-end=\"2643\">Gr\u00f6\u00dfe:<\/strong> ca. 30 x 25 cm<br data-start=\"2658\" data-end=\"2661\" \/><strong data-start=\"2661\" data-end=\"2674\">Material:<\/strong> 55 % Baumwolle, 45 % Acryl und Buchenholzstab.<\/p>\n<p data-start=\"2725\" data-end=\"2803\"><strong data-start=\"2725\" data-end=\"2741\">Set enth\u00e4lt:<\/strong><br data-start=\"2741\" data-end=\"2744\" \/>\u2022 1x H\u00e4ngende geh\u00e4kelte Wanddekoration f\u00fcr das Babyzimmer<\/p>\n<p data-start=\"2805\" data-end=\"2911\"><strong data-start=\"2805\" data-end=\"2824\">Pflegehinweise:<\/strong> Handw\u00e4sche bei 30\u00b0C mit Babyseife. An der Luft trocknen. Nicht im Trockner trocknen.<\/p>\n","protected":false},"excerpt":{"rendered":"<p>Die Dekoration eines Babyzimmers ist eine sehr verantwortungsvolle und wichtige Aufgabe, der alle Eltern besondere Aufmerksamkeit schenken. Unsere Wanddekoration ist ein wunderbares dekoratives Element, das das Zimmer Ihres Kindes individueller und farbenfroher macht. Die Dekoration kann an einer T\u00fcr oder Wand aufgeh\u00e4ngt werden.<\/p>\n","protected":false},"featured_media":26837,"comment_status":"open","ping_status":"closed","template":"","meta":[],"product_brand":[],"product_cat":[559,243],"product_tag":[],"class_list":{"0":"post-26854","1":"product","2":"type-product","3":"status-publish","4":"has-post-thumbnail","6":"product_cat-kinderzimmer-deko","7":"product_cat-versandbereit","9":"first","10":"instock","11":"taxable","12":"shipping-taxable","13":"purchasable","14":"product-type-simple"},"_links":{"self":[{"href":"https:\/\/tinyknit.eu\/de\/wp-json\/wp\/v2\/product\/26854","targetHints":{"allow":["GET"]}}],"collection":[{"href":"https:\/\/tinyknit.eu\/de\/wp-json\/wp\/v2\/product"}],"about":[{"href":"https:\/\/tinyknit.eu\/de\/wp-json\/wp\/v2\/types\/product"}],"replies":[{"embeddable":true,"href":"https:\/\/tinyknit.eu\/de\/wp-json\/wp\/v2\/comments?post=26854"}],"version-history":[{"count":1,"href":"https:\/\/tinyknit.eu\/de\/wp-json\/wp\/v2\/product\/26854\/revisions"}],"predecessor-version":[{"id":26855,"href":"https:\/\/tinyknit.eu\/de\/wp-json\/wp\/v2\/product\/26854\/revisions\/26855"}],"wp:featuredmedia":[{"embeddable":true,"href":"https:\/\/tinyknit.eu\/de\/wp-json\/wp\/v2\/media\/26837"}],"wp:attachment":[{"href":"https:\/\/tinyknit.eu\/de\/wp-json\/wp\/v2\/media?parent=26854"}],"wp:term":[{"taxonomy":"product_brand","embeddable":true,"href":"https:\/\/tinyknit.eu\/de\/wp-json\/wp\/v2\/product_brand?post=26854"},{"taxonomy":"product_cat","embeddable":true,"href":"https:\/\/tinyknit.eu\/de\/wp-json\/wp\/v2\/product_cat?post=26854"},{"taxonomy":"product_tag","embeddable":true,"href":"https:\/\/tinyknit.eu\/de\/wp-json\/wp\/v2\/product_tag?post=26854"}],"curies":[{"name":"wp","href":"https:\/\/api.w.org\/{rel}","templated":true}]}}