{"id":26189,"date":"2025-02-16T20:32:33","date_gmt":"2025-02-16T20:32:33","guid":{"rendered":"https:\/\/tinyknit.eu\/?post_type=product&#038;p=26189"},"modified":"2025-02-16T20:44:45","modified_gmt":"2025-02-16T20:44:45","slug":"schnuffeltuch-hase-48","status":"publish","type":"product","link":"https:\/\/tinyknit.eu\/de\/product\/schnuffeltucher\/schnuffeltuch-hase-48\/","title":{"rendered":"Schnuffeltuch \u2013 Hase"},"content":{"rendered":"<p><strong>Unser Schnuffeltuch<\/strong> wird verwendet, um dem Baby beim Einschlafen zu helfen. Es ist flach, was es leicht und einfach f\u00fcr die Kleinen macht, sich einzukuscheln. Eltern verwenden oft Schnuffelt\u00fccher, um sich von Schlafarrangements im Elternbett zu l\u00f6sen. Der Geruch ihrer Mutter hilft wirklich dabei, sie ruhig zu halten.<\/p>\n<p>Hergestellt aus hochwertiger Baumwolle auf der einen Seite und kuscheligem Stoff auf der anderen, wird seine zweifarbige Textur Babys helfen, ein Gef\u00fchl f\u00fcr den Tastsinn zu entwickeln.<\/p>\n<p><strong>Geeignet ab der Geburt. <\/strong><br \/>\n<strong>Gr\u00f6\u00dfe:<\/strong> ca. 25 x 25 cm<\/p>\n<p><strong>Set enth\u00e4lt:<\/strong><br \/>\n\u2022 1x Schnuffeltuch<\/p>\n<p><strong>Pflegeempfehlungen:<\/strong> Von Hand bei 30\u00b0C mit Babyseife waschen. An der Luft trocknen lassen. Nicht im Trockner trocknen.<\/p>\n","protected":false},"excerpt":{"rendered":"<p>Unser Schnuffeltuch wird verwendet, um dem Baby beim Einschlafen zu helfen. Es ist flach, was es leicht und einfach f\u00fcr die Kleinen macht, sich einzukuscheln. Eltern verwenden oft Schnuffelt\u00fccher, um sich von Schlafarrangements im Elternbett zu l\u00f6sen. Der Geruch ihrer Mutter hilft wirklich dabei, sie ruhig zu halten.<\/p>\n","protected":false},"featured_media":26204,"comment_status":"open","ping_status":"closed","template":"","meta":[],"product_brand":[],"product_cat":[320,243],"product_tag":[],"class_list":{"0":"post-26189","1":"product","2":"type-product","3":"status-publish","4":"has-post-thumbnail","6":"product_cat-schnuffeltucher","7":"product_cat-versandbereit","9":"first","10":"instock","11":"sale","12":"taxable","13":"shipping-taxable","14":"purchasable","15":"product-type-simple"},"_links":{"self":[{"href":"https:\/\/tinyknit.eu\/de\/wp-json\/wp\/v2\/product\/26189","targetHints":{"allow":["GET"]}}],"collection":[{"href":"https:\/\/tinyknit.eu\/de\/wp-json\/wp\/v2\/product"}],"about":[{"href":"https:\/\/tinyknit.eu\/de\/wp-json\/wp\/v2\/types\/product"}],"replies":[{"embeddable":true,"href":"https:\/\/tinyknit.eu\/de\/wp-json\/wp\/v2\/comments?post=26189"}],"version-history":[{"count":1,"href":"https:\/\/tinyknit.eu\/de\/wp-json\/wp\/v2\/product\/26189\/revisions"}],"predecessor-version":[{"id":26218,"href":"https:\/\/tinyknit.eu\/de\/wp-json\/wp\/v2\/product\/26189\/revisions\/26218"}],"wp:featuredmedia":[{"embeddable":true,"href":"https:\/\/tinyknit.eu\/de\/wp-json\/wp\/v2\/media\/26204"}],"wp:attachment":[{"href":"https:\/\/tinyknit.eu\/de\/wp-json\/wp\/v2\/media?parent=26189"}],"wp:term":[{"taxonomy":"product_brand","embeddable":true,"href":"https:\/\/tinyknit.eu\/de\/wp-json\/wp\/v2\/product_brand?post=26189"},{"taxonomy":"product_cat","embeddable":true,"href":"https:\/\/tinyknit.eu\/de\/wp-json\/wp\/v2\/product_cat?post=26189"},{"taxonomy":"product_tag","embeddable":true,"href":"https:\/\/tinyknit.eu\/de\/wp-json\/wp\/v2\/product_tag?post=26189"}],"curies":[{"name":"wp","href":"https:\/\/api.w.org\/{rel}","templated":true}]}}