{"id":22400,"date":"2024-10-29T17:18:18","date_gmt":"2024-10-29T17:18:18","guid":{"rendered":"https:\/\/tinyknit.eu\/?post_type=product&#038;p=22400"},"modified":"2025-11-07T18:33:00","modified_gmt":"2025-11-07T18:33:00","slug":"gehaekeltes-kuscheltier-schmusetier-moewe","status":"publish","type":"product","link":"https:\/\/tinyknit.eu\/de\/product\/kuscheltiere-2\/gehaekeltes-kuscheltier-schmusetier-moewe\/","title":{"rendered":"Geh\u00e4keltes Kuscheltier, Schmusetier \u2013 M\u00f6we"},"content":{"rendered":"<p>Suchen Sie nach einem einzigartigen Kuschelbegleiter f\u00fcr die Schlafenszeit, den Ihr Kind lieben wird? Ihre Suche endet hier, denn dieses s\u00fc\u00dfe geh\u00e4kelte Schnecken-Spielzeug ist die perfekte Wahl! Es eignet sich hervorragend zum Kuscheln beim Schlafengehen und bietet tags\u00fcber endlosen Spa\u00df \u2013 das ideale Geschenk f\u00fcr Babys und Kleinkinder, unabh\u00e4ngig vom Alter (selbst Erwachsene werden ihn lieben \u2764\ufe0f).<\/p>\n<p><strong>Merkmale:<\/strong><br \/>\n\u2022\u2022 <strong>Kommunikation mit den Eltern.<\/strong> F\u00e4higkeit, den Geruch von Mama oder Papa zu bewahren. Legen Sie das Spielzeug beim F\u00fcttern oder Wiegen neben Ihr Baby, und es wird Ihren Duft aufnehmen. So f\u00fchlt sich Ihr Kind Ihnen nah, auch wenn Sie nicht da sind.<br \/>\n\u2022\u2022 <strong>Erforschung.<\/strong> Die geh\u00e4kelte Schnecke bietet eine reichhaltige haptische Erfahrung, die das Interesse des Kindes weckt und seine Erkundung der Umgebung f\u00f6rdert.<br \/>\n\u2022\u2022 <strong>Besondere Erinnerungen.<\/strong> Unsere Spielzeuge k\u00f6nnen auch als Requisiten f\u00fcr Neugeborenenfotografie verwendet werden.<br \/>\n\u2022\u2022 <strong>Beruhigende Wirkung.<\/strong> Das Kuscheltier Schnecke vermittelt Geborgenheit und Sicherheit f\u00fcr Ihr Baby am Tag und in der Nacht.<\/p>\n<p><strong>Perfekt f\u00fcr:<\/strong><br \/>\n\u2022\u2022 Ein wunderbares Geschenk zur Babyparty, Geburtsliste, Geburtstagsfeier, Weihnachten oder jeden anderen besonderen Anlass.<br \/>\n\u2022\u2022 Einzigartige Spielzeuge, die auch als charmante Dekoration im Kinderzimmer dienen k\u00f6nnen.<\/p>\n<p><strong>Gr\u00f6\u00dfe:<\/strong> ca. 25 cm (9,8\u201c)<\/p>\n<p><strong>Material:<\/strong><br \/>\n\u2022\u2022 <strong>Garn:<\/strong> 100 % Mikropolyester (Oeko-Tex Standard 100). Hypoallergen, weiches und kindersicheres Pl\u00fcschgarn.<br \/>\n\u2022\u2022 <strong>F\u00fcllung:<\/strong> Hohlfaser. Unsere Spielzeuge werden in einem rauch- und tierfreien Haushalt hergestellt.<\/p>\n<p><strong>Verpackung:<\/strong><br \/>\n\u2022\u2022 Das Produkt wird in einem Markenbeutel verpackt und in einem Karton geliefert.<\/p>\n<p>Hergestellt in Estland, Europ\u00e4ische Union.<\/p>\n<p><strong>Set Enth\u00e4lt:<\/strong><br \/>\n\u2022 1x Kuscheltier<\/p>\n<p><strong>Pflegehinweise:<\/strong><br \/>\nZur Sicherheit Ihrer Kinder behandeln wir unsere Spielzeuge vor dem Versand nicht mit Chemikalien. Sie k\u00f6nnen es selbst mit einem geeigneten Waschmittel waschen oder eine Dampfbehandlung ohne Chemikalien durchf\u00fchren.<\/p>\n<p>\u2022 Verwenden Sie fl\u00fcssige, hypoallergene Waschmittel, um allergische Reaktionen zu vermeiden.<br \/>\n\u2022 W\u00e4hlen Sie den Schonwaschgang der Waschmaschine und stellen Sie 30 Grad f\u00fcr 30 Minuten ein.<br \/>\n\u2022 Zur Schonung empfehlen wir, das Produkt in einem W\u00e4schesack zu waschen.<br \/>\n\u2022 Nach dem Waschen flach ausbreiten zum Trocknen.<br \/>\n\u2022 Nicht aufh\u00e4ngen, auswringen oder b\u00fcgeln.<\/p>\n","protected":false},"excerpt":{"rendered":"<p>Suchen Sie nach einem einzigartigen Kuschelbegleiter f\u00fcr die Schlafenszeit, den Ihr Kind lieben wird? Ihre Suche endet hier, denn dieses s\u00fc\u00dfe geh\u00e4kelte Schnecken-Spielzeug ist die perfekte Wahl! Es eignet sich hervorragend zum Kuscheln beim Schlafengehen und bietet tags\u00fcber endlosen Spa\u00df \u2013 das ideale Geschenk f\u00fcr Babys und Kleinkinder, unabh\u00e4ngig vom Alter (selbst Erwachsene werden ihn lieben \u2764\ufe0f).<\/p>\n<p><iframe width=\"560\" height=\"315\" src=\"https:\/\/www.youtube.com\/embed\/7XAN8akJNLw?si=S_e4ZKiM4VwqkBS5\" title=\"YouTube video player\" frameborder=\"0\" allow=\"accelerometer; autoplay; clipboard-write; encrypted-media; gyroscope; picture-in-picture; web-share\" referrerpolicy=\"strict-origin-when-cross-origin\" allowfullscreen><\/iframe><\/p>\n","protected":false},"featured_media":34884,"comment_status":"open","ping_status":"closed","template":"","meta":[],"product_brand":[],"product_cat":[245],"product_tag":[],"class_list":{"0":"post-22400","1":"product","2":"type-product","3":"status-publish","4":"has-post-thumbnail","6":"product_cat-kuscheltiere-2","8":"first","9":"onbackorder","10":"taxable","11":"shipping-taxable","12":"purchasable","13":"product-type-simple"},"_links":{"self":[{"href":"https:\/\/tinyknit.eu\/de\/wp-json\/wp\/v2\/product\/22400","targetHints":{"allow":["GET"]}}],"collection":[{"href":"https:\/\/tinyknit.eu\/de\/wp-json\/wp\/v2\/product"}],"about":[{"href":"https:\/\/tinyknit.eu\/de\/wp-json\/wp\/v2\/types\/product"}],"replies":[{"embeddable":true,"href":"https:\/\/tinyknit.eu\/de\/wp-json\/wp\/v2\/comments?post=22400"}],"version-history":[{"count":2,"href":"https:\/\/tinyknit.eu\/de\/wp-json\/wp\/v2\/product\/22400\/revisions"}],"predecessor-version":[{"id":34893,"href":"https:\/\/tinyknit.eu\/de\/wp-json\/wp\/v2\/product\/22400\/revisions\/34893"}],"wp:featuredmedia":[{"embeddable":true,"href":"https:\/\/tinyknit.eu\/de\/wp-json\/wp\/v2\/media\/34884"}],"wp:attachment":[{"href":"https:\/\/tinyknit.eu\/de\/wp-json\/wp\/v2\/media?parent=22400"}],"wp:term":[{"taxonomy":"product_brand","embeddable":true,"href":"https:\/\/tinyknit.eu\/de\/wp-json\/wp\/v2\/product_brand?post=22400"},{"taxonomy":"product_cat","embeddable":true,"href":"https:\/\/tinyknit.eu\/de\/wp-json\/wp\/v2\/product_cat?post=22400"},{"taxonomy":"product_tag","embeddable":true,"href":"https:\/\/tinyknit.eu\/de\/wp-json\/wp\/v2\/product_tag?post=22400"}],"curies":[{"name":"wp","href":"https:\/\/api.w.org\/{rel}","templated":true}]}}