{"id":21936,"date":"2024-08-18T11:32:54","date_gmt":"2024-08-18T11:32:54","guid":{"rendered":"https:\/\/tinyknit.eu\/?post_type=product&#038;p=21936"},"modified":"2025-04-05T18:56:44","modified_gmt":"2025-04-05T18:56:44","slug":"pluesch-schlafspielzeug-kuscheltier-nachtfalter","status":"publish","type":"product","link":"https:\/\/tinyknit.eu\/de\/product\/kuscheltiere\/pluesch-schlafspielzeug-kuscheltier-nachtfalter\/","title":{"rendered":"Pl\u00fcsch-Schlafspielzeug, Kuscheltier \u2013 Nachtfalter"},"content":{"rendered":"<p>Sind Sie auf der Suche nach einem einzigartigen und kuscheligen Schlafgef\u00e4hrten f\u00fcr Ihr Kleines? Sie m\u00fcssen nicht weiter suchen, denn dieses s\u00fc\u00dfe geh\u00e4kelte Spielzeug ist genau das Richtige! Es ist perfekt zum Kuscheln w\u00e4hrend der Schlafenszeit und zum Spielen tags\u00fcber, was es zu einem idealen Geschenk f\u00fcr jedes Baby oder Kind macht, unabh\u00e4ngig vom Alter.<\/p>\n<p><strong>Eigenschaften:<\/strong><\/p>\n<ul>\n<li>Kommunikation mit den Eltern. Die F\u00e4higkeit, den Geruch von Mama oder Papa zu bewahren. Legen Sie das Spielzeug w\u00e4hrend des Stillens oder Schaukeln neben Ihr Baby, und es nimmt Ihren Duft auf. So f\u00fchlt sich das Baby immer in Ihrer N\u00e4he, auch wenn Sie nicht da sind.<\/li>\n<li>Erkundung. Das geh\u00e4kelte Schmetterlingsspielzeug bietet ein reiches taktiles Erlebnis, das das Interesse des Kindes weckt und ihm hilft, die Welt um sich herum zu erkunden.<\/li>\n<li>Kann wundervolle Erinnerungen schaffen. Unsere Spielzeuge k\u00f6nnen als Foto-Requisiten f\u00fcr Neugeborenenfotografie verwendet werden.<\/li>\n<li>Beruhigende Effekte. Das geh\u00e4kelte Schmetterlingskuscheltier schafft Komfort und Sicherheit f\u00fcr das Baby, sowohl tags\u00fcber als auch nachts.<\/li>\n<li>Das Set enth\u00e4lt zwei Paar Fl\u00fcgel, die leicht entfernt werden k\u00f6nnen.<\/li>\n<\/ul>\n<p><strong>Perfekt f\u00fcr:<\/strong><\/p>\n<ul>\n<li>Es ist ein wunderbares Geschenk f\u00fcr eine Babyparty, Babyregistrierung, Geburtstagsfeier, Weihnachten oder f\u00fcr jeden anderen Anlass.<\/li>\n<li>Einzigartige Spielzeuge, die auch eine charmante Erg\u00e4nzung f\u00fcr die Einrichtung des Kinderzimmers sein k\u00f6nnen.<\/li>\n<\/ul>\n<p><strong>Gesamtgr\u00f6\u00dfe:<\/strong> ca. 34 cm (13,3\u201c)<br \/>\n<strong>Garn:<\/strong> 100% Mikropolyester (Oeko-Tex 100 Standard) und 100% Polyester-Kunstfell. Hypoallergenes, pl\u00fcschiges Garn. Sehr weich, kuschelig und sicher f\u00fcr Kinder.<br \/>\n<strong>F\u00fcllung:<\/strong> Holofaser.<\/p>\n<p>Unsere Spielzeuge werden in einem rauchfreien und haustierfreien Zuhause hergestellt. <strong>Hergestellt in Estland, Europ\u00e4ische Union.<\/strong><\/p>\n<p><strong>Set enth\u00e4lt:<\/strong><\/p>\n<ul>\n<li>1x geh\u00e4keltes flauschiges Schmetterlingskuscheltier mit Fl\u00fcgeln an B\u00e4ndern<\/li>\n<\/ul>\n<p><strong>Das perfekte Geschenk f\u00fcr Babys!<\/strong><\/p>\n<p>Geschenkfertige Verpackung f\u00fcr jede Babyparty, Babyregistrierung oder Geburtstagsfeier.<\/p>\n<p><strong>Pflegetipps:<\/strong><\/p>\n<ul>\n<li>Um allergische Reaktionen zu vermeiden, verwenden Sie fl\u00fcssige und hypoallergene Reinigungsmittel.<\/li>\n<li>Verwenden Sie den Schonwaschgang der Waschmaschine und stellen Sie die Temperatur auf 30 Grad f\u00fcr 30 Minuten ein.<\/li>\n<li>Nach dem Waschen das Spielzeug flach zum Trocknen auslegen.<\/li>\n<\/ul>\n","protected":false},"excerpt":{"rendered":"<p>Suchen Sie nach einem einzigartigen und gem\u00fctlichen Schlafkameraden f\u00fcr Ihr Kleines? Sie m\u00fcssen nicht weiter suchen, denn dieses niedliche geh\u00e4kelte Spielzeug ist genau das Richtige! Es eignet sich perfekt zum Kuscheln vor dem Schlafengehen und f\u00fcr spa\u00dfiges Spielen am Tag, wodurch es ein ideales Geschenk f\u00fcr jedes Baby oder Kind ist, unabh\u00e4ngig vom Alter.<\/p>\n","protected":false},"featured_media":21997,"comment_status":"open","ping_status":"closed","template":"","meta":[],"product_brand":[],"product_cat":[244,243],"product_tag":[],"class_list":{"0":"post-21936","1":"product","2":"type-product","3":"status-publish","4":"has-post-thumbnail","6":"product_cat-kuscheltiere","7":"product_cat-versandbereit","9":"first","10":"instock","11":"taxable","12":"shipping-taxable","13":"purchasable","14":"product-type-variable"},"_links":{"self":[{"href":"https:\/\/tinyknit.eu\/de\/wp-json\/wp\/v2\/product\/21936","targetHints":{"allow":["GET"]}}],"collection":[{"href":"https:\/\/tinyknit.eu\/de\/wp-json\/wp\/v2\/product"}],"about":[{"href":"https:\/\/tinyknit.eu\/de\/wp-json\/wp\/v2\/types\/product"}],"replies":[{"embeddable":true,"href":"https:\/\/tinyknit.eu\/de\/wp-json\/wp\/v2\/comments?post=21936"}],"version-history":[{"count":1,"href":"https:\/\/tinyknit.eu\/de\/wp-json\/wp\/v2\/product\/21936\/revisions"}],"predecessor-version":[{"id":22074,"href":"https:\/\/tinyknit.eu\/de\/wp-json\/wp\/v2\/product\/21936\/revisions\/22074"}],"wp:featuredmedia":[{"embeddable":true,"href":"https:\/\/tinyknit.eu\/de\/wp-json\/wp\/v2\/media\/21997"}],"wp:attachment":[{"href":"https:\/\/tinyknit.eu\/de\/wp-json\/wp\/v2\/media?parent=21936"}],"wp:term":[{"taxonomy":"product_brand","embeddable":true,"href":"https:\/\/tinyknit.eu\/de\/wp-json\/wp\/v2\/product_brand?post=21936"},{"taxonomy":"product_cat","embeddable":true,"href":"https:\/\/tinyknit.eu\/de\/wp-json\/wp\/v2\/product_cat?post=21936"},{"taxonomy":"product_tag","embeddable":true,"href":"https:\/\/tinyknit.eu\/de\/wp-json\/wp\/v2\/product_tag?post=21936"}],"curies":[{"name":"wp","href":"https:\/\/api.w.org\/{rel}","templated":true}]}}