{"id":20178,"date":"2024-04-04T06:36:02","date_gmt":"2024-04-04T06:36:02","guid":{"rendered":"https:\/\/tinyknit.eu\/?post_type=product&#038;p=20178"},"modified":"2025-07-30T17:44:02","modified_gmt":"2025-07-30T17:44:02","slug":"gehaekeltes-kuscheltier-drache","status":"publish","type":"product","link":"https:\/\/tinyknit.eu\/de\/product\/auf-bestellung-gefertigt\/gehaekeltes-kuscheltier-drache\/","title":{"rendered":"Geh\u00e4keltes Kuscheltier \u2013 Drache"},"content":{"rendered":"<p>Das geh\u00e4kelte Pl\u00fcschtier ist ein handgefertigtes Stofftier, das aus weicher und strapazierf\u00e4higer Wolle hergestellt wird. Sein aufwendiges H\u00e4keldesign und die lebendigen Farben machen es zu einer einzigartigen und charmanten Erg\u00e4nzung jeder Spielzeugsammlung. Perfekt zum Kuscheln oder als dekoratives St\u00fcck, wird dieses Pl\u00fcschtier Freude und Komfort f\u00fcr Menschen jeden Alters bringen.<\/p>\n<p><strong>Eigenschaften:<\/strong><br \/>\n\u2022 Das Pl\u00fcschtier kann die taktilen Empfindungen bereichern, da es verschiedene strukturierte Garne kombiniert, was f\u00fcr das Kind interessant ist und ihm hilft, die Umwelt kennenzulernen.<br \/>\n\u2022 Alle Spielzeuge sind aus hypoallergenen Materialien gefertigt und somit sicher f\u00fcr das Kind.<br \/>\n\u2022 Das Spielzeug kann eine interessante Erg\u00e4nzung zur Kinderzimmerausstattung sein.<\/p>\n<p><strong>H\u00f6he:<\/strong> ca. 50 cm<br \/>\n<strong>Material:<\/strong> Dieser Artikel ist handgeh\u00e4kelt aus hypoallergener, weicher und baumwollener Wolle. Es ist mit Holofiber gef\u00fcllt und in einem rauchfreien und haustierfreien Zuhause hergestellt.<\/p>\n<p><strong>Hergestellt in Estland, Europ\u00e4ische Union.<\/strong><\/p>\n<p><strong>Lieferumfang:<\/strong><br \/>\n\u2022 1x Pl\u00fcschtier<\/p>\n<p>Das perfekte Geschenk f\u00fcr Babys!<br \/>\nBereit zum Verschenken f\u00fcr jede Babyparty, Baby-Registrierung oder Geburtstagsfeier.<\/p>\n<p>Pflegeempfehlungen:<br \/>\n\u2022 Verwenden Sie fl\u00fcssige und hypoallergene Reinigungsmittel, um allergische Reaktionen zu vermeiden.<br \/>\n\u2022 Verwenden Sie den Schonwaschgang der Waschmaschine und stellen Sie die Temperatur auf 30 Grad f\u00fcr 30 Minuten ein.<br \/>\n\u2022 Nach dem Waschen das Spielzeug flach zum Trocknen hinlegen.<\/p>\n","protected":false},"excerpt":{"rendered":"<p>Das geh\u00e4kelte Pl\u00fcschtier ist ein handgefertigtes Stofftier, das aus weicher und strapazierf\u00e4higer Wolle hergestellt wird. Sein aufwendiges H\u00e4keldesign und die lebendigen Farben machen es zu einer einzigartigen und charmanten Erg\u00e4nzung jeder Spielzeugsammlung. Perfekt zum Kuscheln oder als dekoratives St\u00fcck, wird dieses Pl\u00fcschtier Freude und Komfort f\u00fcr Menschen jeden Alters bringen.<\/p>\n","protected":false},"featured_media":20196,"comment_status":"open","ping_status":"closed","template":"","meta":[],"product_brand":[],"product_cat":[240,245],"product_tag":[],"class_list":{"0":"post-20178","1":"product","2":"type-product","3":"status-publish","4":"has-post-thumbnail","6":"product_cat-auf-bestellung-gefertigt","7":"product_cat-kuscheltiere-2","9":"first","10":"onbackorder","11":"taxable","12":"shipping-taxable","13":"purchasable","14":"product-type-simple"},"_links":{"self":[{"href":"https:\/\/tinyknit.eu\/de\/wp-json\/wp\/v2\/product\/20178","targetHints":{"allow":["GET"]}}],"collection":[{"href":"https:\/\/tinyknit.eu\/de\/wp-json\/wp\/v2\/product"}],"about":[{"href":"https:\/\/tinyknit.eu\/de\/wp-json\/wp\/v2\/types\/product"}],"replies":[{"embeddable":true,"href":"https:\/\/tinyknit.eu\/de\/wp-json\/wp\/v2\/comments?post=20178"}],"version-history":[{"count":1,"href":"https:\/\/tinyknit.eu\/de\/wp-json\/wp\/v2\/product\/20178\/revisions"}],"predecessor-version":[{"id":20203,"href":"https:\/\/tinyknit.eu\/de\/wp-json\/wp\/v2\/product\/20178\/revisions\/20203"}],"wp:featuredmedia":[{"embeddable":true,"href":"https:\/\/tinyknit.eu\/de\/wp-json\/wp\/v2\/media\/20196"}],"wp:attachment":[{"href":"https:\/\/tinyknit.eu\/de\/wp-json\/wp\/v2\/media?parent=20178"}],"wp:term":[{"taxonomy":"product_brand","embeddable":true,"href":"https:\/\/tinyknit.eu\/de\/wp-json\/wp\/v2\/product_brand?post=20178"},{"taxonomy":"product_cat","embeddable":true,"href":"https:\/\/tinyknit.eu\/de\/wp-json\/wp\/v2\/product_cat?post=20178"},{"taxonomy":"product_tag","embeddable":true,"href":"https:\/\/tinyknit.eu\/de\/wp-json\/wp\/v2\/product_tag?post=20178"}],"curies":[{"name":"wp","href":"https:\/\/api.w.org\/{rel}","templated":true}]}}