{"id":19342,"date":"2024-03-24T08:11:37","date_gmt":"2024-03-24T08:11:37","guid":{"rendered":"https:\/\/tinyknit.eu\/?post_type=product&#038;p=19342"},"modified":"2024-03-24T08:18:00","modified_gmt":"2024-03-24T08:18:00","slug":"knister-spielzeug-weisser-regenbogen","status":"publish","type":"product","link":"https:\/\/tinyknit.eu\/de\/product\/knisterspielzeug\/knister-spielzeug-weisser-regenbogen\/","title":{"rendered":"Knister-Spielzeug &#8211; Wei\u00dfer Regenbogen"},"content":{"rendered":"<p>Knister-Spielzeug ist ein ausgezeichnetes Geschenk f\u00fcr die Entdeckungsfreude Ihres Babys und f\u00f6rdert die feinmotorischen F\u00e4higkeiten eines Babys. Das Spielzeug liegt bequem in der Hand des Babys. Es ist absolut sicher f\u00fcr das Baby und reizt die Babyhaut nicht. Das Knister-Spielzeug hat eine weiche und sanfte Textur, die perfekt f\u00fcr die taktile Stimulation ist.<br \/>\nDas Band erm\u00f6glicht es Ihnen, das Spielzeug \u00fcberall anzubringen &#8211; zum Beispiel an einem Babybett oder Schnuller.<\/p>\n<p><strong>Material:<\/strong> 100% Premium-Baumwollstoff mit einem sensorischen Knistermaterial zwischen den Stoffen<br \/>\n<strong>Gr\u00f6\u00dfe:<\/strong> ~11 x 10 cm<br \/>\n<strong>L\u00e4nge des Bandes:<\/strong> ~16 cm<br \/>\n<strong>Gewicht:<\/strong> ~10g<br \/>\n<strong>Geeignet ab Geburt.<\/strong><br \/>\nAchtung! Der Schnuller ist nicht im Set enthalten!<\/p>\n<p><strong>Set enth\u00e4lt:<\/strong><br \/>\n\u2022 1x Knister-Spielzeug<\/p>\n<p><strong>Pflegeempfehlungen:<\/strong> Mit warmem Seifenwasser abwischen und an der Luft trocknen lassen.<\/p>\n","protected":false},"excerpt":{"rendered":"<p>Knister-Spielzeug ist ein ausgezeichnetes Geschenk f\u00fcr die Entdeckungsfreude Ihres Babys und f\u00f6rdert die feinmotorischen F\u00e4higkeiten eines Babys.<\/p>\n<p><iframe title=\"YouTube video player\" src=\"https:\/\/www.youtube.com\/embed\/am_NXXxGx-U?si=02WM_2ph-z77Lnsy\" width=\"560\" height=\"315\" frameborder=\"0\" allowfullscreen=\"allowfullscreen\"><\/iframe><\/p>\n","protected":false},"featured_media":19334,"comment_status":"open","ping_status":"closed","template":"","meta":[],"product_brand":[],"product_cat":[351,243],"product_tag":[],"class_list":{"0":"post-19342","1":"product","2":"type-product","3":"status-publish","4":"has-post-thumbnail","6":"product_cat-knisterspielzeug","7":"product_cat-versandbereit","9":"first","10":"instock","11":"taxable","12":"shipping-taxable","13":"purchasable","14":"product-type-simple"},"_links":{"self":[{"href":"https:\/\/tinyknit.eu\/de\/wp-json\/wp\/v2\/product\/19342","targetHints":{"allow":["GET"]}}],"collection":[{"href":"https:\/\/tinyknit.eu\/de\/wp-json\/wp\/v2\/product"}],"about":[{"href":"https:\/\/tinyknit.eu\/de\/wp-json\/wp\/v2\/types\/product"}],"replies":[{"embeddable":true,"href":"https:\/\/tinyknit.eu\/de\/wp-json\/wp\/v2\/comments?post=19342"}],"version-history":[{"count":1,"href":"https:\/\/tinyknit.eu\/de\/wp-json\/wp\/v2\/product\/19342\/revisions"}],"predecessor-version":[{"id":19343,"href":"https:\/\/tinyknit.eu\/de\/wp-json\/wp\/v2\/product\/19342\/revisions\/19343"}],"wp:featuredmedia":[{"embeddable":true,"href":"https:\/\/tinyknit.eu\/de\/wp-json\/wp\/v2\/media\/19334"}],"wp:attachment":[{"href":"https:\/\/tinyknit.eu\/de\/wp-json\/wp\/v2\/media?parent=19342"}],"wp:term":[{"taxonomy":"product_brand","embeddable":true,"href":"https:\/\/tinyknit.eu\/de\/wp-json\/wp\/v2\/product_brand?post=19342"},{"taxonomy":"product_cat","embeddable":true,"href":"https:\/\/tinyknit.eu\/de\/wp-json\/wp\/v2\/product_cat?post=19342"},{"taxonomy":"product_tag","embeddable":true,"href":"https:\/\/tinyknit.eu\/de\/wp-json\/wp\/v2\/product_tag?post=19342"}],"curies":[{"name":"wp","href":"https:\/\/api.w.org\/{rel}","templated":true}]}}