{"id":19292,"date":"2024-03-24T08:01:51","date_gmt":"2024-03-24T08:01:51","guid":{"rendered":"https:\/\/tinyknit.eu\/?post_type=product&#038;p=19292"},"modified":"2024-03-24T08:04:49","modified_gmt":"2024-03-24T08:04:49","slug":"stoffrassel-powder-blue-stern","status":"publish","type":"product","link":"https:\/\/tinyknit.eu\/de\/product\/stoffrasseln\/stoffrassel-powder-blue-stern\/","title":{"rendered":"Stoffrassel &#8211; Powder Blue Stern"},"content":{"rendered":"<p>Stoffrassel ist ein ausgezeichnetes Geschenk f\u00fcr die Entdeckungsfreude Ihres Babys und f\u00f6rdert die feinmotorischen F\u00e4higkeiten eines Babys. Das Spielzeug liegt bequem in der Hand des Babys. Es ist absolut sicher f\u00fcr das Baby und reizt die Babyhaut nicht. Die Stoffrassel hat eine weiche und sanfte Textur, die perfekt f\u00fcr die taktile Stimulation ist. Das Band erm\u00f6glicht es Ihnen, das Spielzeug \u00fcberall anzubringen &#8211; zum Beispiel an einem Babybett oder Schnuller.<\/p>\n<p><strong>Material:<\/strong> 100% Polyester<br \/>\n<strong>F\u00fcllung:<\/strong> 100% Holofaser (allergenfreie F\u00fcllung)<br \/>\n<strong>Gr\u00f6\u00dfe:<\/strong> ~11 x 11 cm<br \/>\n<strong>L\u00e4nge des Bandes:<\/strong> ~19 cm<br \/>\n<strong>Gewicht:<\/strong> ~25g<br \/>\n<strong>Geeignet ab Geburt.<\/strong><br \/>\nEs hat eine Glocke im Inneren. Alle Teile sind sicher handvern\u00e4ht.<br \/>\nAchtung! Der Schnuller ist nicht im Set enthalten!<\/p>\n<p><strong>Set enth\u00e4lt:<\/strong><br \/>\n\u2022 1x Stoffrassel<\/p>\n<p><strong>Pflegeempfehlungen:<\/strong> Mit warmem Seifenwasser abwischen und an der Luft trocknen lassen.<\/p>\n","protected":false},"excerpt":{"rendered":"<p>Stoffrassel ist ein ausgezeichnetes Geschenk f\u00fcr die Entdeckungsfreude Ihres Babys und f\u00f6rdert die feinmotorischen F\u00e4higkeiten eines Babys.<\/p>\n<p><iframe title=\"YouTube video player\" src=\"https:\/\/www.youtube.com\/embed\/V7ObyTR1n0E?si=Ld9WXaCKP2rxNM_j\" width=\"560\" height=\"315\" frameborder=\"0\" allowfullscreen=\"allowfullscreen\"><\/iframe><\/p>\n","protected":false},"featured_media":19304,"comment_status":"open","ping_status":"closed","template":"","meta":[],"product_brand":[],"product_cat":[325,243],"product_tag":[],"class_list":{"0":"post-19292","1":"product","2":"type-product","3":"status-publish","4":"has-post-thumbnail","6":"product_cat-stoffrasseln","7":"product_cat-versandbereit","9":"first","10":"instock","11":"taxable","12":"shipping-taxable","13":"purchasable","14":"product-type-simple"},"_links":{"self":[{"href":"https:\/\/tinyknit.eu\/de\/wp-json\/wp\/v2\/product\/19292","targetHints":{"allow":["GET"]}}],"collection":[{"href":"https:\/\/tinyknit.eu\/de\/wp-json\/wp\/v2\/product"}],"about":[{"href":"https:\/\/tinyknit.eu\/de\/wp-json\/wp\/v2\/types\/product"}],"replies":[{"embeddable":true,"href":"https:\/\/tinyknit.eu\/de\/wp-json\/wp\/v2\/comments?post=19292"}],"version-history":[{"count":1,"href":"https:\/\/tinyknit.eu\/de\/wp-json\/wp\/v2\/product\/19292\/revisions"}],"predecessor-version":[{"id":19315,"href":"https:\/\/tinyknit.eu\/de\/wp-json\/wp\/v2\/product\/19292\/revisions\/19315"}],"wp:featuredmedia":[{"embeddable":true,"href":"https:\/\/tinyknit.eu\/de\/wp-json\/wp\/v2\/media\/19304"}],"wp:attachment":[{"href":"https:\/\/tinyknit.eu\/de\/wp-json\/wp\/v2\/media?parent=19292"}],"wp:term":[{"taxonomy":"product_brand","embeddable":true,"href":"https:\/\/tinyknit.eu\/de\/wp-json\/wp\/v2\/product_brand?post=19292"},{"taxonomy":"product_cat","embeddable":true,"href":"https:\/\/tinyknit.eu\/de\/wp-json\/wp\/v2\/product_cat?post=19292"},{"taxonomy":"product_tag","embeddable":true,"href":"https:\/\/tinyknit.eu\/de\/wp-json\/wp\/v2\/product_tag?post=19292"}],"curies":[{"name":"wp","href":"https:\/\/api.w.org\/{rel}","templated":true}]}}