{"id":16872,"date":"2024-01-13T15:15:24","date_gmt":"2024-01-13T15:15:24","guid":{"rendered":"https:\/\/tinyknit.eu\/?post_type=product&#038;p=16872"},"modified":"2025-04-05T18:57:00","modified_gmt":"2025-04-05T18:57:00","slug":"kinderzimmerdekoration-plueschspielzeug-gehaekelter-luftballonhund","status":"publish","type":"product","link":"https:\/\/tinyknit.eu\/de\/product\/rabattaktion\/kinderzimmerdekoration-plueschspielzeug-gehaekelter-luftballonhund\/","title":{"rendered":"Kinderzimmerdekoration, Pl\u00fcschspielzeug &#8211; Geh\u00e4kelter Luftballonhund"},"content":{"rendered":"<p>Der geh\u00e4kelte Luftballonhund ist eine perfekte Wahl zur Dekoration des Kinderzimmers Ihres Kindes. Die sch\u00f6nen, nat\u00fcrlichen Farben verleihen Ihrem Zuhause eine warme und einladende Atmosph\u00e4re. Zus\u00e4tzlich kann der Luftballonhund ein wunderbares und einzigartiges Geschenk sein.<\/p>\n<p><strong>Eigenschaften:<\/strong><br \/>\n\u2022 Alle Spielzeuge sind aus hypoallergenen Materialien gefertigt und somit sicher f\u00fcr das Kind.<br \/>\n\u2022 Das Spielzeug kann eine interessante Erg\u00e4nzung zur Kinderzimmerausstattung sein.<\/p>\n<p><strong>Gr\u00f6\u00dfe:<\/strong> ca. 20 x 11 cm<br \/>\n<strong>Material:<\/strong>\u00a0Dieser Artikel ist handgeh\u00e4kelt aus hypoallergener, weicher und baumwollener Wolle. Es ist mit Holofiber gef\u00fcllt und in einem rauchfreien und haustierfreien Zuhause hergestellt.<\/p>\n<p><strong>Hergestellt in Estland, Europ\u00e4ische Union.<\/strong><\/p>\n<p><strong>Lieferumfang:<\/strong><br \/>\n\u2022 1x Geh\u00e4kelter Luftballonhund<\/p>\n<p>Pflegeempfehlungen:<br \/>\n\u2022 Verwenden Sie fl\u00fcssige und hypoallergene Reinigungsmittel, um allergische Reaktionen zu vermeiden.<br \/>\n\u2022 Verwenden Sie den Schonwaschgang der Waschmaschine und stellen Sie die Temperatur auf 30 Grad f\u00fcr 30 Minuten ein.<br \/>\n\u2022 Nach dem Waschen das Spielzeug flach zum Trocknen hinlegen.<\/p>\n","protected":false},"excerpt":{"rendered":"<p>Der geh\u00e4kelte Luftballonhund ist eine perfekte Wahl zur Dekoration des Kinderzimmers Ihres Kindes. Die sch\u00f6nen, nat\u00fcrlichen Farben verleihen Ihrem Zuhause eine warme und einladende Atmosph\u00e4re. Zus\u00e4tzlich kann der Luftballonhund ein wunderbares und einzigartiges Geschenk sein.<\/p>\n","protected":false},"featured_media":16891,"comment_status":"open","ping_status":"closed","template":"","meta":[],"product_brand":[],"product_cat":[664,243,280],"product_tag":[],"class_list":{"0":"post-16872","1":"product","2":"type-product","3":"status-publish","4":"has-post-thumbnail","6":"product_cat-rabattaktion","7":"product_cat-versandbereit","8":"product_cat-wohnkultur","10":"first","11":"instock","12":"sale","13":"taxable","14":"shipping-taxable","15":"purchasable","16":"product-type-simple"},"_links":{"self":[{"href":"https:\/\/tinyknit.eu\/de\/wp-json\/wp\/v2\/product\/16872","targetHints":{"allow":["GET"]}}],"collection":[{"href":"https:\/\/tinyknit.eu\/de\/wp-json\/wp\/v2\/product"}],"about":[{"href":"https:\/\/tinyknit.eu\/de\/wp-json\/wp\/v2\/types\/product"}],"replies":[{"embeddable":true,"href":"https:\/\/tinyknit.eu\/de\/wp-json\/wp\/v2\/comments?post=16872"}],"version-history":[{"count":2,"href":"https:\/\/tinyknit.eu\/de\/wp-json\/wp\/v2\/product\/16872\/revisions"}],"predecessor-version":[{"id":17083,"href":"https:\/\/tinyknit.eu\/de\/wp-json\/wp\/v2\/product\/16872\/revisions\/17083"}],"wp:featuredmedia":[{"embeddable":true,"href":"https:\/\/tinyknit.eu\/de\/wp-json\/wp\/v2\/media\/16891"}],"wp:attachment":[{"href":"https:\/\/tinyknit.eu\/de\/wp-json\/wp\/v2\/media?parent=16872"}],"wp:term":[{"taxonomy":"product_brand","embeddable":true,"href":"https:\/\/tinyknit.eu\/de\/wp-json\/wp\/v2\/product_brand?post=16872"},{"taxonomy":"product_cat","embeddable":true,"href":"https:\/\/tinyknit.eu\/de\/wp-json\/wp\/v2\/product_cat?post=16872"},{"taxonomy":"product_tag","embeddable":true,"href":"https:\/\/tinyknit.eu\/de\/wp-json\/wp\/v2\/product_tag?post=16872"}],"curies":[{"name":"wp","href":"https:\/\/api.w.org\/{rel}","templated":true}]}}