{"id":16387,"date":"2023-10-08T19:50:16","date_gmt":"2023-10-08T19:50:16","guid":{"rendered":"https:\/\/tinyknit.eu\/?post_type=product&#038;p=16387"},"modified":"2025-04-05T18:57:09","modified_gmt":"2025-04-05T18:57:09","slug":"herbstdekoration-herbstaesthetik-gehaekelter-kuerbis-klein-2","status":"publish","type":"product","link":"https:\/\/tinyknit.eu\/de\/product\/wohnkultur\/herbstdekoration-herbstaesthetik-gehaekelter-kuerbis-klein-2\/","title":{"rendered":"Herbstdekoration, Herbst\u00e4sthetik &#8211; Geh\u00e4kelter K\u00fcrbis, Klein"},"content":{"rendered":"<p>Geh\u00e4kelte K\u00fcrbisse sind eine perfekte Wahl zur Dekoration Ihres Hauses w\u00e4hrend der Herbstsaison und Halloween. Die sch\u00f6nen, nat\u00fcrlichen Farben dieser K\u00fcrbisse werden Ihr Zuhause mit einer warmen und einladenden Atmosph\u00e4re erf\u00fcllen. Sie k\u00f6nnen sie als Dekorationen verwenden, wo immer Sie das Wesen des Herbstes hervorrufen m\u00f6chten. Dar\u00fcber hinaus k\u00f6nnen K\u00fcrbisse wundervolle Geschenke f\u00fcr Ihre gesch\u00e4tzten Lieben sein.<\/p>\n<p><strong>Eigenschaften:<\/strong><br \/>\n\u2022 Alle Spielzeuge sind aus hypoallergenen Materialien gefertigt und somit sicher f\u00fcr das Kind.<br \/>\n\u2022 Das Spielzeug kann eine interessante Erg\u00e4nzung zur Kinderzimmerausstattung sein.<\/p>\n<p><strong>Gr\u00f6\u00dfe:<\/strong> ca. 14 x 13 cm<br \/>\n<strong>Material:<\/strong>\u00a0Dieser Artikel ist handgeh\u00e4kelt aus hypoallergener, weicher und baumwollener Wolle. Es ist mit Holofiber gef\u00fcllt und in einem rauchfreien und haustierfreien Zuhause hergestellt.<\/p>\n<p><strong>Hergestellt in Estland, Europ\u00e4ische Union.<\/strong><\/p>\n<p><strong>Lieferumfang:<\/strong><br \/>\n\u2022 1x Geh\u00e4kelter K\u00fcrbis<\/p>\n<p>Pflegeempfehlungen:<br \/>\n\u2022 Verwenden Sie fl\u00fcssige und hypoallergene Reinigungsmittel, um allergische Reaktionen zu vermeiden.<br \/>\n\u2022 Verwenden Sie den Schonwaschgang der Waschmaschine und stellen Sie die Temperatur auf 30 Grad f\u00fcr 30 Minuten ein.<br \/>\n\u2022 Nach dem Waschen das Spielzeug flach zum Trocknen hinlegen.<\/p>\n","protected":false},"excerpt":{"rendered":"<p>Geh\u00e4kelte K\u00fcrbisse sind eine perfekte Wahl zur Dekoration Ihres Hauses w\u00e4hrend der Herbstsaison und Halloween. Die sch\u00f6nen, nat\u00fcrlichen Farben dieser K\u00fcrbisse werden Ihr Zuhause mit einer warmen und einladenden Atmosph\u00e4re erf\u00fcllen.<\/p>\n","protected":false},"featured_media":16397,"comment_status":"open","ping_status":"closed","template":"","meta":[],"product_brand":[],"product_cat":[280],"product_tag":[],"class_list":{"0":"post-16387","1":"product","2":"type-product","3":"status-publish","4":"has-post-thumbnail","6":"product_cat-wohnkultur","8":"first","9":"instock","10":"taxable","11":"shipping-taxable","12":"purchasable","13":"product-type-simple"},"_links":{"self":[{"href":"https:\/\/tinyknit.eu\/de\/wp-json\/wp\/v2\/product\/16387","targetHints":{"allow":["GET"]}}],"collection":[{"href":"https:\/\/tinyknit.eu\/de\/wp-json\/wp\/v2\/product"}],"about":[{"href":"https:\/\/tinyknit.eu\/de\/wp-json\/wp\/v2\/types\/product"}],"replies":[{"embeddable":true,"href":"https:\/\/tinyknit.eu\/de\/wp-json\/wp\/v2\/comments?post=16387"}],"version-history":[{"count":1,"href":"https:\/\/tinyknit.eu\/de\/wp-json\/wp\/v2\/product\/16387\/revisions"}],"predecessor-version":[{"id":16401,"href":"https:\/\/tinyknit.eu\/de\/wp-json\/wp\/v2\/product\/16387\/revisions\/16401"}],"wp:featuredmedia":[{"embeddable":true,"href":"https:\/\/tinyknit.eu\/de\/wp-json\/wp\/v2\/media\/16397"}],"wp:attachment":[{"href":"https:\/\/tinyknit.eu\/de\/wp-json\/wp\/v2\/media?parent=16387"}],"wp:term":[{"taxonomy":"product_brand","embeddable":true,"href":"https:\/\/tinyknit.eu\/de\/wp-json\/wp\/v2\/product_brand?post=16387"},{"taxonomy":"product_cat","embeddable":true,"href":"https:\/\/tinyknit.eu\/de\/wp-json\/wp\/v2\/product_cat?post=16387"},{"taxonomy":"product_tag","embeddable":true,"href":"https:\/\/tinyknit.eu\/de\/wp-json\/wp\/v2\/product_tag?post=16387"}],"curies":[{"name":"wp","href":"https:\/\/api.w.org\/{rel}","templated":true}]}}