{"id":15630,"date":"2023-09-23T11:12:49","date_gmt":"2023-09-23T11:12:49","guid":{"rendered":"https:\/\/tinyknit.eu\/?post_type=product&#038;p=15630"},"modified":"2025-07-30T17:11:58","modified_gmt":"2025-07-30T17:11:58","slug":"pluesch-schlafspielzeug-kuscheltier-tiger","status":"publish","type":"product","link":"https:\/\/tinyknit.eu\/de\/product\/auf-bestellung-gefertigt\/pluesch-schlafspielzeug-kuscheltier-tiger\/","title":{"rendered":"Pl\u00fcsch-Schlafspielzeug, Kuscheltier \u2013 Tiger"},"content":{"rendered":"<p>Suchen Sie nach einem einzigartigen und gem\u00fctlichen Schlafkameraden f\u00fcr Ihr Kleines? Sie m\u00fcssen nicht weiter suchen, denn dieses niedliche geh\u00e4kelte Spielzeug ist genau das Richtige! Es eignet sich perfekt zum Kuscheln vor dem Schlafengehen und f\u00fcr spa\u00dfiges Spielen am Tag, wodurch es ein ideales Geschenk f\u00fcr jedes Baby oder Kind ist, unabh\u00e4ngig vom Alter.<\/p>\n<p><strong>Eigenschaften:<\/strong><br \/>\n\u2022 Das Schlafspielzeug kann taktile Empfindungen bereichern, da es verschiedene strukturierte Garne kombiniert, was f\u00fcr das Kind interessant ist und ihm hilft, die Welt um sich herum kennenzulernen.<br \/>\n\u2022 Alle Spielzeuge bestehen aus hypoallergenen Materialien und sind daher f\u00fcr das Kind sicher.<br \/>\n\u2022 Das Spielzeug kann eine interessante Erg\u00e4nzung zur Kinderzimmerausstattung sein.<\/p>\n<p><strong>Gr\u00f6\u00dfe:<\/strong> ca. 53 x 19 cm<br \/>\n<strong>Material:<\/strong> Dieser Artikel wird aus hypoallergenen, flauschigen und Baumwollgarnen handgefertigt. Er ist mit Holofasern gef\u00fcllt und stammt aus einem rauch- und haustierfreien Zuhause.<\/p>\n<p><strong>Hergestellt in Estland, Europ\u00e4ische Union.<\/strong><\/p>\n<p><strong>Set enth\u00e4lt:<\/strong><br \/>\n\u2022 1x Schlafspielzeug<\/p>\n<p>Das perfekte Geschenk f\u00fcr Babys!<br \/>\nBereit zum Verschenken f\u00fcr jede Babyparty, Babyregistrierung oder Geburtstagsfeier.<\/p>\n<p><strong>Pflegeempfehlungen:<\/strong><br \/>\n\u2022 Verwenden Sie fl\u00fcssige und hypoallergene Waschmittel, um allergische Reaktionen zu vermeiden.<br \/>\n\u2022 Verwenden Sie den Schonwaschgang der Waschmaschine und stellen Sie die Temperatur auf 30 Grad f\u00fcr 30 Minuten ein.<br \/>\n\u2022 Legen Sie das Spielzeug nach dem Waschen flach zum Trocknen hin.<\/p>\n","protected":false},"excerpt":{"rendered":"<p>Suchen Sie nach einem einzigartigen und gem\u00fctlichen Schlafkameraden f\u00fcr Ihr Kleines? Sie m\u00fcssen nicht weiter suchen, denn dieses niedliche geh\u00e4kelte Spielzeug ist genau das Richtige! Es eignet sich perfekt zum Kuscheln vor dem Schlafengehen und f\u00fcr spa\u00dfiges Spielen am Tag, wodurch es ein ideales Geschenk f\u00fcr jedes Baby oder Kind ist, unabh\u00e4ngig vom Alter.<\/p>\n","protected":false},"featured_media":15659,"comment_status":"open","ping_status":"closed","template":"","meta":[],"product_brand":[],"product_cat":[240,244],"product_tag":[],"class_list":{"0":"post-15630","1":"product","2":"type-product","3":"status-publish","4":"has-post-thumbnail","6":"product_cat-auf-bestellung-gefertigt","7":"product_cat-kuscheltiere","9":"first","10":"onbackorder","11":"taxable","12":"shipping-taxable","13":"purchasable","14":"product-type-simple"},"_links":{"self":[{"href":"https:\/\/tinyknit.eu\/de\/wp-json\/wp\/v2\/product\/15630","targetHints":{"allow":["GET"]}}],"collection":[{"href":"https:\/\/tinyknit.eu\/de\/wp-json\/wp\/v2\/product"}],"about":[{"href":"https:\/\/tinyknit.eu\/de\/wp-json\/wp\/v2\/types\/product"}],"replies":[{"embeddable":true,"href":"https:\/\/tinyknit.eu\/de\/wp-json\/wp\/v2\/comments?post=15630"}],"version-history":[{"count":2,"href":"https:\/\/tinyknit.eu\/de\/wp-json\/wp\/v2\/product\/15630\/revisions"}],"predecessor-version":[{"id":18334,"href":"https:\/\/tinyknit.eu\/de\/wp-json\/wp\/v2\/product\/15630\/revisions\/18334"}],"wp:featuredmedia":[{"embeddable":true,"href":"https:\/\/tinyknit.eu\/de\/wp-json\/wp\/v2\/media\/15659"}],"wp:attachment":[{"href":"https:\/\/tinyknit.eu\/de\/wp-json\/wp\/v2\/media?parent=15630"}],"wp:term":[{"taxonomy":"product_brand","embeddable":true,"href":"https:\/\/tinyknit.eu\/de\/wp-json\/wp\/v2\/product_brand?post=15630"},{"taxonomy":"product_cat","embeddable":true,"href":"https:\/\/tinyknit.eu\/de\/wp-json\/wp\/v2\/product_cat?post=15630"},{"taxonomy":"product_tag","embeddable":true,"href":"https:\/\/tinyknit.eu\/de\/wp-json\/wp\/v2\/product_tag?post=15630"}],"curies":[{"name":"wp","href":"https:\/\/api.w.org\/{rel}","templated":true}]}}