{"id":15231,"date":"2023-04-24T07:31:20","date_gmt":"2023-04-24T07:31:20","guid":{"rendered":"https:\/\/tinyknit.eu\/?post_type=product&#038;p=15231"},"modified":"2025-04-05T18:57:24","modified_gmt":"2025-04-05T18:57:24","slug":"gestrickte-rassel-fuchs-2","status":"publish","type":"product","link":"https:\/\/tinyknit.eu\/de\/product\/gestrickte-rasseln\/gestrickte-rassel-fuchs-2\/","title":{"rendered":"Gestrickte Rassel \u2013 Fuchs"},"content":{"rendered":"<p>Geh\u00e4kelte Rassel ist ein ausgezeichnetes Geschenk f\u00fcr die Entdeckerfreude und die Entwicklung der feinmotorischen F\u00e4higkeiten Ihres Babys. Das Spielzeug passt bequem in die Hand des Babys. Es ist absolut sicher f\u00fcr das Baby und reizt die Babyhaut nicht. Die geh\u00e4kelte Rassel wird ohne kleine Details hergestellt, die Augen und Nase sind gestickt.<\/p>\n<p><strong>Material:<\/strong> 55% Baumwolle, 45% Acryl und Buchenholzring<br \/>\n<strong>F\u00fcllung:<\/strong> 100% Holofaser (nicht allergene F\u00fcllung)<br \/>\n<strong>H\u00f6he:<\/strong> 12 cm<br \/>\nEs hat Gl\u00f6ckchen im Inneren. Alle Teile sind sicher von Hand zusammengen\u00e4ht, es wird kein Kleber verwendet.<\/p>\n<p>Pflegeempfehlungen:<br \/>\nMit warmem Seifenwasser abwischen und an der Luft trocknen lassen.<br \/>\nNicht ins Wasser tauchen, da das Holz dadurch austrocknen und m\u00f6glicherweise splittern oder rei\u00dfen kann.<\/p>\n","protected":false},"excerpt":{"rendered":"<p>Geh\u00e4kelte Rassel ist ein ausgezeichnetes Geschenk f\u00fcr die Entdeckerfreude und die Entwicklung der feinmotorischen F\u00e4higkeiten Ihres Babys. Das Spielzeug passt bequem in die Hand des Babys. Es ist absolut sicher f\u00fcr das Baby und reizt die Babyhaut nicht. Die geh\u00e4kelte Rassel wird ohne kleine Details hergestellt, die Augen und Nase sind gestickt.<\/p>\n<p><iframe width=\"560\" height=\"315\" src=\"https:\/\/www.youtube.com\/embed\/TvE7GKHPhZU?si=SSJ6vt38lXISuZxx\" title=\"YouTube video player\" frameborder=\"0\" allow=\"accelerometer; autoplay; clipboard-write; encrypted-media; gyroscope; picture-in-picture; web-share\" referrerpolicy=\"strict-origin-when-cross-origin\" allowfullscreen><\/iframe><\/p>\n","protected":false},"featured_media":15022,"comment_status":"open","ping_status":"closed","template":"","meta":[],"product_brand":[],"product_cat":[239,664,243],"product_tag":[],"class_list":{"0":"post-15231","1":"product","2":"type-product","3":"status-publish","4":"has-post-thumbnail","6":"product_cat-gestrickte-rasseln","7":"product_cat-rabattaktion","8":"product_cat-versandbereit","10":"first","11":"instock","12":"sale","13":"taxable","14":"shipping-taxable","15":"purchasable","16":"product-type-simple"},"_links":{"self":[{"href":"https:\/\/tinyknit.eu\/de\/wp-json\/wp\/v2\/product\/15231","targetHints":{"allow":["GET"]}}],"collection":[{"href":"https:\/\/tinyknit.eu\/de\/wp-json\/wp\/v2\/product"}],"about":[{"href":"https:\/\/tinyknit.eu\/de\/wp-json\/wp\/v2\/types\/product"}],"replies":[{"embeddable":true,"href":"https:\/\/tinyknit.eu\/de\/wp-json\/wp\/v2\/comments?post=15231"}],"version-history":[{"count":3,"href":"https:\/\/tinyknit.eu\/de\/wp-json\/wp\/v2\/product\/15231\/revisions"}],"predecessor-version":[{"id":21279,"href":"https:\/\/tinyknit.eu\/de\/wp-json\/wp\/v2\/product\/15231\/revisions\/21279"}],"wp:featuredmedia":[{"embeddable":true,"href":"https:\/\/tinyknit.eu\/de\/wp-json\/wp\/v2\/media\/15022"}],"wp:attachment":[{"href":"https:\/\/tinyknit.eu\/de\/wp-json\/wp\/v2\/media?parent=15231"}],"wp:term":[{"taxonomy":"product_brand","embeddable":true,"href":"https:\/\/tinyknit.eu\/de\/wp-json\/wp\/v2\/product_brand?post=15231"},{"taxonomy":"product_cat","embeddable":true,"href":"https:\/\/tinyknit.eu\/de\/wp-json\/wp\/v2\/product_cat?post=15231"},{"taxonomy":"product_tag","embeddable":true,"href":"https:\/\/tinyknit.eu\/de\/wp-json\/wp\/v2\/product_tag?post=15231"}],"curies":[{"name":"wp","href":"https:\/\/api.w.org\/{rel}","templated":true}]}}