{"id":15218,"date":"2023-04-24T06:13:03","date_gmt":"2023-04-24T06:13:03","guid":{"rendered":"https:\/\/tinyknit.eu\/?post_type=product&#038;p=15218"},"modified":"2025-04-05T18:57:28","modified_gmt":"2025-04-05T18:57:28","slug":"gestrickte-rassel-baer-3","status":"publish","type":"product","link":"https:\/\/tinyknit.eu\/de\/product\/gestrickte-rasseln\/gestrickte-rassel-baer-3\/","title":{"rendered":"Gestrickte Rassel \u2013 B\u00e4r"},"content":{"rendered":"<p>Geh\u00e4kelte Rassel ist ein ausgezeichnetes Geschenk f\u00fcr die Entdeckerfreude und die Entwicklung der feinmotorischen F\u00e4higkeiten Ihres Babys. Das Spielzeug passt bequem in die Hand des Babys. Es ist absolut sicher f\u00fcr das Baby und reizt die Babyhaut nicht. Die geh\u00e4kelte Rassel wird ohne kleine Details hergestellt, die Augen und Nase sind gestickt.<\/p>\n<p><strong>Material:<\/strong> 100% Baumwolle<br \/>\n<strong>F\u00fcllung:<\/strong> 100% Holofaser (nicht allergene F\u00fcllung)<br \/>\n<strong>H\u00f6he:<\/strong> 13 cm<br \/>\n<strong>Gewicht:<\/strong> 60 g<br \/>\nGeeignet f\u00fcr Babys ab 4-5 Monaten.<br \/>\nEs hat Gl\u00f6ckchen im Inneren. Alle Teile sind sicher von Hand zusammengen\u00e4ht, es wird kein Kleber verwendet.<\/p>\n<p>Pflegeempfehlungen:<br \/>\nMit warmem Seifenwasser abwischen und an der Luft trocknen lassen.<br \/>\nNicht ins Wasser tauchen, da das Holz dadurch austrocknen und m\u00f6glicherweise splittern oder rei\u00dfen kann.<\/p>\n","protected":false},"excerpt":{"rendered":"<p>Geh\u00e4kelte Rassel ist ein ausgezeichnetes Geschenk f\u00fcr die Entdeckerfreude und die Entwicklung der feinmotorischen F\u00e4higkeiten Ihres Babys. Das Spielzeug passt bequem in die Hand des Babys. Es ist absolut sicher f\u00fcr das Baby und reizt die Babyhaut nicht. Die geh\u00e4kelte Rassel wird ohne kleine Details hergestellt, die Augen und Nase sind gestickt.<\/p>\n<p><iframe title=\"YouTube video player\" src=\"https:\/\/www.youtube.com\/embed\/Kleyb_PVxP0?si=MIL9FH7RBmGSlszt\" width=\"560\" height=\"315\" frameborder=\"0\" allowfullscreen=\"allowfullscreen\"><\/iframe><\/p>\n","protected":false},"featured_media":20845,"comment_status":"open","ping_status":"closed","template":"","meta":[],"product_brand":[],"product_cat":[239,243],"product_tag":[],"class_list":{"0":"post-15218","1":"product","2":"type-product","3":"status-publish","4":"has-post-thumbnail","6":"product_cat-gestrickte-rasseln","7":"product_cat-versandbereit","9":"first","10":"instock","11":"taxable","12":"shipping-taxable","13":"purchasable","14":"product-type-simple"},"_links":{"self":[{"href":"https:\/\/tinyknit.eu\/de\/wp-json\/wp\/v2\/product\/15218","targetHints":{"allow":["GET"]}}],"collection":[{"href":"https:\/\/tinyknit.eu\/de\/wp-json\/wp\/v2\/product"}],"about":[{"href":"https:\/\/tinyknit.eu\/de\/wp-json\/wp\/v2\/types\/product"}],"replies":[{"embeddable":true,"href":"https:\/\/tinyknit.eu\/de\/wp-json\/wp\/v2\/comments?post=15218"}],"version-history":[{"count":2,"href":"https:\/\/tinyknit.eu\/de\/wp-json\/wp\/v2\/product\/15218\/revisions"}],"predecessor-version":[{"id":21271,"href":"https:\/\/tinyknit.eu\/de\/wp-json\/wp\/v2\/product\/15218\/revisions\/21271"}],"wp:featuredmedia":[{"embeddable":true,"href":"https:\/\/tinyknit.eu\/de\/wp-json\/wp\/v2\/media\/20845"}],"wp:attachment":[{"href":"https:\/\/tinyknit.eu\/de\/wp-json\/wp\/v2\/media?parent=15218"}],"wp:term":[{"taxonomy":"product_brand","embeddable":true,"href":"https:\/\/tinyknit.eu\/de\/wp-json\/wp\/v2\/product_brand?post=15218"},{"taxonomy":"product_cat","embeddable":true,"href":"https:\/\/tinyknit.eu\/de\/wp-json\/wp\/v2\/product_cat?post=15218"},{"taxonomy":"product_tag","embeddable":true,"href":"https:\/\/tinyknit.eu\/de\/wp-json\/wp\/v2\/product_tag?post=15218"}],"curies":[{"name":"wp","href":"https:\/\/api.w.org\/{rel}","templated":true}]}}