{"id":15194,"date":"2023-04-01T21:53:40","date_gmt":"2023-04-01T21:53:40","guid":{"rendered":"https:\/\/tinyknit.eu\/?post_type=product&#038;p=15194"},"modified":"2025-04-05T18:57:41","modified_gmt":"2025-04-05T18:57:41","slug":"weicher-nachthemdkoffer-pyjamatasche-gehaekelter-tragen-2","status":"publish","type":"product","link":"https:\/\/tinyknit.eu\/de\/product\/auf-bestellung-gefertigt\/weicher-nachthemdkoffer-pyjamatasche-gehaekelter-tragen-2\/","title":{"rendered":"Weicher Nachthemdkoffer, Pyjamatasche \u2013 geh\u00e4kelter Tragen"},"content":{"rendered":"<p>Die Pyjamatasche ist ein bezauberndes und vielseitiges geh\u00e4keltes Spielzeug, das mehrere Zwecke erf\u00fcllt. Kinder k\u00f6nnen damit spielen, mit ihm kuscheln und sogar das Aufr\u00e4umen lernen, da sie ihre Schlafanz\u00fcge tags\u00fcber im leeren K\u00f6rper des Spielzeugs verstauen k\u00f6nnen. Dar\u00fcber hinaus entscheiden sich einige Eltern daf\u00fcr, ein Lavendels\u00e4ckchen in das Spielzeug zu legen, um ihr Baby vor dem Schlafengehen zu beruhigen.<\/p>\n<p><strong>Merkmale:<\/strong><br \/>\n\u2022 Eine Pyjamatasche kann Ihrem Kind das Organisieren beibringen, da es viel mehr Spa\u00df macht, Schlafanz\u00fcge in einem Spielzeug zu verstauen, als sie unter einem Kissen zu verstecken.<br \/>\n\u2022 Sie kann auch zur Entwicklung feinmotorischer F\u00e4higkeiten beitragen, da Kinder lernen, den Kordelverschluss zu \u00f6ffnen und zu schlie\u00dfen.<br \/>\n\u2022 Feinmotorische F\u00e4higkeiten stehen in direktem Zusammenhang mit der Entwicklung von Ged\u00e4chtnis, Aufmerksamkeit und Koordination.<br \/>\n\u2022 Das Spielzeug kann taktile Empfindungen bereichern, da es verschiedene Strickgarne kombiniert, was f\u00fcr das Kind interessant ist und ihm hilft, die Umgebung kennenzulernen.<br \/>\n\u2022 Es kann beruhigend wirken und dem Kind beim Einschlafen helfen, da die Pyjamatasche sehr angenehm zum Umarmen ist. Alle Spielzeuge bestehen aus hypoallergenen Materialien und sind f\u00fcr das Kind sicher.<br \/>\n\u2022 Eine Pyjamatasche kann eine interessante Erg\u00e4nzung zur Kinderzimmer-Einrichtung sein.<\/p>\n<p><strong>Gr\u00f6\u00dfe:<\/strong> ca. 58 x 22 cm<br \/>\n<strong>Material:<\/strong> Dieser Artikel wird mit hypoallergenen, flauschigen und Baumwollgarnen handgestrickt. Er ist mit Holofasern gef\u00fcllt und wird in einem rauch- und haustierfreien Zuhause hergestellt.<\/p>\n<p><strong>Hergestellt in Estland, Europ\u00e4ische Union.<\/strong><\/p>\n<p><strong>Set enth\u00e4lt:<\/strong><br \/>\n\u2022 1x Pyjamatasche<\/p>\n<p>Das perfekte Geschenk f\u00fcr Babys!<br \/>\nGeschenkfertige Verpackung f\u00fcr Baby-Shower, Baby-Registrierung oder Geburtstagsfeier.<\/p>\n<p>Bitte beachten Sie, dass dieses Spielzeug mit einem Kordelverschluss geliefert wird. Es ist wichtig, Kinder unter 3 Jahren oder solche, die dazu neigen, Dinge in den Mund zu stecken, zu beaufsichtigen.<\/p>\n<p>Pflegeempfehlungen:<br \/>\n\u2022 Verwenden Sie fl\u00fcssige und hypoallergene Waschmittel, um allergische Reaktionen zu vermeiden.<br \/>\n\u2022 Verwenden Sie den Schonwaschgang der Waschmaschine und stellen Sie die Temperatur auf 30 Grad f\u00fcr 30 Minuten ein.<br \/>\n\u2022 Nach dem Waschen das Spielzeug flach zum Trocknen auslegen.<\/p>\n","protected":false},"excerpt":{"rendered":"<p>Die Pyjamatasche ist ein bezauberndes und vielseitiges geh\u00e4keltes Spielzeug, das mehrere Zwecke erf\u00fcllt. Kinder k\u00f6nnen damit spielen, mit ihm kuscheln und sogar das Aufr\u00e4umen lernen, da sie ihre Schlafanz\u00fcge tags\u00fcber im leeren K\u00f6rper des Spielzeugs verstauen k\u00f6nnen. Dar\u00fcber hinaus entscheiden sich einige Eltern daf\u00fcr, ein Lavendels\u00e4ckchen in das Spielzeug zu legen, um ihr Baby vor dem Schlafengehen zu beruhigen.<\/p>\n","protected":false},"featured_media":14858,"comment_status":"open","ping_status":"closed","template":"","meta":[],"product_brand":[],"product_cat":[240,241],"product_tag":[],"class_list":{"0":"post-15194","1":"product","2":"type-product","3":"status-publish","4":"has-post-thumbnail","6":"product_cat-auf-bestellung-gefertigt","7":"product_cat-schlafanzug-spielzeuge","9":"first","10":"onbackorder","11":"taxable","12":"shipping-taxable","13":"purchasable","14":"product-type-simple"},"_links":{"self":[{"href":"https:\/\/tinyknit.eu\/de\/wp-json\/wp\/v2\/product\/15194","targetHints":{"allow":["GET"]}}],"collection":[{"href":"https:\/\/tinyknit.eu\/de\/wp-json\/wp\/v2\/product"}],"about":[{"href":"https:\/\/tinyknit.eu\/de\/wp-json\/wp\/v2\/types\/product"}],"replies":[{"embeddable":true,"href":"https:\/\/tinyknit.eu\/de\/wp-json\/wp\/v2\/comments?post=15194"}],"version-history":[{"count":1,"href":"https:\/\/tinyknit.eu\/de\/wp-json\/wp\/v2\/product\/15194\/revisions"}],"predecessor-version":[{"id":15195,"href":"https:\/\/tinyknit.eu\/de\/wp-json\/wp\/v2\/product\/15194\/revisions\/15195"}],"wp:featuredmedia":[{"embeddable":true,"href":"https:\/\/tinyknit.eu\/de\/wp-json\/wp\/v2\/media\/14858"}],"wp:attachment":[{"href":"https:\/\/tinyknit.eu\/de\/wp-json\/wp\/v2\/media?parent=15194"}],"wp:term":[{"taxonomy":"product_brand","embeddable":true,"href":"https:\/\/tinyknit.eu\/de\/wp-json\/wp\/v2\/product_brand?post=15194"},{"taxonomy":"product_cat","embeddable":true,"href":"https:\/\/tinyknit.eu\/de\/wp-json\/wp\/v2\/product_cat?post=15194"},{"taxonomy":"product_tag","embeddable":true,"href":"https:\/\/tinyknit.eu\/de\/wp-json\/wp\/v2\/product_tag?post=15194"}],"curies":[{"name":"wp","href":"https:\/\/api.w.org\/{rel}","templated":true}]}}