{"id":33961,"date":"2025-09-14T09:40:50","date_gmt":"2025-09-14T09:40:50","guid":{"rendered":"https:\/\/tinyknit.eu\/installment-plan-klarna\/"},"modified":"2025-09-14T09:47:17","modified_gmt":"2025-09-14T09:47:17","slug":"klarna-ratenplan","status":"publish","type":"page","link":"https:\/\/tinyknit.eu\/de\/klarna-ratenplan\/","title":{"rendered":"Klarna Ratenplan"},"content":{"rendered":"<p><img decoding=\"async\" class=\"aligncenter wp-image-33945 size-full\" src=\"https:\/\/tinyknit.eu\/wp-content\/uploads\/2025\/09\/klarna.jpg\" alt=\"\" width=\"600\" height=\"65\" srcset=\"https:\/\/tinyknit.eu\/wp-content\/uploads\/2025\/09\/klarna.jpg 600w, https:\/\/tinyknit.eu\/wp-content\/uploads\/2025\/09\/klarna-400x43.jpg 400w, https:\/\/tinyknit.eu\/wp-content\/uploads\/2025\/09\/klarna-430x47.jpg 430w, https:\/\/tinyknit.eu\/wp-content\/uploads\/2025\/09\/klarna-150x16.jpg 150w\" sizes=\"(max-width: 600px) 100vw, 600px\" \/><\/p>\n<p data-start=\"1989\" data-end=\"2049\"><strong>Klarna \u2013 flexible Zahlungen einfach gemacht!<\/strong><\/p>\n<p data-start=\"2051\" data-end=\"2285\">Klarna erm\u00f6glicht es dir, jetzt zu shoppen und sp\u00e4ter zu bezahlen \u2013 so, wie es am besten zu dir passt. Ob du deinen Einkauf in Raten zahlen, die Zahlung verschieben oder sofort bezahlen m\u00f6chtest \u2013 Klarna macht es einfach und bequem.<\/p>\n<ul>\n<li data-start=\"2287\" data-end=\"2339\">Keine versteckten Geb\u00fchren bei p\u00fcnktlicher Zahlung<\/li>\n<li data-start=\"2341\" data-end=\"2401\">W\u00e4hle zwischen flexiblen Ratenpl\u00e4nen oder sp\u00e4terer Zahlung<\/li>\n<li data-start=\"2403\" data-end=\"2450\">Reibungsloser Checkout mit nur wenigen Klicks<\/li>\n<\/ul>\n<p data-start=\"2452\" data-end=\"2538\">Die Zahlungsmethode wird von der Klarna Bank AB (publ) bereitgestellt und verwaltet.<\/p>\n","protected":false},"excerpt":{"rendered":"<p>Klarna \u2013 flexible Zahlungen einfach gemacht! Klarna erm\u00f6glicht es dir, jetzt zu shoppen und sp\u00e4ter zu bezahlen \u2013 so, wie<\/p>\n","protected":false},"author":1,"featured_media":0,"parent":0,"menu_order":0,"comment_status":"closed","ping_status":"closed","template":"","meta":{"footnotes":""},"class_list":["post-33961","page","type-page","status-publish","hentry"],"_links":{"self":[{"href":"https:\/\/tinyknit.eu\/de\/wp-json\/wp\/v2\/pages\/33961","targetHints":{"allow":["GET"]}}],"collection":[{"href":"https:\/\/tinyknit.eu\/de\/wp-json\/wp\/v2\/pages"}],"about":[{"href":"https:\/\/tinyknit.eu\/de\/wp-json\/wp\/v2\/types\/page"}],"author":[{"embeddable":true,"href":"https:\/\/tinyknit.eu\/de\/wp-json\/wp\/v2\/users\/1"}],"replies":[{"embeddable":true,"href":"https:\/\/tinyknit.eu\/de\/wp-json\/wp\/v2\/comments?post=33961"}],"version-history":[{"count":1,"href":"https:\/\/tinyknit.eu\/de\/wp-json\/wp\/v2\/pages\/33961\/revisions"}],"predecessor-version":[{"id":33967,"href":"https:\/\/tinyknit.eu\/de\/wp-json\/wp\/v2\/pages\/33961\/revisions\/33967"}],"wp:attachment":[{"href":"https:\/\/tinyknit.eu\/de\/wp-json\/wp\/v2\/media?parent=33961"}],"curies":[{"name":"wp","href":"https:\/\/api.w.org\/{rel}","templated":true}]}}