{"id":17193,"date":"2024-01-17T18:02:13","date_gmt":"2024-01-17T18:02:13","guid":{"rendered":"https:\/\/tinyknit.eu\/shipping-and-returns\/"},"modified":"2024-01-17T19:04:27","modified_gmt":"2024-01-17T19:04:27","slug":"versand-und-ruecksendung","status":"publish","type":"page","link":"https:\/\/tinyknit.eu\/de\/versand-und-ruecksendung\/","title":{"rendered":"Versand und R\u00fccksendung"},"content":{"rendered":"<p><strong>Versand:<\/strong><br \/>\nVersand aus Estland.<\/p>\n<p>Voraussichtliche Lieferzeit:<br \/>\n<strong>Estland<\/strong>\u00a0\u2013 1 \u2013 2 Werktage;<br \/>\n<strong>Europa<\/strong>\u00a0\u2013 4 \u2013 15 Werktage;<br \/>\n<strong>USA und Kanada<\/strong>\u00a0\u2013 5 \u2013 30 Werktage.<br \/>\n<strong>Welt<\/strong>\u00a0\u2013 15 \u2013 40 Werktage.<\/p>\n<p>Unsere Bearbeitungszeit f\u00fcr Bestellungen betr\u00e4gt 3 bis 6 Werktage f\u00fcr Vorbestellungsartikel und 1 bis 2 Werktage f\u00fcr vorr\u00e4tige Artikel. Die Bearbeitungszeit der Bestellung ist nicht die Versandzeit. Wenn die Bestellung sowohl vorr\u00e4tige als auch Vorbestellungsartikel enth\u00e4lt, wird Ihre Bestellung versandt, nachdem alle Artikel auf Lager sind und versandbereit sind. Wenn Sie m\u00f6chten, dass Ihre Bestellung schneller versendet wird, platzieren Sie bitte separate Bestellungen.<\/p>\n<p><strong>Weltweiter Versand:<\/strong><\/p>\n\n<table id=\"tablepress-1\" class=\"tablepress tablepress-id-1\">\n<thead>\n<tr class=\"row-1\">\n\t<th class=\"column-1\">Country<\/th><th class=\"column-2\">Courier Delivery<\/th><th class=\"column-3\">Parcel pickup point (Post office)<\/th><th class=\"column-4\">Delivery time in days (approximately)<\/th>\n<\/tr>\n<\/thead>\n<tbody class=\"row-striping row-hover\">\n<tr class=\"row-2\">\n\t<td class=\"column-1\">Austria<\/td><td class=\"column-2\">15.96<\/td><td class=\"column-3\">9.25<\/td><td class=\"column-4\">5-8<\/td>\n<\/tr>\n<tr class=\"row-3\">\n\t<td class=\"column-1\">Belgium<\/td><td class=\"column-2\">15.38<\/td><td class=\"column-3\">8.22<\/td><td class=\"column-4\">5-9<\/td>\n<\/tr>\n<tr class=\"row-4\">\n\t<td class=\"column-1\">Bulgaria<\/td><td class=\"column-2\">17.06<\/td><td class=\"column-3\">11.23<\/td><td class=\"column-4\">8-13<\/td>\n<\/tr>\n<tr class=\"row-5\">\n\t<td class=\"column-1\">Ireland<\/td><td class=\"column-2\">21.19<\/td><td class=\"column-3\">15.11<\/td><td class=\"column-4\">8-13<\/td>\n<\/tr>\n<tr class=\"row-6\">\n\t<td class=\"column-1\">Germany<\/td><td class=\"column-2\">13.37<\/td><td class=\"column-3\">7.85<\/td><td class=\"column-4\">5-9<\/td>\n<\/tr>\n<tr class=\"row-7\">\n\t<td class=\"column-1\">Greece<\/td><td class=\"column-2\">18.53<\/td><td class=\"column-3\">12.62<\/td><td class=\"column-4\">6-12<\/td>\n<\/tr>\n<tr class=\"row-8\">\n\t<td class=\"column-1\">Spain<\/td><td class=\"column-2\">15.10<\/td><td class=\"column-3\">9.18<\/td><td class=\"column-4\">6-11<\/td>\n<\/tr>\n<tr class=\"row-9\">\n\t<td class=\"column-1\">Italy<\/td><td class=\"column-2\">13.73<\/td><td class=\"column-3\">10.58<\/td><td class=\"column-4\">6-11<\/td>\n<\/tr>\n<tr class=\"row-10\">\n\t<td class=\"column-1\">Luxembourg<\/td><td class=\"column-2\">15.07<\/td><td class=\"column-3\">9.38<\/td><td class=\"column-4\">4-8<\/td>\n<\/tr>\n<tr class=\"row-11\">\n\t<td class=\"column-1\">France<\/td><td class=\"column-2\">21.13<\/td><td class=\"column-3\">8.28<\/td><td class=\"column-4\">5-9<\/td>\n<\/tr>\n<tr class=\"row-12\">\n\t<td class=\"column-1\">Croatia<\/td><td class=\"column-2\">16.31<\/td><td class=\"column-3\">10.54<\/td><td class=\"column-4\">5-9<\/td>\n<\/tr>\n<tr class=\"row-13\">\n\t<td class=\"column-1\">Czech Republic<\/td><td class=\"column-2\">13.23<\/td><td class=\"column-3\">9.25<\/td><td class=\"column-4\">10-14<\/td>\n<\/tr>\n<tr class=\"row-14\">\n\t<td class=\"column-1\">Sweden<\/td><td class=\"column-2\">18.70<\/td><td class=\"column-3\">9.88<\/td><td class=\"column-4\">5-9<\/td>\n<\/tr>\n<tr class=\"row-15\">\n\t<td class=\"column-1\">Australia<\/td><td class=\"column-2\">33.73<\/td><td class=\"column-3\">20.83<\/td><td class=\"column-4\">13-25<\/td>\n<\/tr>\n<tr class=\"row-16\">\n\t<td class=\"column-1\">Argentina<\/td><td class=\"column-2\">35.79<\/td><td class=\"column-3\">20.84<\/td><td class=\"column-4\">11-19<\/td>\n<\/tr>\n<tr class=\"row-17\">\n\t<td class=\"column-1\">United Kingdom<\/td><td class=\"column-2\">21.19<\/td><td class=\"column-3\">15.11<\/td><td class=\"column-4\">4-8<\/td>\n<\/tr>\n<tr class=\"row-18\">\n\t<td class=\"column-1\">Canada<\/td><td class=\"column-2\">32.28<\/td><td class=\"column-3\">24.09<\/td><td class=\"column-4\">6-13<\/td>\n<\/tr>\n<tr class=\"row-19\">\n\t<td class=\"column-1\">South Korea<\/td><td class=\"column-2\">43.90<\/td><td class=\"column-3\">19.45<\/td><td class=\"column-4\">25-34<\/td>\n<\/tr>\n<tr class=\"row-20\">\n\t<td class=\"column-1\">New Zealand<\/td><td class=\"column-2\">33.04<\/td><td class=\"column-3\">25.25<\/td><td class=\"column-4\">11-20<\/td>\n<\/tr>\n<tr class=\"row-21\">\n\t<td class=\"column-1\">Norway<\/td><td class=\"column-2\">-<\/td><td class=\"column-3\">15.54<\/td><td class=\"column-4\">7-13<\/td>\n<\/tr>\n<tr class=\"row-22\">\n\t<td class=\"column-1\">USA<\/td><td class=\"column-2\">43.52<\/td><td class=\"column-3\">20.58<\/td><td class=\"column-4\">7-18<\/td>\n<\/tr>\n<tr class=\"row-23\">\n\t<td class=\"column-1\">Switzerland<\/td><td class=\"column-2\">19.33<\/td><td class=\"column-3\">14.20<\/td><td class=\"column-4\">8-11<\/td>\n<\/tr>\n<tr class=\"row-24\">\n\t<td class=\"column-1\">Japan<\/td><td class=\"column-2\">49.23<\/td><td class=\"column-3\">17.26<\/td><td class=\"column-4\">6-13<\/td>\n<\/tr>\n<\/tbody>\n<\/table>\n<!-- #tablepress-1 from cache -->\n<p>Die Preise sind in Euro. Die endg\u00fcltigen Versandkosten werden auf der Bestellseite berechnet. Der im Tableau angegebene Preis gilt f\u00fcr Pakete bis zu 250 Gramm. Die Lieferzeit kann an Feiertagen verl\u00e4ngert werden. Wir danken f\u00fcr Ihr Verst\u00e4ndnis. Bei Bestellungen in L\u00e4nder au\u00dferhalb der Europ\u00e4ischen Union kann eine zus\u00e4tzliche Zollgeb\u00fchr (Steuern) anfallen. Bitte \u00fcberpr\u00fcfen Sie die genauen Informationen bei Ihrer lokalen Postorganisation.<\/p>\n<p><strong>R\u00fccksendungen:<\/strong><br \/>\nNach Erhalt der Bestellung hat der K\u00e4ufer das Recht, innerhalb von 14 Tagen von dem mit dem Online-Shop abgeschlossenen Vertrag zur\u00fcckzutreten. Gekaufte Waren k\u00f6nnen nicht zur\u00fcckgegeben werden, wenn sie f\u00fcr einen Kunden speziell hergestellt oder auf Bestellung gekauft wurden. Das zur\u00fcckgegebene Produkt muss sich in seiner Originalverpackung befinden und darf nicht verwendet worden sein. Um das 14-t\u00e4gige Widerrufsrecht auszu\u00fcben, d\u00fcrfen Sie die bestellten Waren nicht anders verwenden, als es notwendig ist, um die Natur, die Eigenschaften und die Funktionsweise der Waren auf die gleiche Weise sicherzustellen, wie Sie es in einem physischen Gesch\u00e4ft tun d\u00fcrften. Die Kosten f\u00fcr die R\u00fccksendung der Waren tr\u00e4gt der K\u00e4ufer, es sei denn, der Grund f\u00fcr die R\u00fccksendung liegt darin, dass ein r\u00fcckerstattungsf\u00e4higes Produkt nicht der Bestellung entspricht (z. B. ein falsches oder defektes Produkt).<\/p>\n<p><strong>H\u00e4ufig gestellte Fragen:<\/strong><\/p>\n<p><strong>Was passiert, wenn ich das Paket nicht abhole und es an den Absender zur\u00fcckgeschickt wird?<\/strong><br \/>\nIm Falle einer R\u00fccksendung des Pakets aufgrund Ihrer Nichtabholung werden die Kosten nicht erstattet.<\/p>\n<p><strong>Sind Zollgeb\u00fchren, Geb\u00fchren und Einfuhrsteuern im Preis enthalten?<\/strong><br \/>\nDie Kosten f\u00fcr Zollgeb\u00fchren, Geb\u00fchren und Einfuhrsteuern sind nicht im Preis inbegriffen und liegen in der vollst\u00e4ndigen Verantwortung des K\u00e4ufers.<\/p>\n<p><strong>Akzeptieren Sie Umtausch und R\u00fcckgabe?<\/strong><br \/>\nSie haben 14 Tage Zeit, um den Artikel zur\u00fcckzugeben oder umzutauschen.<br \/>\nInformieren Sie mich innerhalb von 3 Tagen, wenn Sie den Artikel zur\u00fcckgeben oder umtauschen m\u00f6chten.<br \/>\nDer K\u00e4ufer tr\u00e4gt die Kosten f\u00fcr den R\u00fcckversand und eventuellen Wertverlust, wenn der Artikel nicht im Originalzustand zur\u00fcckgegeben wird.<br \/>\nWir erstatten den Artikelbetrag nach Erhalt und \u00dcberpr\u00fcfung im Originalzustand.<\/p>\n<p><strong>Was soll ich tun, wenn das Paket versp\u00e4tet ist?<\/strong><br \/>\nNach dem Gesetz hat die Post eine Reaktionszeit von 30-90 Tagen, w\u00e4hrend der das Paket entweder gefunden und Ihnen zugestellt wird oder als verloren erkannt wird. Wenn das Paket als verloren erkl\u00e4rt wird, erhalten Sie eine vollst\u00e4ndige R\u00fcckerstattung des Bestellbetrags. Bitte beachten Sie, dass alle Termine ungef\u00e4hre Angaben sind und au\u00dferhalb meiner Kontrolle liegen, da ich mich auf den Postdienst verlasse, um das Paket zu liefern. Wenn das Paket schlie\u00dflich nach erheblicher Verz\u00f6gerung gefunden und Ihnen zugestellt wird, erfolgt in diesem Fall keine R\u00fcckerstattung.<\/p>\n<p><strong>Was ist Ihre Stornierungsrichtlinie?<\/strong><br \/>\nIch kann eine Stornierung innerhalb von 2 Stunden nach dem Kauf akzeptieren. Die Ausnahme bilden personalisierte Produkte.<\/p>\n<p><strong>Was soll ich tun, wenn der Artikel w\u00e4hrend des Versands besch\u00e4digt ist?<\/strong><br \/>\nWenn das Produkt w\u00e4hrend des Versands besch\u00e4digt wurde, senden Sie uns bitte innerhalb von 3 Tagen nach Erhalt ein Foto, und wir senden Ihnen ein neues Produkt oder erstatten den Betrag.<\/p>\n<p><strong>K\u00f6nnen Sie meine Bestellung als Geschenk verpacken?<\/strong><br \/>\nJa, wir bieten eine Geschenkverpackungsoption gegen Aufpreis an. Kontaktieren Sie mich bitte f\u00fcr weitere Informationen zur Geschenkverpackungsoption.<\/p>\n<p><strong>Was ist ein &#8222;Paketabholpunkt&#8220;?<\/strong><br \/>\nDas n\u00e4chste Postamt in Ihrem Land. Manchmal kann das Paket in einen Briefkasten oder durch einen Kurier geliefert werden. Im Falle eines Paketverlusts wird eine minimale Entsch\u00e4digung gew\u00e4hrt.<\/p>\n<p><strong>Was ist &#8222;Kurierzustellung&#8220;?<\/strong><br \/>\nLieferung bis zur T\u00fcr eines B\u00fcros oder Hauses. Falls der Lieferservice Ihr Paket verliert, wird der h\u00f6chste Schadenersatz gew\u00e4hrt.<\/p>\n","protected":false},"excerpt":{"rendered":"<p>Versand: Versand aus Estland. Voraussichtliche Lieferzeit: Estland\u00a0\u2013 1 \u2013 2 Werktage; Europa\u00a0\u2013 4 \u2013 15 Werktage; USA und Kanada\u00a0\u2013 5<\/p>\n","protected":false},"author":1,"featured_media":0,"parent":0,"menu_order":0,"comment_status":"closed","ping_status":"closed","template":"","meta":{"footnotes":""},"class_list":["post-17193","page","type-page","status-publish","hentry"],"_links":{"self":[{"href":"https:\/\/tinyknit.eu\/de\/wp-json\/wp\/v2\/pages\/17193","targetHints":{"allow":["GET"]}}],"collection":[{"href":"https:\/\/tinyknit.eu\/de\/wp-json\/wp\/v2\/pages"}],"about":[{"href":"https:\/\/tinyknit.eu\/de\/wp-json\/wp\/v2\/types\/page"}],"author":[{"embeddable":true,"href":"https:\/\/tinyknit.eu\/de\/wp-json\/wp\/v2\/users\/1"}],"replies":[{"embeddable":true,"href":"https:\/\/tinyknit.eu\/de\/wp-json\/wp\/v2\/comments?post=17193"}],"version-history":[{"count":1,"href":"https:\/\/tinyknit.eu\/de\/wp-json\/wp\/v2\/pages\/17193\/revisions"}],"predecessor-version":[{"id":17199,"href":"https:\/\/tinyknit.eu\/de\/wp-json\/wp\/v2\/pages\/17193\/revisions\/17199"}],"wp:attachment":[{"href":"https:\/\/tinyknit.eu\/de\/wp-json\/wp\/v2\/media?parent=17193"}],"curies":[{"name":"wp","href":"https:\/\/api.w.org\/{rel}","templated":true}]}}