{"id":15126,"date":"2023-04-25T14:52:18","date_gmt":"2023-04-25T14:52:18","guid":{"rendered":"https:\/\/tinyknit.eu\/faq\/"},"modified":"2023-06-24T12:16:17","modified_gmt":"2023-06-24T12:16:17","slug":"faq","status":"publish","type":"page","link":"https:\/\/tinyknit.eu\/de\/faq\/","title":{"rendered":"FAQ"},"content":{"rendered":"\t\t<div data-elementor-type=\"wp-page\" data-elementor-id=\"15126\" class=\"elementor elementor-15126 elementor-12682\">\n\t\t\t\t\t\t<section class=\"wd-negative-gap elementor-section elementor-top-section elementor-element elementor-element-53d1c30a elementor-section-boxed elementor-section-height-default elementor-section-height-default\" data-id=\"53d1c30a\" data-element_type=\"section\">\n\t\t\t\t\t\t<div class=\"elementor-container elementor-column-gap-default\">\n\t\t\t\t\t<div class=\"elementor-column elementor-col-100 elementor-top-column elementor-element elementor-element-3f2fac2b\" data-id=\"3f2fac2b\" data-element_type=\"column\">\n\t\t\t<div class=\"elementor-widget-wrap elementor-element-populated\">\n\t\t\t\t\t\t<div class=\"elementor-element elementor-element-563f3168 wd-width-100 elementor-widget elementor-widget-wd_title\" data-id=\"563f3168\" data-element_type=\"widget\" data-widget_type=\"wd_title.default\">\n\t\t\t\t<div class=\"elementor-widget-container\">\n\t\t\t\t\t\t\t<div class=\"title-wrapper wd-set-mb reset-last-child wd-title-color-default wd-title-style-underlined wd-title-size-default text-left\">\n\n\t\t\t\n\t\t\t<div class=\"liner-continer\">\n\t\t\t\t<h4 class=\"woodmart-title-container title wd-fontsize-l\">H\u00e4ufig gestellte Fragen<\/h4> \n\t\t\t\t\t\t\t<\/div>\n\n\t\t\t\t\t<\/div>\n\t\t\t\t\t\t<\/div>\n\t\t\t\t<\/div>\n\t\t\t\t<section class=\"wd-negative-gap elementor-section elementor-inner-section elementor-element elementor-element-165b47a3 elementor-section-boxed elementor-section-height-default elementor-section-height-default\" data-id=\"165b47a3\" data-element_type=\"section\">\n\t\t\t\t\t\t<div class=\"elementor-container elementor-column-gap-extended\">\n\t\t\t\t\t<div class=\"elementor-column elementor-col-50 elementor-inner-column elementor-element elementor-element-1df55440\" data-id=\"1df55440\" data-element_type=\"column\">\n\t\t\t<div class=\"elementor-widget-wrap elementor-element-populated\">\n\t\t\t\t\t\t<div class=\"elementor-element elementor-element-42af0a69 elementor-widget elementor-widget-wd_text_block\" data-id=\"42af0a69\" data-element_type=\"widget\" data-widget_type=\"wd_text_block.default\">\n\t\t\t\t<div class=\"elementor-widget-container\">\n\t\t\t\t\t\t\t<div class=\"wd-text-block reset-last-child text-left\">\n\t\t\t\n\t\t\t<h5>Individuelle und personalisierte Bestellungen\n<\/h5>\nJa, ich nehme Bestellungen f\u00fcr individuelle Spielzeuge entgegen.\n\n\t\t\t\t\t<\/div>\n\t\t\t\t\t\t<\/div>\n\t\t\t\t<\/div>\n\t\t\t\t<div class=\"elementor-element elementor-element-3d202e43 elementor-widget elementor-widget-wd_text_block\" data-id=\"3d202e43\" data-element_type=\"widget\" data-widget_type=\"wd_text_block.default\">\n\t\t\t\t<div class=\"elementor-widget-container\">\n\t\t\t\t\t\t\t<div class=\"wd-text-block reset-last-child text-left\">\n\t\t\t\n\t\t\t<h5>Gro\u00dfhandelsverf\u00fcgbarkeit\n<\/h5>\nJa, ich akzeptiere Gro\u00dfhandelsbestellungen. Leider bin ich jedoch der einzige Handwerker, sodass ich nur kleine Gro\u00dfhandelsbestellungen erf\u00fcllen kann.\n\t\t\t\t\t<\/div>\n\t\t\t\t\t\t<\/div>\n\t\t\t\t<\/div>\n\t\t\t\t<div class=\"elementor-element elementor-element-3333df9a elementor-widget elementor-widget-wd_text_block\" data-id=\"3333df9a\" data-element_type=\"widget\" data-widget_type=\"wd_text_block.default\">\n\t\t\t\t<div class=\"elementor-widget-container\">\n\t\t\t\t\t\t\t<div class=\"wd-text-block reset-last-child text-left\">\n\t\t\t\n\t\t\t<h5>Was passiert, wenn ich das Paket nicht abhole und es an den Absender zur\u00fcckgeschickt wird?\n<\/h5>\nFalls das Paket aufgrund Ihrer Nichtabholung an mich zur\u00fcckgeschickt wird, erfolgt keine R\u00fcckerstattung der Kosten.\n\n\n\n\n\n\t\t\t\t\t<\/div>\n\t\t\t\t\t\t<\/div>\n\t\t\t\t<\/div>\n\t\t\t\t<div class=\"elementor-element elementor-element-0b03164 elementor-widget elementor-widget-wd_text_block\" data-id=\"0b03164\" data-element_type=\"widget\" data-widget_type=\"wd_text_block.default\">\n\t\t\t\t<div class=\"elementor-widget-container\">\n\t\t\t\t\t\t\t<div class=\"wd-text-block reset-last-child text-left\">\n\t\t\t\n\t\t\t<h5>Sind Z\u00f6lle, Geb\u00fchren und Einfuhrsteuern im Preis enthalten?\n<\/h5>\nDie Kosten f\u00fcr Z\u00f6lle, Geb\u00fchren und Einfuhrsteuern sind nicht im Preis enthalten und liegen in der alleinigen Verantwortung des K\u00e4ufers.\n\n\n\t\t\t\t\t<\/div>\n\t\t\t\t\t\t<\/div>\n\t\t\t\t<\/div>\n\t\t\t\t<div class=\"elementor-element elementor-element-f174f78 elementor-widget elementor-widget-wd_text_block\" data-id=\"f174f78\" data-element_type=\"widget\" data-widget_type=\"wd_text_block.default\">\n\t\t\t\t<div class=\"elementor-widget-container\">\n\t\t\t\t\t\t\t<div class=\"wd-text-block reset-last-child text-left\">\n\t\t\t\n\t\t\t<h5>Akzeptieren Sie Umtausch und R\u00fcckgaben?\n<\/h5>\nSie haben 30 Tage Zeit, um den Artikel zur\u00fcckzugeben oder umzutauschen. Der K\u00e4ufer tr\u00e4gt die Kosten f\u00fcr den R\u00fcckversand und eventuelle Wertminderungen, falls der Artikel nicht im Originalzustand zur\u00fcckgegeben wird.\n\t\t\t\t\t<\/div>\n\t\t\t\t\t\t<\/div>\n\t\t\t\t<\/div>\n\t\t\t\t<div class=\"elementor-element elementor-element-7085844 elementor-widget elementor-widget-wd_text_block\" data-id=\"7085844\" data-element_type=\"widget\" data-widget_type=\"wd_text_block.default\">\n\t\t\t\t<div class=\"elementor-widget-container\">\n\t\t\t\t\t\t\t<div class=\"wd-text-block reset-last-child text-left\">\n\t\t\t\n\t\t\t<h5>Versenden Sie in mein Land? Wie hoch sind die Versandkosten?\n<\/h5>\nJa, bei Baltic Tiny Knit versenden wir weltweit!\n\nDer erste Schritt besteht darin, Ihre Produkte auszuw\u00e4hlen und sie in den Warenkorb zu legen. Anschlie\u00dfend k\u00f6nnen Sie Ihre genaue Lieferadresse eingeben und aus den verf\u00fcgbaren Kurieren ausw\u00e4hlen, um die Versandkosten zu sehen.\n\nJe nach Lieferbedingungen, Zeitrahmen und Preis bieten wir verschiedene Versandoptionen an.\n\t\t\t\t\t<\/div>\n\t\t\t\t\t\t<\/div>\n\t\t\t\t<\/div>\n\t\t\t\t\t<\/div>\n\t\t<\/div>\n\t\t\t\t<div class=\"elementor-column elementor-col-50 elementor-inner-column elementor-element elementor-element-71b29e58\" data-id=\"71b29e58\" data-element_type=\"column\">\n\t\t\t<div class=\"elementor-widget-wrap elementor-element-populated\">\n\t\t\t\t\t\t<div class=\"elementor-element elementor-element-34a6de8 elementor-widget elementor-widget-wd_text_block\" data-id=\"34a6de8\" data-element_type=\"widget\" data-widget_type=\"wd_text_block.default\">\n\t\t\t\t<div class=\"elementor-widget-container\">\n\t\t\t\t\t\t\t<div class=\"wd-text-block reset-last-child text-left\">\n\t\t\t\n\t\t\t<h5>Wie k\u00fcmmere ich mich um das Produkt?<\/h5><p>\u2022 Verwenden Sie fl\u00fcssige und hypoallergene Reinigungsmittel, um allergische Reaktionen zu vermeiden.<br \/>\u2022 Verwenden Sie den Schonwaschgang der Waschmaschine und stellen Sie die Temperatur auf 30 Grad f\u00fcr 30 Minuten ein.<br \/>\u2022 Nach dem Waschen das Spielzeug flach zum Trocknen hinlegen.<\/p>\n\t\t\t\t\t<\/div>\n\t\t\t\t\t\t<\/div>\n\t\t\t\t<\/div>\n\t\t\t\t<div class=\"elementor-element elementor-element-12e8742c elementor-widget elementor-widget-wd_text_block\" data-id=\"12e8742c\" data-element_type=\"widget\" data-widget_type=\"wd_text_block.default\">\n\t\t\t\t<div class=\"elementor-widget-container\">\n\t\t\t\t\t\t\t<div class=\"wd-text-block reset-last-child text-left\">\n\t\t\t\n\t\t\t<h5>Was mache ich, wenn das Paket versp\u00e4tet ist?\n<\/h5>\nGem\u00e4\u00df dem Gesetz hat die Post eine Reaktionszeit von 30-90 Tagen, w\u00e4hrend der das Paket entweder gefunden und Ihnen zugestellt oder als verloren erkannt wird. Wenn das Paket als verloren erkl\u00e4rt wird, erhalten Sie eine vollst\u00e4ndige R\u00fcckerstattung des Bestellbetrags. Bitte beachten Sie, dass alle Termine ungef\u00e4hr sind und au\u00dferhalb meiner Kontrolle liegen, da ich auf den Postdienst angewiesen bin, um das Paket zuzustellen. Wenn das Paket schlie\u00dflich mit erheblicher Verz\u00f6gerung gefunden und Ihnen zugestellt wird, erfolgt in diesem Fall keine R\u00fcckerstattung.\n\t\t\t\t\t<\/div>\n\t\t\t\t\t\t<\/div>\n\t\t\t\t<\/div>\n\t\t\t\t<div class=\"elementor-element elementor-element-4c76598f elementor-widget elementor-widget-wd_text_block\" data-id=\"4c76598f\" data-element_type=\"widget\" data-widget_type=\"wd_text_block.default\">\n\t\t\t\t<div class=\"elementor-widget-container\">\n\t\t\t\t\t\t\t<div class=\"wd-text-block reset-last-child text-left\">\n\t\t\t\n\t\t\t<h5>Wie schnell wird meine Bestellung versendet?<\/h5><p>Bestellungen werden sofort nach Zahlungseingang versendet.<br \/><br \/>Wenn mit Kreditkarte bezahlt wird - Die Zahlung kann innerhalb weniger Stunden eingehen, sodass die Bestellung innerhalb von 3 Werktagen nach Best\u00e4tigung der vollst\u00e4ndigen Zahlung versendet wird.<br \/><br \/>Wenn per Bank\u00fcberweisung bezahlt wird - Die Zahlung kann innerhalb von 24 Stunden oder sp\u00e4ter, abh\u00e4ngig von der \u00dcberweisungskapazit\u00e4t Ihrer Bank, eingehen, sodass die Bestellung innerhalb von 3 Werktagen nach Best\u00e4tigung der vollst\u00e4ndigen Zahlung versendet wird.<\/p>\n\t\t\t\t\t<\/div>\n\t\t\t\t\t\t<\/div>\n\t\t\t\t<\/div>\n\t\t\t\t\t<\/div>\n\t\t<\/div>\n\t\t\t\t\t<\/div>\n\t\t<\/section>\n\t\t\t\t\t<\/div>\n\t\t<\/div>\n\t\t\t\t\t<\/div>\n\t\t<\/section>\n\t\t\t\t<\/div>\n\t\t","protected":false},"excerpt":{"rendered":"<p>H\u00e4ufig gestellte Fragen Individuelle und personalisierte Bestellungen Ja, ich nehme Bestellungen f\u00fcr individuelle Spielzeuge entgegen. Gro\u00dfhandelsverf\u00fcgbarkeit Ja, ich akzeptiere Gro\u00dfhandelsbestellungen.<\/p>\n","protected":false},"author":1,"featured_media":0,"parent":0,"menu_order":0,"comment_status":"closed","ping_status":"closed","template":"","meta":{"footnotes":""},"class_list":["post-15126","page","type-page","status-publish","hentry"],"_links":{"self":[{"href":"https:\/\/tinyknit.eu\/de\/wp-json\/wp\/v2\/pages\/15126","targetHints":{"allow":["GET"]}}],"collection":[{"href":"https:\/\/tinyknit.eu\/de\/wp-json\/wp\/v2\/pages"}],"about":[{"href":"https:\/\/tinyknit.eu\/de\/wp-json\/wp\/v2\/types\/page"}],"author":[{"embeddable":true,"href":"https:\/\/tinyknit.eu\/de\/wp-json\/wp\/v2\/users\/1"}],"replies":[{"embeddable":true,"href":"https:\/\/tinyknit.eu\/de\/wp-json\/wp\/v2\/comments?post=15126"}],"version-history":[{"count":6,"href":"https:\/\/tinyknit.eu\/de\/wp-json\/wp\/v2\/pages\/15126\/revisions"}],"predecessor-version":[{"id":15132,"href":"https:\/\/tinyknit.eu\/de\/wp-json\/wp\/v2\/pages\/15126\/revisions\/15132"}],"wp:attachment":[{"href":"https:\/\/tinyknit.eu\/de\/wp-json\/wp\/v2\/media?parent=15126"}],"curies":[{"name":"wp","href":"https:\/\/api.w.org\/{rel}","templated":true}]}}