{"id":15124,"date":"2023-02-25T18:54:39","date_gmt":"2023-02-25T18:54:39","guid":{"rendered":"https:\/\/tinyknit.eu\/privacy-policy-2\/"},"modified":"2024-11-11T07:42:25","modified_gmt":"2024-11-11T07:42:25","slug":"datenschutzerklaerung","status":"publish","type":"page","link":"https:\/\/tinyknit.eu\/de\/datenschutzerklaerung\/","title":{"rendered":"Datenschutzerkl\u00e4rung"},"content":{"rendered":"<p>Die Bedingungen dieser Datenschutzrichtlinie gelten f\u00fcr die Webseite\/den Online-Shop von Baltiny O\u00dc (im Folgenden tinyknit.eu) (www.tinyknit.eu). Die Grunds\u00e4tze der Datenschutzrichtlinie betreffen das Sammeln, Verwenden, Ver\u00f6ffentlichen, Weiterleiten und Speichern personenbezogener Daten (im Folgenden gemeinsam \u201eVerarbeitung\u201c). Personenbezogene Daten werden in \u00dcbereinstimmung mit den gesetzlichen Anforderungen und unter Anwendung aller notwendigen Vorsichtsma\u00dfnahmen zum Schutz personenbezogener Daten verarbeitet. Durch die Nutzung der Website best\u00e4tigt der Kunde, dass er dieser Datenschutzrichtlinie zustimmt.<\/p>\n<p>1. Verantwortlicher f\u00fcr die Verarbeitung personenbezogener Daten<br \/>\nBaltiny O\u00dc<br \/>\nHandelsregisternummer: 16972194<br \/>\nAdresse: Harju maakond, Tallinn, Stadtteil P\u00f5hja-Tallinn, S\u00f5le tn 45-18, 10311<br \/>\nE-Mail: info@tinyknit.eu<\/p>\n<p>2. Sammlung und Verarbeitung personenbezogener Daten<br \/>\ntinyknit.eu betrachtet alle Daten, die sich auf eine identifizierte oder identifizierbare nat\u00fcrliche Person beziehen, als personenbezogene Daten. Dazu geh\u00f6ren:<\/p>\n<p>&#8211; Vorname und Nachname<br \/>\n&#8211; Adresse<br \/>\n&#8211; Telefonnummer<br \/>\n&#8211; E-Mail-Adresse<br \/>\n&#8211; Personenkennzahl<br \/>\n&#8211; Informationen \u00fcber Eink\u00e4ufe, die in den tinyknit.eu-Gesch\u00e4ften und im Online-Shop get\u00e4tigt wurden<\/p>\n<p>tinyknit.eu sendet Newsletter und Angebote an Kunden nur dann, wenn diese ihr Einverst\u00e4ndnis dazu gegeben haben. Kunden haben das Recht, diese Einwilligung jederzeit zu widerrufen.<br \/>\ntinyknit.eu hat das Recht, personenbezogene Daten weiterzugeben an:<\/p>\n<p>&#8211; Transportunternehmen, wenn dies f\u00fcr die Lieferung der Eink\u00e4ufe eines Kunden im Online-Shop erforderlich ist;<br \/>\n&#8211; Aufsichts- und Ermittlungsbeh\u00f6rden, wenn dies gesetzlich vorgeschrieben ist;<br \/>\n&#8211; Gerichte, au\u00dfergerichtliche Streitbeilegungsstellen, Inkassounternehmen;<br \/>\n&#8211; Partner von tinyknit.eu zur Weiterleitung von Marketingmitteilungen (au\u00dfer wenn der Kunde dem Erhalt von Newslettern und Angeboten nicht zugestimmt hat).<\/p>\n<p>tinyknit.eu achtet darauf und stellt sicher, dass alle Partner, denen die personenbezogenen Daten eines Kunden gem\u00e4\u00df dieser Datenschutzrichtlinie weitergegeben werden, die Daten vertraulich behandeln und sicherstellen, dass die personenbezogenen Daten gem\u00e4\u00df dem Datenschutzgesetz gesch\u00fctzt sind.<br \/>\nKunden haben das Recht, die \u00fcber sie gesammelten Daten einzusehen und k\u00f6nnen jederzeit verlangen, dass ihre personenbezogenen Daten korrigiert oder deren Verarbeitung eingestellt wird.<br \/>\nWenn ein Kunde der Ansicht ist, dass seine Rechte bei der Verarbeitung seiner personenbezogenen Daten verletzt wurden, hat er das Recht, sich an tinyknit.eu, die Datenschutzbeh\u00f6rde oder ein Gericht zu wenden.<\/p>\n<p>3. Erhebung sonstiger Daten<br \/>\ntinyknit.eu erhebt auch nicht-personenbezogene Daten, die die Identit\u00e4t der Person nicht offenlegen (z.B. Geschlecht, Alter, Standort). Diese Daten werden gesammelt und verarbeitet, um das Besuchsvolumen und das Kaufverhalten der Besucher zu analysieren und die von tinyknit.eu angebotenen Produkte und Dienstleistungen anzupassen und weiterzuentwickeln.<\/p>\n<p>4. Methoden der Datenerhebung<br \/>\nPersonenbezogene und nicht-personenbezogene Daten k\u00f6nnen auf folgende Weise erhoben werden:<br \/>\n&#8211; Durch \u00dcbermittlung von Kontaktdaten in den tinyknit.eu-Gesch\u00e4ften oder im Online-Shop;<br \/>\n&#8211; Durch die Nutzung der Website \u00fcber Kontodaten oder Cookies;<br \/>\n&#8211; Beim T\u00e4tigen eines Einkaufs, einer Preisanfrage oder einer Bestellung in den tinyknit.eu-Gesch\u00e4ften oder im Online-Shop.<\/p>\n<p>5. Sicherheit<br \/>\nAlle an tinyknit.eu \u00fcbermittelten personenbezogenen Daten werden als vertrauliche Informationen behandelt.<br \/>\nDer Zugang zu personenbezogenen Daten ist nur f\u00fcr befugte Personen m\u00f6glich, und tinyknit.eu trifft alle notwendigen Sicherheitsvorkehrungen (einschlie\u00dflich administrativer, technischer und physischer Ma\u00dfnahmen), um die personenbezogenen Daten der Kunden zu sch\u00fctzen.<\/p>\n<p>6. \u00c4nderungen unserer Datenschutzrichtlinie<br \/>\ntinyknit.eu hat das Recht, die Bedingungen der Datenschutzrichtlinie zu \u00e4ndern, indem die ge\u00e4nderte Datenschutzrichtlinie auf der Website ver\u00f6ffentlicht wird. tinyknit.eu stellt sicher, dass der gesetzlich vorgeschriebene Datenschutz gew\u00e4hrleistet ist, unabh\u00e4ngig von etwaigen \u00c4nderungen. Bitte besuchen Sie regelm\u00e4\u00dfig diese Website, um sich \u00fcber \u00c4nderungen zu informieren.<br \/>\nBei Fragen oder Bedenken bez\u00fcglich der Datenschutzrichtlinie oder der Datenverarbeitung wenden Sie sich bitte an info@tinyknit.eu.<\/p>\n<p>7. Die Zahlung erfolgt au\u00dferhalb des Online-Shops in der sicheren Zahlungsumgebung des Dienstleisters Maksekeskus AS.<\/p>\n","protected":false},"excerpt":{"rendered":"<p>Die Bedingungen dieser Datenschutzrichtlinie gelten f\u00fcr die Webseite\/den Online-Shop von Baltiny O\u00dc (im Folgenden tinyknit.eu) (www.tinyknit.eu). Die Grunds\u00e4tze der Datenschutzrichtlinie<\/p>\n","protected":false},"author":1,"featured_media":0,"parent":0,"menu_order":0,"comment_status":"closed","ping_status":"closed","template":"","meta":{"footnotes":""},"class_list":["post-15124","page","type-page","status-publish","hentry"],"_links":{"self":[{"href":"https:\/\/tinyknit.eu\/de\/wp-json\/wp\/v2\/pages\/15124","targetHints":{"allow":["GET"]}}],"collection":[{"href":"https:\/\/tinyknit.eu\/de\/wp-json\/wp\/v2\/pages"}],"about":[{"href":"https:\/\/tinyknit.eu\/de\/wp-json\/wp\/v2\/types\/page"}],"author":[{"embeddable":true,"href":"https:\/\/tinyknit.eu\/de\/wp-json\/wp\/v2\/users\/1"}],"replies":[{"embeddable":true,"href":"https:\/\/tinyknit.eu\/de\/wp-json\/wp\/v2\/comments?post=15124"}],"version-history":[{"count":2,"href":"https:\/\/tinyknit.eu\/de\/wp-json\/wp\/v2\/pages\/15124\/revisions"}],"predecessor-version":[{"id":22848,"href":"https:\/\/tinyknit.eu\/de\/wp-json\/wp\/v2\/pages\/15124\/revisions\/22848"}],"wp:attachment":[{"href":"https:\/\/tinyknit.eu\/de\/wp-json\/wp\/v2\/media?parent=15124"}],"curies":[{"name":"wp","href":"https:\/\/api.w.org\/{rel}","templated":true}]}}