{"id":15121,"date":"2023-02-25T18:54:10","date_gmt":"2023-02-25T18:54:10","guid":{"rendered":"https:\/\/tinyknit.eu\/conditions-of-sale\/"},"modified":"2024-05-01T05:31:27","modified_gmt":"2024-05-01T05:31:27","slug":"geschaeftsbedingungen","status":"publish","type":"page","link":"https:\/\/tinyknit.eu\/de\/geschaeftsbedingungen\/","title":{"rendered":"Gesch\u00e4ftsbedingungen"},"content":{"rendered":"<ol>\n<li>G\u00fcltigkeit der Verkaufsbedingungen 1.1 Die Verkaufsbedingungen gelten zwischen dem K\u00e4ufer im Webshop tinyknit.eu (im Folgenden als \u201cVerbraucher\u201d bezeichnet) und dem H\u00e4ndler Baltiny O\u00dc (im Folgenden als \u201cWebshop\u201d bezeichnet) f\u00fcr den Kauf von Waren und Dienstleistungen.<\/li>\n<\/ol>\n<p>1.2 Neben diesen Gesch\u00e4ftsbedingungen regeln Rechtsbeziehungen, die sich aus dem Kauf von Produkten aus dem Webshop tinyknit.eu ergeben, das Gesetz \u00fcber Schuldverh\u00e4ltnisse (LOA), das Verbraucherschutzgesetz (CPA) und andere f\u00fcr die Republik Estland geltende Gesetze.<\/p>\n<p>1.3 Der Webshop tinyknit.eu beh\u00e4lt sich das Recht vor, die Verkaufsbedingungen zu \u00e4ndern. Diese \u00c4nderungen werden auf der Webseite tinyknit.eu verf\u00fcgbar gemacht.<\/p>\n<ol start=\"2\">\n<li>Preisinformationen und Zahlungsmethoden<br \/>\n2.1\u00a0 Alle Preise im Webshop von tinyknit.eu enthalten eine Mehrwertsteuer von 22 %.<\/li>\n<\/ol>\n<p>2.2 Die Preise gelten ab dem Zeitpunkt der Bestellung bis zum Ablauf des Zahlungsdatums der Bestellung (1 Tag nach der Bestellung).<\/p>\n<p>2.3 Der Webshop tinyknit.eu beh\u00e4lt sich das Recht vor, die Verkaufspreise zu \u00e4ndern. Diese \u00c4nderungen werden auf der Webseite tinyknit.eu verf\u00fcgbar gemacht.<\/p>\n<p>2.4 Eine Versandgeb\u00fchr wird zum Preis hinzugef\u00fcgt. Die Versandkosten h\u00e4ngen vom Standort des K\u00e4ufers und der Versandmethode ab. Die Versandkosten werden angezeigt, wenn der K\u00e4ufer die Bestellung aufgibt.<\/p>\n<p>2.5 Die Bestellung kann sicher \u00fcber estnische Banklinks (Swedbank, SEB, Luminor, Danske, LHV, Coop und Pocopay) bezahlt werden.<\/p>\n<p>2.6 Die Zahlung erfolgt au\u00dferhalb des Webshops in der sicheren Zahlungsumgebung des Dienstleisters Maksekeskus AS.<\/p>\n<p>2.7 Der Verk\u00e4ufer hat keinen Zugriff auf die Bankdaten und Kreditkartendaten des Kunden.<\/p>\n<p>2.8 Die Zahlung erfolgt in Euro.<\/p>\n<ol start=\"3\">\n<li>Bestellung aufgeben 3.1 F\u00fcgen Sie die gew\u00fcnschten Produkte Ihrem Warenkorb hinzu.<\/li>\n<\/ol>\n<p>3.2 Um eine Bestellung aufzugeben, klicken Sie zun\u00e4chst auf den Link \u201cBestellung aufgeben\u201d auf der Seite des Warenkorbs.<\/p>\n<p>3.3 F\u00fcllen Sie die erforderlichen Informationsfelder auf der Kassenseite aus, w\u00e4hlen Sie eine geeignete Versandmethode und klicken Sie auf den Link \u201cBestellung mit Zahlungsverpflichtung\u201d. Sie erhalten dann eine Rechnung, die Sie bequem \u00fcber einen Banklink (Swedbank, SEB, Nordea usw.) oder andere Bankzahlungsmethoden wie eine Euro-Zahlung bezahlen k\u00f6nnen. Die Details Ihrer Bestellung und eine Kopie der Rechnung werden auch per E-Mail an Sie gesendet.<\/p>\n<p>3.4 F\u00fcllen Sie die Felder auf den Informations- und Best\u00e4tigungsseiten sorgf\u00e4ltig aus, da die Genauigkeit und Richtigkeit der \u00fcbermittelten Daten die schnelle und reibungslose Lieferung Ihrer Eink\u00e4ufe sowie die sp\u00e4tere Abwicklung m\u00f6glicher Streitigkeiten und Beschwerden beeinflusst.<\/p>\n<p>3.5 Bestellungen, die \u00fcber den Webshop aufgegeben werden, werden t\u00e4glich von 9:00 bis 17:00 Uhr bearbeitet, au\u00dfer an Wochenenden (mit Ausnahme der Feiertage der Republik Estland).<\/p>\n<ol start=\"4\">\n<li>Inkrafttreten des Kaufvertrags 4.1 Mit dem Kaufvertrag verpflichtet sich der tinyknit.eu Webshop, dem Verbraucher verf\u00fcgbare und demn\u00e4chst hergestellte Waren sowie Waren, die der tinyknit.eu Webshop in Zukunft erwerben wird, zu liefern und deren Eigentum auf den Verbraucher zu \u00fcbertragen. Der Verbraucher verpflichtet sich wiederum, dem tinyknit.eu Webshop den auf der Rechnung angegebenen Betrag f\u00fcr die Waren zu bezahlen und die Waren anzunehmen.<\/li>\n<\/ol>\n<p>4.2 Bestellungen, die nicht bezahlt wurden, werden 48 Stunden nach Aufgabe der Bestellung storniert.<\/p>\n<p>4.3 Der Kaufvertrag tritt in Kraft, nachdem die Zahlung des Verbrauchers auf dem Bankkonto des Webshops eingegangen ist.<\/p>\n<ol start=\"5\">\n<li>Lieferung 5.1 Nach Inkrafttreten des Kaufvertrags stellt der tinyknit.eu-Webshop die Bestellung zusammen und \u00fcbergibt sie zur Lieferung an die Logistikpartner des Unternehmens.<\/li>\n<\/ol>\n<p>5.2 Die auf der Webseite des Webshops angegebenen Lieferzeiten gelten ab dem Zeitpunkt, an dem der Webshop die Zahlung f\u00fcr die Bestellung auf seinem Bankkonto erh\u00e4lt.<\/p>\n<p>5.3 Um Lieferverz\u00f6gerungen zu vermeiden, m\u00fcssen die Bestellformulare sorgf\u00e4ltig ausgef\u00fcllt werden und die angegebenen Lieferinformationen m\u00fcssen genau und g\u00fcltig sein.<\/p>\n<p>5.4 Der tinyknit.eu-Webshop ist nicht verantwortlich f\u00fcr Lieferverz\u00f6gerungen, wenn die Waren rechtzeitig an die Logistikpartner \u00fcbergeben wurden, aber die Lieferung aufgrund von Umst\u00e4nden, die der tinyknit.eu-Webshop nicht vorhersehen oder kontrollieren konnte, verz\u00f6gert wurde.<\/p>\n<p>5.5 Der Kunde kann beim Versand der Bestellung zwischen dem Lieferservice \u201c\u0421ourier Door-to-door\u201d oder der Abholung im Gesch\u00e4ft w\u00e4hlen.<\/p>\n<p>5.5.1 Es kann eine Wartezeit von 3-8 Tagen f\u00fcr die Lieferung geben.<\/p>\n<p>5.6 Lieferung der Bestellung per \u201c\u0421ourier Door-to-door\u201d.<\/p>\n<p>5.6.1 Es wird eine Liefergeb\u00fchr in H\u00f6he von 15 \u20ac (Harjumaa und Tallinn) bzw. 45 \u20ac (Estland) zum Bestellpreis hinzugef\u00fcgt.<\/p>\n<p>5.7 Wenn der Kunde bei Erhalt der Ware feststellt, dass ihm falsche oder defekte Waren zugesandt wurden oder die Ware nicht in gutem Zustand und in einer versiegelten Verpackung beim Kunden ankommt, muss der Onlineshop sofort per E-Mail an\u00a0<a href=\"mailto:info@tinyknit.eu\" target=\"_new\" rel=\"noopener\">info@tinyknit.eu<\/a>\u00a0benachrichtigt werden.<\/p>\n<ol start=\"6\">\n<li>R\u00fcckgaberecht 6.1 Nach Erhalt der Bestellung hat der K\u00e4ufer das Recht, innerhalb von 14 Tagen vom mit dem Onlineshop abgeschlossenen Vertrag zur\u00fcckzutreten. 6.2 Gekaufte Waren k\u00f6nnen nicht zur\u00fcckgegeben werden, wenn sie speziell f\u00fcr einen Kunden auf Sonderbestellung hergestellt oder gekauft wurden. Der zur\u00fcckgegebene Artikel muss sich in der Originalverpackung befinden und darf nicht verwendet worden sein. 6.3 Das R\u00fccktrittsrecht gilt nicht, wenn der K\u00e4ufer eine juristische Person ist.<\/li>\n<\/ol>\n<p>6.4 Um das 14-t\u00e4gige R\u00fccktrittsrecht auszu\u00fcben, d\u00fcrfen Sie die bestellten Waren nicht anderweitig verwenden als erforderlich, um die Beschaffenheit, Eigenschaften und Funktionsweise der Waren zu gew\u00e4hrleisten, \u00e4hnlich wie Sie die Waren in einem tats\u00e4chlichen Gesch\u00e4ft testen w\u00fcrden.<\/p>\n<p>6.5 Wenn die Waren f\u00fcr einen anderen Zweck als erforderlich zur Gew\u00e4hrleistung der Beschaffenheit, Eigenschaften und Funktionsweise der Waren verwendet wurden oder wenn Anzeichen von Nutzung oder Abnutzung vorliegen, hat der Onlineshop das Recht, den zur\u00fcckzuerstattenden Betrag entsprechend der Wertminderung der Waren zu senken.<\/p>\n<p>6.6 Um die Waren zur\u00fcckzusenden, m\u00fcssen Sie innerhalb von 14 Tagen nach Erhalt der Waren eine Widerrufserkl\u00e4rung an die E-Mail-Adresse\u00a0<a href=\"mailto:info@tinyknit.eu\" target=\"_new\" rel=\"noopener\">info@tinyknit.eu<\/a>\u00a0senden.<\/p>\n<p>6.7 Die Kosten f\u00fcr die R\u00fccksendung der Waren tr\u00e4gt der K\u00e4ufer, es sei denn, der Grund f\u00fcr die R\u00fccksendung liegt darin, dass ein r\u00fcckzahlungsf\u00e4higes Produkt nicht der Bestellung entspricht (z. B. ein falsches oder defektes Produkt).<\/p>\n<p>6.8 Der K\u00e4ufer muss die Waren innerhalb von 14 Tagen nach Abgabe der Widerrufserkl\u00e4rung zur\u00fccksenden oder einen Nachweis erbringen, dass er die Waren innerhalb des genannten Zeitraums an den Frachtf\u00fchrer \u00fcbergeben hat.<\/p>\n<p>6.9 Nach Erhalt der zur\u00fcckgesendeten Waren erstattet der Onlineshop dem K\u00e4ufer unverz\u00fcglich, sp\u00e4testens jedoch nach 14 Tagen, alle Zahlungen, die der Onlineshop aufgrund des Vertrags vom K\u00e4ufer erhalten hat.<\/p>\n<p>6.10 Der Onlineshop hat das Recht, die Erstattung zu verweigern, bis die zur\u00fcckgesendeten Waren eingegangen sind oder bis der K\u00e4ufer den Nachweis erbracht hat, dass er die Produkte zur\u00fcckgesandt hat, je nachdem, was zuerst eintritt.<\/p>\n<p>6.11 Wenn der K\u00e4ufer eine andere Versandart als die g\u00fcnstigste \u00fcbliche Versandart, die vom Onlineshop angeboten wird, deutlich gew\u00e4hlt hat, ist der Onlineshop nicht verpflichtet, die Kosten zu erstatten, die \u00fcber die \u00fcblichen Versandkosten hinausgehen.<\/p>\n<p>6.12 Der Onlineshop hat das Recht, vom Verkauf zur\u00fcckzutreten und vom K\u00e4ufer die R\u00fccksendung der Waren zu verlangen, wenn der angegebene Preis der Waren im Onlineshop aufgrund eines Fehlers deutlich niedriger ist als der Marktpreis der Waren.<\/p>\n<ol start=\"7\">\n<li>H\u00f6here Gewalt 7.1 Der Onlineshop tinyknit.eu haftet nicht f\u00fcr Sch\u00e4den, die dem Verbraucher entstehen, oder f\u00fcr Lieferverz\u00f6gerungen, wenn die Sch\u00e4den oder Verz\u00f6gerungen durch Umst\u00e4nde verursacht wurden, die der Onlineshop tinyknit.eu nicht vorhersehen oder kontrollieren konnte.<\/li>\n<\/ol>\n<ol start=\"8\">\n<li>Verarbeitung personenbezogener Daten 8.1 Durch die Eingabe ihrer Daten im Onlineshop und entsprechende Zustimmung stimmt der Verbraucher der Erhebung und Verarbeitung seiner personenbezogenen Daten (Name, Telefonnummer, Liefer- und\/oder Wohnadresse, E-Mail-Adresse) zu und der \u00dcbermittlung seiner personenbezogenen Daten an die Logistikpartner zur Lieferung der Waren.<\/li>\n<\/ol>\n<p>8.2 Der Onlineshop tinyknit.eu hat das Recht, die Wohnadresse oder andere Adresse des Verbrauchers f\u00fcr Werbung und andere Informationen an den Verbraucher zu verwenden.<\/p>\n<p>8.3 Der Verbraucher hat das Recht, die Erhebung und Verwendung seiner personenbezogenen Daten jederzeit zu untersagen, es sei denn, dies ist f\u00fcr die Durchsetzung eines Vertragsanspruchs oder f\u00fcr die Lieferung von Waren erforderlich.<\/p>\n<p>8.4 Elektronische personenbezogene Daten werden nur f\u00fcr Direktwerbung verwendet, wenn der Verbraucher hierf\u00fcr eine separate Einwilligung auf der Website tinyknit.eu erteilt hat. Der K\u00e4ufer kann sich jederzeit von Angeboten und Newslettern, die an seine E-Mail-Adresse gesendet werden, abmelden, indem er uns per E-Mail benachrichtigt oder den Anweisungen in einer E-Mail mit einem Angebot folgt.<\/p>\n<ol start=\"9\">\n<li>Beschwerdeverfahren 9.1 Der Onlineshop ist verantwortlich f\u00fcr die Nicht\u00fcbereinstimmung der verkauften Waren mit den Vertragsbedingungen oder f\u00fcr M\u00e4ngel, die zum Zeitpunkt der Lieferung bereits vorhanden waren und innerhalb von zwei Jahren nach der Lieferung der Waren beim K\u00e4ufer auftreten. Innerhalb der ersten sechs Monate nach der Lieferung wird davon ausgegangen, dass der Mangel zum Zeitpunkt der Lieferung vorhanden war. Es liegt in der Verantwortung des Onlineshops, das Gegenteil zu beweisen.<\/li>\n<\/ol>\n<p>9.2 Tritt ein Mangel auf, hat der Verbraucher das Recht, sich innerhalb von zwei Monaten unter Vorlage der Rechnung des Kaufs an den Onlineshop tinyknit.eu zu wenden.<\/p>\n<p>9.3 Wir fordern Sie auf, die Verwendung des Produkts bei Nicht\u00fcbereinstimmung oder M\u00e4ngeln einzustellen.<\/p>\n<p>9.4 Die Reparatur oder der Austausch defekter Waren wird zwischen dem Onlineshop und dem Verbraucher vereinbart. Die Kosten f\u00fcr die Reparatur der Waren tr\u00e4gt der Onlineshop tinyknit.eu.<\/p>\n<p>9.5 Der Onlineshop tinyknit.eu \u00fcbernimmt keine Haftung f\u00fcr M\u00e4ngel, die durch das Verschulden des Verbrauchers entstanden sind, sei es durch unsachgem\u00e4\u00dfe Lagerung oder nicht beabsichtigte Verwendung.<\/p>\n<p>9.6 Sollte das Produkt Nicht\u00fcbereinstimmungen oder M\u00e4ngel aufweisen, senden Sie Ihre Beschwerde per E-Mail an tinyknit.eu und geben Sie eine genaue Beschreibung der Nicht\u00fcbereinstimmung oder des Mangels des Produkts an.<\/p>\n<p>9.7 Beschwerden \u00fcber die Nicht\u00fcbereinstimmung oder M\u00e4ngel des Produkts m\u00fcssen innerhalb von zwei Monaten nach Feststellung der Nicht\u00fcbereinstimmung oder M\u00e4ngel eingereicht werden.<\/p>\n<p>9.8 Alle Beschwerden werden \u00fcberpr\u00fcft und die Verbraucher werden so bald wie m\u00f6glich, sp\u00e4testens jedoch innerhalb von 14 Tagen nach Erhalt der Beschwerde, kontaktiert.<\/p>\n<p>9.9 Der Verbraucher hat das Recht, eine Preisminderung oder eine Vertragsk\u00fcndigung und R\u00fcckerstattung der Waren vom Onlineshop tinyknit.eu zu verlangen, wenn der Onlineshop tinyknit.eu nicht in der Lage ist, das Produkt zu reparieren oder zu ersetzen, oder die Reparatur oder der Austausch des Produkts fehlschl\u00e4gt.<\/p>\n<ol start=\"10\">\n<li>Beilegung von Streitigkeiten Alle Beschwerden, die ein K\u00e4ufer \u00fcber den Onlineshop einreicht, m\u00fcssen per E-Mail an\u00a0<a href=\"mailto:info@hop.tinyknit.eu\" target=\"_new\" rel=\"noopener\">info@tinyknit.eu<\/a>\u00a0gesendet werden. Wenn der K\u00e4ufer und der Onlineshop die Streitigkeit nicht durch Vereinbarung beilegen k\u00f6nnen, kann der K\u00e4ufer sich an das Verbraucherstreitbeilegungsverfahren wenden. Hier k\u00f6nnen Sie die Verfahrensregeln einsehen und eine Beschwerde einreichen. Das Verbraucherstreitbeilegungsverfahren ist zust\u00e4ndig, um Streitigkeiten aus einem Vertrag zwischen einem K\u00e4ufer und dem Onlineshop beizulegen. Die Beilegung von Streitigkeiten durch das Verbraucherstreitbeilegungsverfahren ist f\u00fcr den K\u00e4ufer kostenlos. Ein K\u00e4ufer kann sich auch an die Streitbeilegungsstellen der Europ\u00e4ischen Union wenden.<\/li>\n<\/ol>\n","protected":false},"excerpt":{"rendered":"<p>G\u00fcltigkeit der Verkaufsbedingungen 1.1 Die Verkaufsbedingungen gelten zwischen dem K\u00e4ufer im Webshop tinyknit.eu (im Folgenden als \u201cVerbraucher\u201d bezeichnet) und dem<\/p>\n","protected":false},"author":1,"featured_media":0,"parent":0,"menu_order":0,"comment_status":"closed","ping_status":"closed","template":"","meta":{"footnotes":""},"class_list":["post-15121","page","type-page","status-publish","hentry"],"_links":{"self":[{"href":"https:\/\/tinyknit.eu\/de\/wp-json\/wp\/v2\/pages\/15121","targetHints":{"allow":["GET"]}}],"collection":[{"href":"https:\/\/tinyknit.eu\/de\/wp-json\/wp\/v2\/pages"}],"about":[{"href":"https:\/\/tinyknit.eu\/de\/wp-json\/wp\/v2\/types\/page"}],"author":[{"embeddable":true,"href":"https:\/\/tinyknit.eu\/de\/wp-json\/wp\/v2\/users\/1"}],"replies":[{"embeddable":true,"href":"https:\/\/tinyknit.eu\/de\/wp-json\/wp\/v2\/comments?post=15121"}],"version-history":[{"count":5,"href":"https:\/\/tinyknit.eu\/de\/wp-json\/wp\/v2\/pages\/15121\/revisions"}],"predecessor-version":[{"id":21522,"href":"https:\/\/tinyknit.eu\/de\/wp-json\/wp\/v2\/pages\/15121\/revisions\/21522"}],"wp:attachment":[{"href":"https:\/\/tinyknit.eu\/de\/wp-json\/wp\/v2\/media?parent=15121"}],"curies":[{"name":"wp","href":"https:\/\/api.w.org\/{rel}","templated":true}]}}