{"id":15114,"date":"2023-02-25T18:53:37","date_gmt":"2023-02-25T18:53:37","guid":{"rendered":"https:\/\/tinyknit.eu\/care-recommendations\/"},"modified":"2024-12-10T17:04:43","modified_gmt":"2024-12-10T17:04:43","slug":"pflegeempfehlungen","status":"publish","type":"page","link":"https:\/\/tinyknit.eu\/de\/pflegeempfehlungen\/","title":{"rendered":"Pflegeempfehlungen und Sicherheit"},"content":{"rendered":"\t\t<div data-elementor-type=\"wp-page\" data-elementor-id=\"15114\" class=\"elementor elementor-15114 elementor-11220\">\n\t\t\t\t\t\t<section class=\"wd-negative-gap elementor-section elementor-top-section elementor-element elementor-element-e40632f elementor-section-boxed elementor-section-height-default elementor-section-height-default\" data-id=\"e40632f\" data-element_type=\"section\">\n\t\t\t\t\t\t<div class=\"elementor-container elementor-column-gap-default\">\n\t\t\t\t\t<div class=\"elementor-column elementor-col-100 elementor-top-column elementor-element elementor-element-1152333\" data-id=\"1152333\" data-element_type=\"column\">\n\t\t\t<div class=\"elementor-widget-wrap elementor-element-populated\">\n\t\t\t\t\t\t<div class=\"elementor-element elementor-element-87e8417 wd-width-100 elementor-widget elementor-widget-wd_title\" data-id=\"87e8417\" data-element_type=\"widget\" data-widget_type=\"wd_title.default\">\n\t\t\t\t<div class=\"elementor-widget-container\">\n\t\t\t\t\t\t\t<div class=\"title-wrapper wd-set-mb reset-last-child wd-title-color-default wd-title-style-default wd-title-size-default text-center\">\n\n\t\t\t\n\t\t\t<div class=\"liner-continer\">\n\t\t\t\t<h4 class=\"woodmart-title-container title wd-fontsize-l\">Pflegeempfehlungen und Sicherheit<\/h4> \n\t\t\t\t\t\t\t<\/div>\n\n\t\t\t\t\t<\/div>\n\t\t\t\t\t\t<\/div>\n\t\t\t\t<\/div>\n\t\t\t\t\t<\/div>\n\t\t<\/div>\n\t\t\t\t\t<\/div>\n\t\t<\/section>\n\t\t\t\t<section class=\"wd-negative-gap elementor-section elementor-top-section elementor-element elementor-element-4461aed elementor-section-boxed elementor-section-height-default elementor-section-height-default\" data-id=\"4461aed\" data-element_type=\"section\">\n\t\t\t\t\t\t<div class=\"elementor-container elementor-column-gap-default\">\n\t\t\t\t\t<div class=\"elementor-column elementor-col-100 elementor-top-column elementor-element elementor-element-f3f1dad\" data-id=\"f3f1dad\" data-element_type=\"column\">\n\t\t\t<div class=\"elementor-widget-wrap elementor-element-populated\">\n\t\t\t\t\t\t<div class=\"elementor-element elementor-element-3f06b6b wd-width-100 elementor-widget elementor-widget-wd_title\" data-id=\"3f06b6b\" data-element_type=\"widget\" data-widget_type=\"wd_title.default\">\n\t\t\t\t<div class=\"elementor-widget-container\">\n\t\t\t\t\t\t\t<div class=\"title-wrapper wd-set-mb reset-last-child wd-title-color-default wd-title-style-default wd-title-size-default text-center\">\n\n\t\t\t\n\t\t\t<div class=\"liner-continer\">\n\t\t\t\t<h4 class=\"woodmart-title-container title wd-fontsize-l\">Schlafanzugspielzeug, Kissen, Kuscheltiere, Decken, Knitternde Spielzeuge, Stoffrasseln, Wohnkultur<\/h4> \n\t\t\t\t\t\t\t<\/div>\n\n\t\t\t\t\t<\/div>\n\t\t\t\t\t\t<\/div>\n\t\t\t\t<\/div>\n\t\t\t\t\t<\/div>\n\t\t<\/div>\n\t\t\t\t\t<\/div>\n\t\t<\/section>\n\t\t\t\t<section class=\"wd-negative-gap elementor-section elementor-top-section elementor-element elementor-element-baca7b3 elementor-section-boxed elementor-section-height-default elementor-section-height-default\" data-id=\"baca7b3\" data-element_type=\"section\">\n\t\t\t\t\t\t<div class=\"elementor-container elementor-column-gap-default\">\n\t\t\t\t\t<div class=\"elementor-column elementor-col-100 elementor-top-column elementor-element elementor-element-a6dbe25\" data-id=\"a6dbe25\" data-element_type=\"column\">\n\t\t\t<div class=\"elementor-widget-wrap elementor-element-populated\">\n\t\t\t\t\t\t<div class=\"elementor-element elementor-element-0a1c54b elementor-widget elementor-widget-wd_text_block\" data-id=\"0a1c54b\" data-element_type=\"widget\" data-widget_type=\"wd_text_block.default\">\n\t\t\t\t<div class=\"elementor-widget-container\">\n\t\t\t\t\t\t\t<div class=\"wd-text-block reset-last-child text-left\">\n\t\t\t\n\t\t\t<p data-pm-slice=\"1 1 []\"><strong>PFLEGE:<\/strong><\/p><p>\u2022 Um allergische Reaktionen zu vermeiden, verwenden Sie fl\u00fcssige und hypoallergene Waschmittel.<br>\u2022 Verwenden Sie den Schonwaschgang der Waschmaschine und stellen Sie die Temperatur auf 30 Grad f\u00fcr 30 Minuten ein.<br>\u2022 Um Besch\u00e4digungen zu vermeiden, empfehlen wir die Verwendung eines W\u00e4schenetzes.<br>\u2022 Legen Sie das Element nach dem Waschen flach zum Trocknen hin.<br>\u2022 Bleichen Sie nicht.<\/p><p>Zu Ihrer Sicherheit behandeln wir unsere Spielzeuge vor dem Versand nicht mit Waschmitteln. Sie k\u00f6nnen es selbst mit einem f\u00fcr Ihre Kinder geeigneten Waschmittel waschen. Sie k\u00f6nnen auch eine Dampfbehandlung ohne Verwendung von Chemikalien durchf\u00fchren.<\/p><p><strong>REGELN F\u00dcR DIE SICHERE VERWENDUNG:<\/strong><\/p><p>\u2022 Inspektionieren Sie das Spielzeug immer vor der Verwendung. Entsorgen Sie das Spielzeug bei den ersten Anzeichen von Verschlei\u00df oder Besch\u00e4digung.<br>\u2022 Erwachsenenaufsicht ist beim Gebrauch unserer Spielzeuge erforderlich. Besonders wenn die Spielzeuge kleine Plastikelemente wie Augen und Nase enthalten.<\/p>\n\t\t\t\t\t<\/div>\n\t\t\t\t\t\t<\/div>\n\t\t\t\t<\/div>\n\t\t\t\t<div class=\"elementor-element elementor-element-978311c elementor-widget-divider--view-line elementor-widget elementor-widget-divider\" data-id=\"978311c\" data-element_type=\"widget\" data-widget_type=\"divider.default\">\n\t\t\t\t<div class=\"elementor-widget-container\">\n\t\t\t\t\t\t\t<div class=\"elementor-divider\">\n\t\t\t<span class=\"elementor-divider-separator\">\n\t\t\t\t\t\t<\/span>\n\t\t<\/div>\n\t\t\t\t\t\t<\/div>\n\t\t\t\t<\/div>\n\t\t\t\t\t<\/div>\n\t\t<\/div>\n\t\t\t\t\t<\/div>\n\t\t<\/section>\n\t\t\t\t<section class=\"wd-negative-gap elementor-section elementor-top-section elementor-element elementor-element-ad3a22a elementor-section-boxed elementor-section-height-default elementor-section-height-default\" data-id=\"ad3a22a\" data-element_type=\"section\">\n\t\t\t\t\t\t<div class=\"elementor-container elementor-column-gap-default\">\n\t\t\t\t\t<div class=\"elementor-column elementor-col-100 elementor-top-column elementor-element elementor-element-ffce9cb\" data-id=\"ffce9cb\" data-element_type=\"column\">\n\t\t\t<div class=\"elementor-widget-wrap elementor-element-populated\">\n\t\t\t\t\t\t<div class=\"elementor-element elementor-element-b1b72b2 wd-width-100 elementor-widget elementor-widget-wd_title\" data-id=\"b1b72b2\" data-element_type=\"widget\" data-widget_type=\"wd_title.default\">\n\t\t\t\t<div class=\"elementor-widget-container\">\n\t\t\t\t\t\t\t<div class=\"title-wrapper wd-set-mb reset-last-child wd-title-color-default wd-title-style-default wd-title-size-default text-center\">\n\n\t\t\t\n\t\t\t<div class=\"liner-continer\">\n\t\t\t\t<h4 class=\"woodmart-title-container title wd-fontsize-l\">Gestrickte Rasseln<\/h4> \n\t\t\t\t\t\t\t<\/div>\n\n\t\t\t\t\t\t\t<div class=\"title-after_title reset-last-child wd-fontsize-xs\">\n\t\t\t\t\t<p><em>Gestrickte Rasseln mit Holzring<\/em><\/p>\t\t\t\t<\/div>\n\t\t\t\t\t<\/div>\n\t\t\t\t\t\t<\/div>\n\t\t\t\t<\/div>\n\t\t\t\t\t<\/div>\n\t\t<\/div>\n\t\t\t\t\t<\/div>\n\t\t<\/section>\n\t\t\t\t<section class=\"wd-negative-gap elementor-section elementor-top-section elementor-element elementor-element-ed7139c elementor-section-boxed elementor-section-height-default elementor-section-height-default\" data-id=\"ed7139c\" data-element_type=\"section\">\n\t\t\t\t\t\t<div class=\"elementor-container elementor-column-gap-default\">\n\t\t\t\t\t<div class=\"elementor-column elementor-col-100 elementor-top-column elementor-element elementor-element-8d1fafa\" data-id=\"8d1fafa\" data-element_type=\"column\">\n\t\t\t<div class=\"elementor-widget-wrap elementor-element-populated\">\n\t\t\t\t\t\t<div class=\"elementor-element elementor-element-b2715a2 elementor-widget elementor-widget-wd_text_block\" data-id=\"b2715a2\" data-element_type=\"widget\" data-widget_type=\"wd_text_block.default\">\n\t\t\t\t<div class=\"elementor-widget-container\">\n\t\t\t\t\t\t\t<div class=\"wd-text-block reset-last-child text-left\">\n\t\t\t\n\t\t\t<p data-pm-slice=\"1 1 []\"><strong>PFLEGE:<\/strong><\/p><p>Tauchen Sie nicht ein und lassen Sie es im Wasser liegen, dies kann dazu f\u00fchren, dass das Holz austrocknet und m\u00f6glicherweise splittert oder rei\u00dft. Reinigen Sie mit einem Waschlappen, milder Seife und Wasser.<\/p><p><strong>REGELN F\u00dcR DIE SICHERE VERWENDUNG:<\/strong><\/p><p>Bitte verwenden Sie das Produkt nur unter st\u00e4ndiger Aufsicht eines Erwachsenen zur Sicherheit Ihres Babys. \u00dcberpr\u00fcfen Sie regelm\u00e4\u00dfig auf m\u00f6gliche Sch\u00e4den vor jedem Gebrauch. Entsorgen Sie das Produkt bei den ersten Anzeichen von Verschlei\u00df oder Besch\u00e4digung.<\/p>\n\t\t\t\t\t<\/div>\n\t\t\t\t\t\t<\/div>\n\t\t\t\t<\/div>\n\t\t\t\t<div class=\"elementor-element elementor-element-38cad82 elementor-widget-divider--view-line elementor-widget elementor-widget-divider\" data-id=\"38cad82\" data-element_type=\"widget\" data-widget_type=\"divider.default\">\n\t\t\t\t<div class=\"elementor-widget-container\">\n\t\t\t\t\t\t\t<div class=\"elementor-divider\">\n\t\t\t<span class=\"elementor-divider-separator\">\n\t\t\t\t\t\t<\/span>\n\t\t<\/div>\n\t\t\t\t\t\t<\/div>\n\t\t\t\t<\/div>\n\t\t\t\t\t<\/div>\n\t\t<\/div>\n\t\t\t\t\t<\/div>\n\t\t<\/section>\n\t\t\t\t<\/div>\n\t\t","protected":false},"excerpt":{"rendered":"<p>Pflegeempfehlungen und Sicherheit Schlafanzugspielzeug, Kissen, Kuscheltiere, Decken, Knitternde Spielzeuge, Stoffrasseln, Wohnkultur PFLEGE: \u2022 Um allergische Reaktionen zu vermeiden, verwenden Sie<\/p>\n","protected":false},"author":1,"featured_media":0,"parent":0,"menu_order":0,"comment_status":"closed","ping_status":"closed","template":"","meta":{"footnotes":""},"class_list":["post-15114","page","type-page","status-publish","hentry"],"_links":{"self":[{"href":"https:\/\/tinyknit.eu\/de\/wp-json\/wp\/v2\/pages\/15114","targetHints":{"allow":["GET"]}}],"collection":[{"href":"https:\/\/tinyknit.eu\/de\/wp-json\/wp\/v2\/pages"}],"about":[{"href":"https:\/\/tinyknit.eu\/de\/wp-json\/wp\/v2\/types\/page"}],"author":[{"embeddable":true,"href":"https:\/\/tinyknit.eu\/de\/wp-json\/wp\/v2\/users\/1"}],"replies":[{"embeddable":true,"href":"https:\/\/tinyknit.eu\/de\/wp-json\/wp\/v2\/comments?post=15114"}],"version-history":[{"count":7,"href":"https:\/\/tinyknit.eu\/de\/wp-json\/wp\/v2\/pages\/15114\/revisions"}],"predecessor-version":[{"id":24772,"href":"https:\/\/tinyknit.eu\/de\/wp-json\/wp\/v2\/pages\/15114\/revisions\/24772"}],"wp:attachment":[{"href":"https:\/\/tinyknit.eu\/de\/wp-json\/wp\/v2\/media?parent=15114"}],"curies":[{"name":"wp","href":"https:\/\/api.w.org\/{rel}","templated":true}]}}